{"id":90,"date":"2013-08-11T19:22:53","date_gmt":"2013-08-11T19:22:53","guid":{"rendered":"http:\/\/localhost:8888\/test\/?page_id=532"},"modified":"2022-11-09T15:27:29","modified_gmt":"2022-11-09T15:27:29","slug":"contactos","status":"publish","type":"page","link":"https:\/\/bricofel.com\/site\/contactos\/","title":{"rendered":"Contactos"},"content":{"rendered":"\n\t<section class=\"section\" id=\"section_1117126340\">\n\t\t<div class=\"bg section-bg fill bg-fill  bg-loaded\" >\n\n\t\t\t\n\t\t\t\n\t\t\t\n\n\t\t<\/div>\n\n\t\t\n\n\t\t<div class=\"section-content relative\">\n\t\t\t\n\n\n  <div class=\"banner has-hover\" id=\"banner-1280444423\">\n          <div class=\"banner-inner fill\">\n        <div class=\"banner-bg fill\" >\n            <div class=\"bg fill bg-fill \"><\/div>\n                                    \n                    <\/div>\n\t\t\n        <div class=\"banner-layers container\">\n            <div class=\"fill banner-link\"><\/div>            \n\n   <div id=\"text-box-1989658527\" class=\"text-box banner-layer x50 md-x50 lg-x50 y50 md-y50 lg-y50 res-text\">\n                                <div class=\"text-box-content text dark\">\n              \n              <div class=\"text-inner text-center\">\n                  \n\n<h3 class=\"uppercase\"><strong>Contactos<\/strong><\/h3>\n\n              <\/div>\n           <\/div>\n                            \n<style>\n#text-box-1989658527 {\n  width: 60%;\n}\n#text-box-1989658527 .text-box-content {\n  font-size: 100%;\n}\n<\/style>\n    <\/div>\n \n\n        <\/div>\n      <\/div>\n\n            \n<style>\n#banner-1280444423 {\n  padding-top: 250px;\n}\n#banner-1280444423 .bg.bg-loaded {\n  background-image: url(https:\/\/bricofel.com\/site\/wp-content\/uploads\/2022\/06\/Contactos-1203x800.jpg);\n}\n#banner-1280444423 .bg {\n  background-position: 42% 58%;\n}\n#banner-1280444423 .ux-shape-divider--top svg {\n  height: 150px;\n  --divider-top-width: 100%;\n}\n#banner-1280444423 .ux-shape-divider--bottom svg {\n  height: 150px;\n  --divider-width: 100%;\n}\n<\/style>\n  <\/div>\n\n\n\n\t\t<\/div>\n\n\t\t\n<style>\n#section_1117126340 {\n  padding-top: 30px;\n  padding-bottom: 30px;\n}\n#section_1117126340 .ux-shape-divider--top svg {\n  height: 150px;\n  --divider-top-width: 100%;\n}\n#section_1117126340 .ux-shape-divider--bottom svg {\n  height: 150px;\n  --divider-width: 100%;\n}\n<\/style>\n\t<\/section>\n\t\n<div class=\"row\"  id=\"row-1277168978\">\n\n\n\t<div id=\"col-108538502\" class=\"col medium-6 large-6\"  >\n\t\t\t\t<div class=\"col-inner\"  >\n\t\t\t\n\t\t\t\n\n<div class=\"container section-title-container\" ><h3 class=\"section-title section-title-normal\"><b><\/b><span class=\"section-title-main\" >Como podemos ajudar?<\/span><b><\/b><\/h3><\/div>\n\n<p>Temos uma equipa especializada de colaboradores nas \u00e1reas de constru\u00e7\u00e3o, serralharia, serra\u00e7\u00e3o, oficina e bricolage, sempre dispon\u00edveis para o(a) ajudar na escolha adequada das suas m\u00e1quinas e ferramentas.<br>\nNa sua loja Bricofel disp\u00f5e de atendimento personalizado e poder\u00e1 encontrar uma grande diversidade.<\/p>\n\t<div id=\"gap-1099749788\" class=\"gap-element clearfix\" style=\"display:block; height:auto;\">\n\t\t\n<style>\n#gap-1099749788 {\n  padding-top: 20px;\n}\n<\/style>\n\t<\/div>\n\t\n\n<h3>PERGUNTAS FREQUENTES<\/h3>\n<div class=\"accordion\" rel=\"\">\n\n<div class=\"accordion-item\"><a href=\"#\" class=\"accordion-title plain\"><button class=\"toggle\"><i class=\"icon-angle-down\"><\/i><\/button><span>Fazem entregas ao destinat\u00e1rio?<\/span><\/a><div class=\"accordion-inner\">\n\n<p>Sim, todos os nossos produtos podem ser entregues em morada a indicar, por transportadora ou pelos nossos servi\u00e7os de transporte. Este servi\u00e7o poder\u00e1 estar sujeito a custos de entrega.<\/p>\n\n<\/div><\/div>\n<div class=\"accordion-item\"><a href=\"#\" class=\"accordion-title plain\"><button class=\"toggle\"><i class=\"icon-angle-down\"><\/i><\/button><span>Fazem a instala\u00e7\u00e3o e manuten\u00e7\u00e3o dos equipamentos?<\/span><\/a><div class=\"accordion-inner\">\n\n<p>Sim, a instala\u00e7\u00e3o e manuten\u00e7\u00e3o \u00e9 assegurada pela Bricofel.<\/p>\n<p>Este servi\u00e7o poder\u00e1 estar sujeito a custos.<\/p>\n\n<\/div><\/div>\n\n<\/div>\n\n\t\t<\/div>\n\t\t\t\t\t<\/div>\n\n\t\n\n\t<div id=\"col-2088740484\" class=\"col medium-6 large-6\"  >\n\t\t\t\t<div class=\"col-inner\"  >\n\t\t\t\n\t\t\t\n\n<div class=\"container section-title-container\" ><h3 class=\"section-title section-title-normal\"><b><\/b><span class=\"section-title-main\" >FORMUL\u00c1RIO DE CONTACTO<\/span><b><\/b><\/h3><\/div>\n\n<div class=\"wpforms-container wpforms-container-full\" id=\"wpforms-454\"><form id=\"wpforms-form-454\" class=\"wpforms-validate wpforms-form wpforms-ajax-form\" data-formid=\"454\" method=\"post\" enctype=\"multipart\/form-data\" action=\"\/site\/wp-json\/wp\/v2\/pages\/90\" data-token=\"43a9cbf325d6472743f98036357b66e4\"><noscript class=\"wpforms-error-noscript\">Please enable JavaScript in your browser to complete this form.<\/noscript><div class=\"wpforms-field-container\"><div id=\"wpforms-454-field_1-container\" class=\"wpforms-field wpforms-field-name\" data-field-id=\"1\"><label class=\"wpforms-field-label wpforms-label-hide\" for=\"wpforms-454-field_1\">Nome <span class=\"wpforms-required-label\">*<\/span><\/label><input type=\"text\" id=\"wpforms-454-field_1\" class=\"wpforms-field-large wpforms-field-required\" name=\"wpforms[fields][1]\" placeholder=\"Nome\" required><\/div><div id=\"wpforms-454-field_2-container\" class=\"wpforms-field wpforms-field-email\" data-field-id=\"2\"><label class=\"wpforms-field-label wpforms-label-hide\" for=\"wpforms-454-field_2\">Email <span class=\"wpforms-required-label\">*<\/span><\/label><input type=\"email\" id=\"wpforms-454-field_2\" class=\"wpforms-field-large wpforms-field-required\" name=\"wpforms[fields][2]\" placeholder=\"Email\" required><\/div><div id=\"wpforms-454-field_3-container\" class=\"wpforms-field wpforms-field-phone\" data-field-id=\"3\"><label class=\"wpforms-field-label\" for=\"wpforms-454-field_3\">Telefone<\/label><input type=\"tel\" id=\"wpforms-454-field_3\" class=\"wpforms-field-large wpforms-smart-phone-field\" data-rule-smart-phone-field=\"true\" name=\"wpforms[fields][3]\" placeholder=\"Telefone\" ><\/div><div id=\"wpforms-454-field_4-container\" class=\"wpforms-field wpforms-field-textarea\" data-field-id=\"4\"><label class=\"wpforms-field-label wpforms-label-hide\" for=\"wpforms-454-field_4\">Mensagem<\/label><textarea id=\"wpforms-454-field_4\" class=\"wpforms-field-large\" name=\"wpforms[fields][4]\" placeholder=\"Mensagem\" ><\/textarea><\/div><div id=\"wpforms-454-field_5-container\" class=\"wpforms-field wpforms-field-checkbox\" data-field-id=\"5\"><label class=\"wpforms-field-label wpforms-label-hide\" for=\"wpforms-454-field_5\">Politica <span class=\"wpforms-required-label\">*<\/span><\/label><ul id=\"wpforms-454-field_5\" class=\"wpforms-field-required\"><li class=\"choice-1 depth-1\"><input type=\"checkbox\" id=\"wpforms-454-field_5_1\" name=\"wpforms[fields][5][]\" value=\"Declaro que li e aceito a pol\u00edtica de privacidade.\" required ><label class=\"wpforms-field-label-inline\" for=\"wpforms-454-field_5_1\">Declaro que li e aceito a pol\u00edtica de privacidade.<\/label><\/li><\/ul><\/div><\/div><div class=\"wpforms-recaptcha-container wpforms-is-recaptcha\"><div class=\"g-recaptcha\" data-sitekey=\"6LeG_gcjAAAAAANZCDZb9e3jLtHnasQFVE8mksZ0\"><\/div><input type=\"text\" name=\"g-recaptcha-hidden\" class=\"wpforms-recaptcha-hidden\" style=\"position:absolute!important;clip:rect(0,0,0,0)!important;height:1px!important;width:1px!important;border:0!important;overflow:hidden!important;padding:0!important;margin:0!important;\" required><\/div><div class=\"wpforms-submit-container\"><input type=\"hidden\" name=\"wpforms[id]\" value=\"454\"><input type=\"hidden\" name=\"wpforms[author]\" value=\"1\"><button type=\"submit\" name=\"wpforms[submit]\" id=\"wpforms-submit-454\" class=\"wpforms-submit\" data-alt-text=\"A enviar ...\" data-submit-text=\"Enviar\" aria-live=\"assertive\" value=\"wpforms-submit\">Enviar<\/button><img loading=\"lazy\" decoding=\"async\" src=\"https:\/\/bricofel.com\/site\/wp-content\/plugins\/wpforms\/assets\/images\/submit-spin.svg\" class=\"wpforms-submit-spinner\" style=\"display: none;\" width=\"26\" height=\"26\" alt=\"\"><\/div><\/form><\/div>  <!-- .wpforms-container -->\n\n\t\t<\/div>\n\t\t\t\t\t<\/div>\n\n\t\n\n<\/div>\n\t<section class=\"section\" id=\"section_131839281\">\n\t\t<div class=\"bg section-bg fill bg-fill  bg-loaded\" >\n\n\t\t\t\n\t\t\t\n\t\t\t\n\n\t\t<\/div>\n\n\t\t\n\n\t\t<div class=\"section-content relative\">\n\t\t\t\n\n<div class=\"row\"  id=\"row-423534111\">\n\n\n\t<div id=\"col-1456122442\" class=\"col medium-4 small-12 large-4\"  >\n\t\t\t\t<div class=\"col-inner\"  >\n\t\t\t\n\t\t\t\n\n<div class=\"container section-title-container\" ><h3 class=\"section-title section-title-normal\"><b><\/b><span class=\"section-title-main\" >SEDE<\/span><b><\/b><\/h3><\/div>\n\n<div class=\"vc_row wpb_row vc_row-fluid\">\n<div class=\"wpb_column vc_column_container vc_col-sm-12\">\n<div class=\"vc_column-inner\">\n<div class=\"wpb_wrapper\">\n<div class=\"wpb_text_column wpb_content_element\">\n<div class=\"wpb_wrapper\">\n<ul>\n<li>Zona Industrial das Cantarias, lote 167 5300-252 Bragan\u00e7a (Portugal)<\/li>\n<li>Telefone: <a style=\"font-size: 14.4px;\" href=\"tel:+351273327463\" target=\"_blank\" rel=\"noopener\">(+351) 273 327 463<\/a><br> (Chamada para a rede fixa nacional)<\/li>\n<li>Email:&nbsp;<a style=\"font-size: 14.4px;\" href=\"mailto:info@bricofel.com\" target=\"_blank\" rel=\"noopener\">info@bricofel.com<\/a><\/li>\n<\/ul>\n<\/div>\n<\/div>\n<\/div>\n<\/div>\n<\/div>\n<\/div>\n\n\n\t\t<\/div>\n\t\t\t\t\t<\/div>\n\n\t\n\n\t<div id=\"col-332898350\" class=\"col medium-4 small-12 large-4\"  >\n\t\t\t\t<div class=\"col-inner\"  >\n\t\t\t\n\t\t\t\n\n<div class=\"container section-title-container\" ><h3 class=\"section-title section-title-normal\"><b><\/b><span class=\"section-title-main\" >GERAL<\/span><b><\/b><\/h3><\/div>\n\n<ul>\n<li>Telefone:&nbsp;<a href=\"tel:+351273327463\" target=\"_blank\" rel=\"noopener\">(+351) 273 327 463<\/a><br>(Chamada para a rede fixa nacional)<\/li>\n<li>Email: <a style=\"font-size: 14.4px;\" href=\"mailto:info@bricofel.com\" target=\"_blank\" rel=\"noopener\">info@bricofel.com<\/a><\/li>\n<\/ul>\n\n\n\t\t<\/div>\n\t\t\t\t\t<\/div>\n\n\t\n\n\t<div id=\"col-215265672\" class=\"col medium-4 small-12 large-4\"  >\n\t\t\t\t<div class=\"col-inner\"  >\n\t\t\t\n\t\t\t\n\n<div class=\"container section-title-container\" ><h3 class=\"section-title section-title-normal\"><b><\/b><span class=\"section-title-main\" >ASSIST\u00caNCIA T\u00c9CNICA<\/span><b><\/b><\/h3><\/div>\n\n<ul>\n<li><i class=\"fa fa-phone-square\"><\/i>Telefone:&nbsp;<a href=\"tel:+351273327463\" target=\"_blank\" rel=\"noopener\">(+351) 273 327 463<\/a><br>(Chamada para a rede fixa nacional)<\/li>\n<li>Email:&nbsp;<a style=\"font-size: 14.4px;\" href=\"mailto:assistencia@bricofel.com\" target=\"_blank\" rel=\"noopener\">assistencia@bricofel.com<\/a><\/li>\n<\/ul>\n\n\n\t\t<\/div>\n\t\t\t\t\t<\/div>\n\n\t\n\n<\/div>\n\n\t\t<\/div>\n\n\t\t\n<style>\n#section_131839281 {\n  padding-top: 30px;\n  padding-bottom: 30px;\n}\n#section_131839281 .ux-shape-divider--top svg {\n  height: 150px;\n  --divider-top-width: 100%;\n}\n#section_131839281 .ux-shape-divider--bottom svg {\n  height: 150px;\n  --divider-width: 100%;\n}\n<\/style>\n\t<\/section>\n\t\n<p>&nbsp;<\/p>\n<p><iframe src=\"https:\/\/www.google.com\/maps\/embed?pb=!1m18!1m12!1m3!1d2974.7509333441885!2d-6.782235484320329!3d41.79058107886498!2m3!1f0!2f0!3f0!3m2!1i1024!2i768!4f13.1!3m3!1m2!1s0xd3a4a256bfdedf9%3A0x60ceaae9a7e88d5c!2sBricofel%20-%20Com%C3%A9rcio%20de%20M%C3%A1quinas%20e%20Equipamentos%20Industriais!5e0!3m2!1spt-PT!2spt!4v1655812451097!5m2!1spt-PT!2spt\" width=\"100%\" height=\"550\" style=\"border:0;\" allowfullscreen=\"\" loading=\"lazy\" referrerpolicy=\"no-referrer-when-downgrade\"><\/iframe><\/p>\n","protected":false},"excerpt":{"rendered":"","protected":false},"author":1,"featured_media":18,"parent":0,"menu_order":0,"comment_status":"closed","ping_status":"closed","template":"page-blank.php","meta":{"footnotes":""},"class_list":["post-90","page","type-page","status-publish","has-post-thumbnail","hentry"],"aioseo_notices":[],"_links":{"self":[{"href":"https:\/\/bricofel.com\/site\/wp-json\/wp\/v2\/pages\/90","targetHints":{"allow":["GET"]}}],"collection":[{"href":"https:\/\/bricofel.com\/site\/wp-json\/wp\/v2\/pages"}],"about":[{"href":"https:\/\/bricofel.com\/site\/wp-json\/wp\/v2\/types\/page"}],"author":[{"embeddable":true,"href":"https:\/\/bricofel.com\/site\/wp-json\/wp\/v2\/users\/1"}],"replies":[{"embeddable":true,"href":"https:\/\/bricofel.com\/site\/wp-json\/wp\/v2\/comments?post=90"}],"version-history":[{"count":0,"href":"https:\/\/bricofel.com\/site\/wp-json\/wp\/v2\/pages\/90\/revisions"}],"wp:featuredmedia":[{"embeddable":true,"href":"https:\/\/bricofel.com\/site\/wp-json\/wp\/v2\/media\/18"}],"wp:attachment":[{"href":"https:\/\/bricofel.com\/site\/wp-json\/wp\/v2\/media?parent=90"}],"curies":[{"name":"wp","href":"https:\/\/api.w.org\/{rel}","templated":true}]}}