{"id":1064,"date":"2022-06-23T10:40:00","date_gmt":"2022-06-23T10:40:00","guid":{"rendered":"https:\/\/bricofel.com\/site\/?post_type=product&#038;p=1064"},"modified":"2022-06-23T10:42:25","modified_gmt":"2022-06-23T10:42:25","slug":"soprador-bhx2501-4-tempos-245-cm%c2%b3-makita","status":"publish","type":"product","link":"https:\/\/bricofel.com\/site\/product\/soprador-bhx2501-4-tempos-245-cm%c2%b3-makita\/","title":{"rendered":"Soprador BHX2501 4 tempos, 24,5 cm"},"content":{"rendered":"<div class=\"productPageContentBlock-ProductDescText\">\n<h3 id=\"product_shortdescription_13835718\">Motor de 4 tempos potente, ecol\u00f3gico e econ\u00f3mico<\/h3>\n<\/div>\n<div id=\"productBulletText_\" class=\"productPageContentBlock-ProductBulletText text-sm\">\n<ul>\n<li>Motor de 4 tempos MM4: mais ecol\u00f3gico e potente que o motor de 2 tempos.<\/li>\n<li>Funciona a gasolina sem chumbo super sem mistura.<\/li>\n<li>Consumo reduzido em 40%.<\/li>\n<li>Ru\u00eddo 4 vezes inferior (comparativamente com o motor de 2 tempos equivalente).<\/li>\n<li>Repara\u00e7\u00e3o e manuten\u00e7\u00e3o simplificadas.<\/li>\n<li>Arranque f\u00e1cil.<\/li>\n<li>Pega ergon\u00f3mica integrada no reservat\u00f3rio para a posi\u00e7\u00e3o de aspira\u00e7\u00e3o.<\/li>\n<li>Leve e f\u00e1cil de manusear.<\/li>\n<\/ul>\n<\/div>\n<div class=\"productPageContentBlock-ProductOrderingInfo\">\n<div class=\"productBoxContent\"><span class=\"text\">Fornecido com tubo de proje\u00e7\u00e3o de ar<\/span><\/div>\n<\/div>\n","protected":false},"excerpt":{"rendered":"<h3 id=\"product_shortdescription_13835718\">Motor de 4 tempos potente, ecol\u00f3gico e econ\u00f3mico<\/h3>\n","protected":false},"featured_media":1067,"template":"","meta":[],"product_cat":[111,118],"product_tag":[],"class_list":["post-1064","product","type-product","status-publish","has-post-thumbnail","hentry","product_cat-floresta-e-jardim","product_cat-sopradores","product_brand-makita"],"aioseo_notices":[],"_links":{"self":[{"href":"https:\/\/bricofel.com\/site\/wp-json\/wp\/v2\/product\/1064","targetHints":{"allow":["GET"]}}],"collection":[{"href":"https:\/\/bricofel.com\/site\/wp-json\/wp\/v2\/product"}],"about":[{"href":"https:\/\/bricofel.com\/site\/wp-json\/wp\/v2\/types\/product"}],"wp:featuredmedia":[{"embeddable":true,"href":"https:\/\/bricofel.com\/site\/wp-json\/wp\/v2\/media\/1067"}],"wp:attachment":[{"href":"https:\/\/bricofel.com\/site\/wp-json\/wp\/v2\/media?parent=1064"}],"wp:term":[{"taxonomy":"product_cat","embeddable":true,"href":"https:\/\/bricofel.com\/site\/wp-json\/wp\/v2\/product_cat?post=1064"},{"taxonomy":"product_tag","embeddable":true,"href":"https:\/\/bricofel.com\/site\/wp-json\/wp\/v2\/product_tag?post=1064"}],"curies":[{"name":"wp","href":"https:\/\/api.w.org\/{rel}","templated":true}]}}