{"id":1199,"date":"2022-06-23T13:35:59","date_gmt":"2022-06-23T13:35:59","guid":{"rendered":"https:\/\/bricofel.com\/site\/?post_type=product&#038;p=1199"},"modified":"2022-06-23T13:36:01","modified_gmt":"2022-06-23T13:36:01","slug":"luva-de-nylon-ultra-fina-galga-18-cobertura-poliuretano-cor-preta","status":"publish","type":"product","link":"https:\/\/bricofel.com\/site\/product\/luva-de-nylon-ultra-fina-galga-18-cobertura-poliuretano-cor-preta\/","title":{"rendered":"Luva de nylon ultra-fina (galga 18) cobertura poliuretano cor preta"},"content":{"rendered":"<p><span class=\"main\">Luva de nylon ultra-fina (galga 18) cobertura poliuretano cor preta<\/span>\u00a0Aplica\u00e7\u00f5es:<br \/>\nManuseamento Geral. Riscos Mec\u00e2nicos.<br \/>\nLuva para riscos mec\u00e2nicos mas que requeiram tato, fiabilidade, conforto e precis\u00e3o, como montagens de pe\u00e7as pequenas, alta tecnologia, eletr\u00f3nica, salas brancas, embalagem, utiliza\u00e7\u00e3o de ferramentas, automa\u00e7\u00e3o, canaliza\u00e7\u00e3o, armazenamento\u2026<\/p>\n<p>Caracter\u00edsticas e vantagens:<br \/>\n\u2013 Poliuretano proporciona a luva uma excelente resist\u00eancia \u00e0 abras\u00e3o e transpirabilidade.<br \/>\n\u2013 M\u00e1ximo n\u00edvel de destreza (n\u00edvel 5). A luva oferece os m\u00ednimos obst\u00e1culos \u00e0 realiza\u00e7\u00e3o de gestos ou ao tato.<br \/>\n\u2013 A sua base de nylon ultra-fino (galga 18) e a sua leve cobertura de poliuretano proporcionam um conforto, transpirabilidade e sensibilidade t\u00e1til insuper\u00e1vel.<\/p>\n<p>Tamanho 7|8|9|10<\/p>\n","protected":false},"excerpt":{"rendered":"<p>Luva de nylon ultra-fina (galga 18) cobertura poliuretano cor preta\u00a0Aplica\u00e7\u00f5es: Manuseamento Geral. Riscos Mec\u00e2nicos. Luva para riscos mec\u00e2nicos mas que requeiram tato, fiabilidade, conforto e precis\u00e3o, como montagens de pe\u00e7as pequenas, alta tecnologia, eletr\u00f3nica, salas brancas, embalagem, utiliza\u00e7\u00e3o de ferramentas, automa\u00e7\u00e3o, canaliza\u00e7\u00e3o, armazenamento\u2026 Caracter\u00edsticas e vantagens: \u2013 Poliuretano proporciona a luva uma excelente resist\u00eancia \u00e0 [&#8230;]\n","protected":false},"featured_media":1202,"template":"","meta":[],"product_cat":[94,88],"product_tag":[],"class_list":["post-1199","product","type-product","status-publish","has-post-thumbnail","hentry","product_cat-proteccao-das-maos","product_cat-protecao-e-seguranca","product_brand-marca"],"aioseo_notices":[],"_links":{"self":[{"href":"https:\/\/bricofel.com\/site\/wp-json\/wp\/v2\/product\/1199","targetHints":{"allow":["GET"]}}],"collection":[{"href":"https:\/\/bricofel.com\/site\/wp-json\/wp\/v2\/product"}],"about":[{"href":"https:\/\/bricofel.com\/site\/wp-json\/wp\/v2\/types\/product"}],"wp:featuredmedia":[{"embeddable":true,"href":"https:\/\/bricofel.com\/site\/wp-json\/wp\/v2\/media\/1202"}],"wp:attachment":[{"href":"https:\/\/bricofel.com\/site\/wp-json\/wp\/v2\/media?parent=1199"}],"wp:term":[{"taxonomy":"product_cat","embeddable":true,"href":"https:\/\/bricofel.com\/site\/wp-json\/wp\/v2\/product_cat?post=1199"},{"taxonomy":"product_tag","embeddable":true,"href":"https:\/\/bricofel.com\/site\/wp-json\/wp\/v2\/product_tag?post=1199"}],"curies":[{"name":"wp","href":"https:\/\/api.w.org\/{rel}","templated":true}]}}