{"id":1220,"date":"2022-06-23T13:55:02","date_gmt":"2022-06-23T13:55:02","guid":{"rendered":"https:\/\/bricofel.com\/site\/?post_type=product&#038;p=1220"},"modified":"2022-06-23T13:57:12","modified_gmt":"2022-06-23T13:57:12","slug":"fato-macaco-de-protecao-4565-3m","status":"publish","type":"product","link":"https:\/\/bricofel.com\/site\/product\/fato-macaco-de-protecao-4565-3m\/","title":{"rendered":"Fato-macaco de prote\u00e7\u00e3o 4565 3M\u2122"},"content":{"rendered":"<ul class=\"MMM--pdpList SNAPS--bullets\">\n<li>Fato de prote\u00e7\u00e3o Tipo 4\/5\/6, desenvolvido para oferecer uma muito boa barreira contra part\u00edculas, salpicos e pulveriza\u00e7\u00f5es de l\u00edquidos perigosos<\/li>\n<li>Feito em material n\u00e3o-tecido laminado PE bicomponente com muito baixa elimina\u00e7\u00e3o de fiapos para conforto evidente<\/li>\n<li>Capucha de 3 pain\u00e9is, fecho de correr bidirecional com fita vedante com el\u00e1stico nas costas e tornozelos, para reduzir o risco de exposi\u00e7\u00e3o cut\u00e2nea<\/li>\n<li>As costuras revestidas em todo o fato para resist\u00eancia aumentada reduzem o risco de rotura e exposi\u00e7\u00e3o<\/li>\n<li>Prote\u00e7\u00e3o contra agentes biol\u00f3gicos segundo a EN 14126<\/li>\n<li>O revestimento anti est\u00e1tico, norma EN 1149-5, reduz a descarga est\u00e1tica e o risco de chispas<\/li>\n<li>EN 1073-2 Resist\u00eancia a part\u00edculas nucleares classe 2<\/li>\n<\/ul>\n<p class=\"SNAPS--pdpTabDes\">O 3M\u2122 Fato-macaco de prote\u00e7\u00e3o 4565 oferece prote\u00e7\u00e3o CE Categoria III, Tipo 4\/5\/6, o que se traduz num impressionante n\u00edvel de prote\u00e7\u00e3o contra l\u00edquidos enquanto conserva o seu toque suave \u00fanico e um bom ajuste ao corpo.<\/p>\n","protected":false},"excerpt":{"rendered":"<p>Fato de prote\u00e7\u00e3o Tipo 4\/5\/6, desenvolvido para oferecer uma muito boa barreira contra part\u00edculas, salpicos e pulveriza\u00e7\u00f5es de l\u00edquidos perigosos Feito em material n\u00e3o-tecido laminado PE bicomponente com muito baixa elimina\u00e7\u00e3o de fiapos para conforto evidente Capucha de 3 pain\u00e9is, fecho de correr bidirecional com fita vedante com el\u00e1stico nas costas e tornozelos, para reduzir [&#8230;]\n","protected":false},"featured_media":1223,"template":"","meta":[],"product_cat":[95,88],"product_tag":[],"class_list":["post-1220","product","type-product","status-publish","has-post-thumbnail","hentry","product_cat-protecao-do-corpo","product_cat-protecao-e-seguranca","product_brand-3m"],"aioseo_notices":[],"_links":{"self":[{"href":"https:\/\/bricofel.com\/site\/wp-json\/wp\/v2\/product\/1220","targetHints":{"allow":["GET"]}}],"collection":[{"href":"https:\/\/bricofel.com\/site\/wp-json\/wp\/v2\/product"}],"about":[{"href":"https:\/\/bricofel.com\/site\/wp-json\/wp\/v2\/types\/product"}],"wp:featuredmedia":[{"embeddable":true,"href":"https:\/\/bricofel.com\/site\/wp-json\/wp\/v2\/media\/1223"}],"wp:attachment":[{"href":"https:\/\/bricofel.com\/site\/wp-json\/wp\/v2\/media?parent=1220"}],"wp:term":[{"taxonomy":"product_cat","embeddable":true,"href":"https:\/\/bricofel.com\/site\/wp-json\/wp\/v2\/product_cat?post=1220"},{"taxonomy":"product_tag","embeddable":true,"href":"https:\/\/bricofel.com\/site\/wp-json\/wp\/v2\/product_tag?post=1220"}],"curies":[{"name":"wp","href":"https:\/\/api.w.org\/{rel}","templated":true}]}}