{"id":1298,"date":"2022-06-23T15:48:03","date_gmt":"2022-06-23T15:48:03","guid":{"rendered":"https:\/\/bricofel.com\/site\/?post_type=product&#038;p=1298"},"modified":"2022-06-23T15:48:12","modified_gmt":"2022-06-23T15:48:12","slug":"lavadora-de-alta-pressao-120-bar-1-800-w-hw1200","status":"publish","type":"product","link":"https:\/\/bricofel.com\/site\/product\/lavadora-de-alta-pressao-120-bar-1-800-w-hw1200\/","title":{"rendered":"Lavadora de alta press\u00e3o 120 Bar 1.800 W &#8211; HW1200"},"content":{"rendered":"<h2>BENEF\u00cdCIOS PARA O USU\u00c1RIO:<\/h2>\n<div class=\"usp-container\">\n<ul>\n<li class=\"usp\">Lavadora de alta press\u00e3o 12 MPa (120 Bar).<\/li>\n<li class=\"usp\">Fun\u00e7\u00e3o de Autoabastecimento, pode-se abastecer desde uma mangueira ou desde um balde ou tanque de \u00e1gua (a 1m de dist\u00e2ncia).<\/li>\n<li class=\"usp\">Potente motor Makita integrado de 1.800W o qual proporciona at\u00e9 12 MPa (120 bar) para a m\u00e1xima pot\u00eancia de limpeza com \u00edndice do fluxo m\u00e1ximo de 420 L\/h<\/li>\n<li class=\"usp\">Lavadora de alta press\u00e3o el\u00e9ctrica muito leve e compacta de classe m\u00e9dia para a utiliza\u00e7\u00e3o dom\u00e9stica e semiprofissional.<\/li>\n<li class=\"usp\">Apenas 11 kg. F\u00e1cil transporte.<\/li>\n<li class=\"usp\">Baixo n\u00edvel do ru\u00eddo devido a sua estrutura anti-vibra\u00e7\u00e3o, para maior comodidade do usu\u00e1rio.<\/li>\n<li class=\"usp\">Ajuste da press\u00e3o de fluxo controlado desde a ponta da lan\u00e7a atrav\u00e9s de giro.<\/li>\n<li class=\"usp\">M\u00faltiplos acess\u00f3rios fornecidos.<\/li>\n<\/ul>\n<\/div>\n","protected":false},"excerpt":{"rendered":"<p>Lavadora de alta press\u00e3o 12 MPa (120 Bar).<\/p>\n","protected":false},"featured_media":1301,"template":"","meta":[],"product_cat":[105,109],"product_tag":[],"class_list":["post-1298","product","type-product","status-publish","has-post-thumbnail","hentry","product_cat-construcao-civil","product_cat-lavadoras-e-decapagem","product_brand-makita"],"aioseo_notices":[],"_links":{"self":[{"href":"https:\/\/bricofel.com\/site\/wp-json\/wp\/v2\/product\/1298","targetHints":{"allow":["GET"]}}],"collection":[{"href":"https:\/\/bricofel.com\/site\/wp-json\/wp\/v2\/product"}],"about":[{"href":"https:\/\/bricofel.com\/site\/wp-json\/wp\/v2\/types\/product"}],"wp:featuredmedia":[{"embeddable":true,"href":"https:\/\/bricofel.com\/site\/wp-json\/wp\/v2\/media\/1301"}],"wp:attachment":[{"href":"https:\/\/bricofel.com\/site\/wp-json\/wp\/v2\/media?parent=1298"}],"wp:term":[{"taxonomy":"product_cat","embeddable":true,"href":"https:\/\/bricofel.com\/site\/wp-json\/wp\/v2\/product_cat?post=1298"},{"taxonomy":"product_tag","embeddable":true,"href":"https:\/\/bricofel.com\/site\/wp-json\/wp\/v2\/product_tag?post=1298"}],"curies":[{"name":"wp","href":"https:\/\/api.w.org\/{rel}","templated":true}]}}