{"id":1316,"date":"2022-06-23T16:19:11","date_gmt":"2022-06-23T16:19:11","guid":{"rendered":"https:\/\/bricofel.com\/site\/?post_type=product&#038;p=1316"},"modified":"2022-06-23T16:19:12","modified_gmt":"2022-06-23T16:19:12","slug":"lavadora-de-alta-pressao140bar-2-1kwhw132","status":"publish","type":"product","link":"https:\/\/bricofel.com\/site\/product\/lavadora-de-alta-pressao140bar-2-1kwhw132\/","title":{"rendered":"Lavadora de alta press\u00e3o140bar 2.1KwHW132"},"content":{"rendered":"<div class=\"techspecs--row\">\n<div class=\"techspecs--row-specification\">Pot\u00eancia<\/div>\n<div class=\"techspecs--row-value\">2.100 W<\/div>\n<\/div>\n<div class=\"techspecs--row\">\n<div class=\"techspecs--row-specification\">Press\u00e3o m\u00e1x..<\/div>\n<div class=\"techspecs--row-value\">140 bar<\/div>\n<\/div>\n<div class=\"techspecs--row\">\n<div class=\"techspecs--row-specification\">Caudal m\u00e1x..<\/div>\n<div class=\"techspecs--row-value\">420 L\/h<\/div>\n<\/div>\n<div class=\"techspecs--row\">\n<div class=\"techspecs--row-specification\">M\u00e1x. temperatura da entrada da \u00e1gua<\/div>\n<div class=\"techspecs--row-value\">50 \u00b0C<\/div>\n<\/div>\n<div class=\"techspecs--row\">\n<div class=\"techspecs--row-specification\">Peso<\/div>\n<div class=\"techspecs--row-value\">18,8 Kg<\/div>\n<\/div>\n<div class=\"techspecs--row\">\n<div class=\"techspecs--row-specification\">Comprimento do cabo<\/div>\n<div class=\"techspecs--row-value\">5 m<\/div>\n<\/div>\n<div class=\"techspecs--row\">\n<div class=\"techspecs--row-specification\">Dimens\u00f5es (CxLxA)<\/div>\n<div class=\"techspecs--row-value\">380 x 320 x 820 mm<\/div>\n<\/div>\n<div class=\"techspecs--row\">\n<div class=\"techspecs--row-specification\">Comprimento da mangueira<\/div>\n<div class=\"techspecs--row-value\">8 m<\/div>\n<\/div>\n<div class=\"techspecs--row\">\n<div class=\"techspecs--row-specification\">Mangueira de borracha refor\u00e7ada<\/div>\n<div class=\"techspecs--row-value\"><\/div>\n<\/div>\n<div class=\"techspecs--row\">\n<div class=\"techspecs--row-specification\">Dep\u00f3sito de detergente integrado<\/div>\n<div class=\"techspecs--row-value\"><\/div>\n<\/div>\n<div class=\"techspecs--row\">\n<div class=\"techspecs--row-specification\">Emiss\u00e3o de vibra\u00e7\u00e3o<\/div>\n<div class=\"techspecs--row-value\">1,75 m\/seg\u00b2<\/div>\n<\/div>\n<div class=\"techspecs--row\">\n<div class=\"techspecs--row-specification\">Incerteza da vibra\u00e7\u00e3o<\/div>\n<div class=\"techspecs--row-value\">1,50 m\/seg\u00b2<\/div>\n<\/div>\n<div class=\"techspecs--row\">\n<div class=\"techspecs--row-specification\">Press\u00e3o sonora<\/div>\n<div class=\"techspecs--row-value\">77,33 dB(A)<\/div>\n<\/div>\n<div class=\"techspecs--row\">\n<div class=\"techspecs--row-specification\">Pot\u00eancia sonora<\/div>\n<div class=\"techspecs--row-value\">85,00 dB(A)<\/div>\n<\/div>\n<div class=\"techspecs--row\">\n<div class=\"techspecs--row-specification\">Incerteza (k) sonora<\/div>\n<div class=\"techspecs--row-value\">3,00 dB(A)<\/div>\n<\/div>\n","protected":false},"excerpt":{"rendered":"<p>Pot\u00eancia 2.100 W Press\u00e3o m\u00e1x.. 140 bar Caudal m\u00e1x.. 420 L\/h M\u00e1x. temperatura da entrada da \u00e1gua 50 \u00b0C Peso 18,8 Kg Comprimento do cabo 5 m Dimens\u00f5es (CxLxA) 380 x 320 x 820 mm Comprimento da mangueira 8 m Mangueira de borracha refor\u00e7ada Dep\u00f3sito de detergente integrado Emiss\u00e3o de vibra\u00e7\u00e3o 1,75 m\/seg\u00b2 Incerteza da [&#8230;]\n","protected":false},"featured_media":1319,"template":"","meta":[],"product_cat":[105,109],"product_tag":[],"class_list":["post-1316","product","type-product","status-publish","has-post-thumbnail","hentry","product_cat-construcao-civil","product_cat-lavadoras-e-decapagem","product_brand-makita"],"aioseo_notices":[],"_links":{"self":[{"href":"https:\/\/bricofel.com\/site\/wp-json\/wp\/v2\/product\/1316","targetHints":{"allow":["GET"]}}],"collection":[{"href":"https:\/\/bricofel.com\/site\/wp-json\/wp\/v2\/product"}],"about":[{"href":"https:\/\/bricofel.com\/site\/wp-json\/wp\/v2\/types\/product"}],"wp:featuredmedia":[{"embeddable":true,"href":"https:\/\/bricofel.com\/site\/wp-json\/wp\/v2\/media\/1319"}],"wp:attachment":[{"href":"https:\/\/bricofel.com\/site\/wp-json\/wp\/v2\/media?parent=1316"}],"wp:term":[{"taxonomy":"product_cat","embeddable":true,"href":"https:\/\/bricofel.com\/site\/wp-json\/wp\/v2\/product_cat?post=1316"},{"taxonomy":"product_tag","embeddable":true,"href":"https:\/\/bricofel.com\/site\/wp-json\/wp\/v2\/product_tag?post=1316"}],"curies":[{"name":"wp","href":"https:\/\/api.w.org\/{rel}","templated":true}]}}