{"id":1346,"date":"2022-06-23T16:32:34","date_gmt":"2022-06-23T16:32:34","guid":{"rendered":"https:\/\/bricofel.com\/site\/?post_type=product&#038;p=1346"},"modified":"2022-11-07T12:23:41","modified_gmt":"2022-11-07T12:23:41","slug":"martelo-demolidor-13kg-1600w-sds-max","status":"publish","type":"product","link":"https:\/\/bricofel.com\/site\/product\/martelo-demolidor-13kg-1600w-sds-max\/","title":{"rendered":"Martelo demolidor 13kg 1600w sds-max"},"content":{"rendered":"<div class=\"productdetail_features_container\">\n<div class=\"productdetail_features_headlines\">Caracter\u00edsticas<\/div>\n<ul>\n<li>O punho lateral multi-posi\u00e7\u00e3o pode ser colocado em qualquer lugar no tambor do martelo para manter o conforto do utilizador em toda a aplica\u00e7\u00e3o<\/li>\n<li>Mecanismo de percuss\u00e3o de grandes dimens\u00f5es que garante extrema durabilidade e rentabilidade na demoli\u00e7\u00e3o do bet\u00e3o<\/li>\n<li>Arranque suave que garante maior precis\u00e3o no in\u00edcio do trabalho e protege as pe\u00e7as m\u00f3veis do martelo<\/li>\n<li>Motor de 1600W proporciona excelente desempenho quebrando o bet\u00e3o<\/li>\n<li>Corpo em liga de magn\u00e9sio garante maior durabilidade e menor peso<\/li>\n<li>Design compacto que permite um f\u00e1cil acesso a zonas confinadas<\/li>\n<li>Design em linha e possibilidade de colocar o cinzel em 12 posi\u00e7\u00f5es diferentes para maior conforto de utiliza\u00e7\u00e3o<\/li>\n<li>Sistema ativo anti-vibra\u00e7\u00e3o que incorpora um sistema de contra-peso e punho posterior flutuante que garante uma vibra\u00e7\u00e3o extremamente baixa<\/li>\n<li>Design modular para facilitar as opera\u00e7\u00f5es de manuten\u00e7\u00e3o<\/li>\n<li>O cinzel pode ser colocado em 12 posi\u00e7\u00f5es diferentes para maior conforto de utiliza\u00e7\u00e3o<\/li>\n<\/ul>\n<\/div>\n<div class=\"productdetail_includes_container\">\n<div class=\"productdetail_features_headlines\">EQUIPAMENTO EST\u00c1NDARD<\/div>\n<ul>\n<li>Ponteiro<\/li>\n<li>Mala<\/li>\n<li>Punho multiposicion\u00e1vel<\/li>\n<\/ul>\n<\/div>\n","protected":false},"excerpt":{"rendered":"<p>Caracter\u00edsticas O punho lateral multi-posi\u00e7\u00e3o pode ser colocado em qualquer lugar no tambor do martelo para manter o conforto do utilizador em toda a aplica\u00e7\u00e3o Mecanismo de percuss\u00e3o de grandes dimens\u00f5es que garante extrema durabilidade e rentabilidade na demoli\u00e7\u00e3o do bet\u00e3o Arranque suave que garante maior precis\u00e3o no in\u00edcio do trabalho e protege as pe\u00e7as [&#8230;]\n","protected":false},"featured_media":1349,"template":"","meta":[],"product_cat":[105,253],"product_tag":[],"class_list":["post-1346","product","type-product","status-publish","has-post-thumbnail","hentry","product_cat-construcao-civil","product_cat-pichelaria","product_brand-dewalt"],"aioseo_notices":[],"_links":{"self":[{"href":"https:\/\/bricofel.com\/site\/wp-json\/wp\/v2\/product\/1346","targetHints":{"allow":["GET"]}}],"collection":[{"href":"https:\/\/bricofel.com\/site\/wp-json\/wp\/v2\/product"}],"about":[{"href":"https:\/\/bricofel.com\/site\/wp-json\/wp\/v2\/types\/product"}],"wp:featuredmedia":[{"embeddable":true,"href":"https:\/\/bricofel.com\/site\/wp-json\/wp\/v2\/media\/1349"}],"wp:attachment":[{"href":"https:\/\/bricofel.com\/site\/wp-json\/wp\/v2\/media?parent=1346"}],"wp:term":[{"taxonomy":"product_cat","embeddable":true,"href":"https:\/\/bricofel.com\/site\/wp-json\/wp\/v2\/product_cat?post=1346"},{"taxonomy":"product_tag","embeddable":true,"href":"https:\/\/bricofel.com\/site\/wp-json\/wp\/v2\/product_tag?post=1346"}],"curies":[{"name":"wp","href":"https:\/\/api.w.org\/{rel}","templated":true}]}}