{"id":1376,"date":"2022-06-23T16:49:02","date_gmt":"2022-06-23T16:49:02","guid":{"rendered":"https:\/\/bricofel.com\/site\/?post_type=product&#038;p=1376"},"modified":"2022-11-07T14:27:24","modified_gmt":"2022-11-07T14:27:24","slug":"inversor-de-soldador-stanley-wd-130","status":"publish","type":"product","link":"https:\/\/bricofel.com\/site\/product\/inversor-de-soldador-stanley-wd-130\/","title":{"rendered":"Inversor de soldador Stanley WD 130"},"content":{"rendered":"<p><b>Caracter\u00edsticas tecnicas:<\/b><\/p>\n<ul>\n<li>Tens\u00e3o: 230V 50-60 Hz<\/li>\n<\/ul>\n<ul>\n<li>Absor\u00e7\u00e3o de pot\u00eancia: 3.0 &#8211; 5.5 KVa<\/li>\n<\/ul>\n<ul>\n<li>Ciclo de pot\u00eancia: 130 A \/ 60%<\/li>\n<\/ul>\n<ul>\n<li>Eletrodos: 1,6 &#8211; 3,2 mm.<\/li>\n<\/ul>\n<ul>\n<li>Peso: 5,3 Kg<\/li>\n<\/ul>\n<ul>\n<li>Medidas: 370 x 160 x 300 mm.<\/li>\n<\/ul>\n","protected":false},"excerpt":{"rendered":"<p>Caracter\u00edsticas tecnicas: Tens\u00e3o: 230V 50-60 Hz Absor\u00e7\u00e3o de pot\u00eancia: 3.0 &#8211; 5.5 KVa Ciclo de pot\u00eancia: 130 A \/ 60% Eletrodos: 1,6 &#8211; 3,2 mm. Peso: 5,3 Kg Medidas: 370 x 160 x 300 mm.<\/p>\n","protected":false},"featured_media":1379,"template":"","meta":[],"product_cat":[439,441],"product_tag":[],"class_list":["post-1376","product","type-product","status-publish","has-post-thumbnail","hentry","product_cat-metal","product_cat-soldadura-metal","product_brand-stanley"],"aioseo_notices":[],"_links":{"self":[{"href":"https:\/\/bricofel.com\/site\/wp-json\/wp\/v2\/product\/1376","targetHints":{"allow":["GET"]}}],"collection":[{"href":"https:\/\/bricofel.com\/site\/wp-json\/wp\/v2\/product"}],"about":[{"href":"https:\/\/bricofel.com\/site\/wp-json\/wp\/v2\/types\/product"}],"wp:featuredmedia":[{"embeddable":true,"href":"https:\/\/bricofel.com\/site\/wp-json\/wp\/v2\/media\/1379"}],"wp:attachment":[{"href":"https:\/\/bricofel.com\/site\/wp-json\/wp\/v2\/media?parent=1376"}],"wp:term":[{"taxonomy":"product_cat","embeddable":true,"href":"https:\/\/bricofel.com\/site\/wp-json\/wp\/v2\/product_cat?post=1376"},{"taxonomy":"product_tag","embeddable":true,"href":"https:\/\/bricofel.com\/site\/wp-json\/wp\/v2\/product_tag?post=1376"}],"curies":[{"name":"wp","href":"https:\/\/api.w.org\/{rel}","templated":true}]}}