{"id":1397,"date":"2022-06-24T10:08:18","date_gmt":"2022-06-24T10:08:18","guid":{"rendered":"https:\/\/bricofel.com\/site\/?post_type=product&#038;p=1397"},"modified":"2022-11-07T12:29:28","modified_gmt":"2022-11-07T12:29:28","slug":"korpleg-cpn-330","status":"publish","type":"product","link":"https:\/\/bricofel.com\/site\/product\/korpleg-cpn-330\/","title":{"rendered":"Korpleg cpn 330"},"content":{"rendered":"<p><em><span>* Curso do batente traseiro 800 a 1000 mm.\u00a0(Dependendo do modelo)<\/span><\/em><\/p>\n<p><em><span>* Mesa com esferas de a\u00e7o embutidas para melhor deslizamento das placas<\/span><\/em><\/p>\n<p><em><span>* Separa\u00e7\u00e3o das l\u00e2minas, em uma extremidade da m\u00e1quina.\u00a0(Opcionalmente do CNC)<\/span><\/em><\/p>\n<p><em><span>* \u00c1rea de corte de ilumina\u00e7\u00e3o.<\/span><\/em><\/p>\n<p><em><span>* Contagem e programa\u00e7\u00e3o de choques (automaticamente do CNC)<\/span><\/em><\/p>\n<p><em><span>*1 Bra\u00e7o de esquadr\u00e3o milimetrado com regata e parada de agachamento.<\/span><\/em><\/p>\n<p><em><span>* Bra\u00e7os de mesa (quantidade por modelo)<\/span><\/em><\/p>\n<p><em><span>* L\u00e2minas inferiores de quatro gumes e duas superiores.<\/span><\/em><\/p>\n<p><em><span>* Passos hidr\u00e1ulicos independentes<\/span><\/em><\/p>\n<p><em><span>* Rampa de queda traseira.<\/span><\/em><\/p>\n<p><em><span>* Prote\u00e7\u00e3o frontal dobr\u00e1vel com microfones de seguran\u00e7a.<\/span><\/em><\/p>\n<p><em><span>* Prote\u00e7\u00e3o de seguran\u00e7a traseira.<\/span><\/em><\/p>\n<p><em><span>* Pedal de acionamento da m\u00e1quina com dupla seguran\u00e7a.<\/span><\/em><\/p>\n<p><em><span>* Todas as paradas de seguran\u00e7a s\u00e3o\u00a0<\/span><span>conectadas a um m\u00f3dulo de seguran\u00e7a e reset manual<\/span><\/em><\/p>\n<p><em><span>*Regulamentos da CE.<\/span><\/em><\/p>\n","protected":false},"excerpt":{"rendered":"<p>* Curso do batente traseiro 800 a 1000 mm.\u00a0(Dependendo do modelo) * Mesa com esferas de a\u00e7o embutidas para melhor deslizamento das placas * Separa\u00e7\u00e3o das l\u00e2minas, em uma extremidade da m\u00e1quina.\u00a0(Opcionalmente do CNC) * \u00c1rea de corte de ilumina\u00e7\u00e3o. * Contagem e programa\u00e7\u00e3o de choques (automaticamente do CNC) *1 Bra\u00e7o de esquadr\u00e3o milimetrado com [&#8230;]\n","protected":false},"featured_media":1400,"template":"","meta":[],"product_cat":[440,439],"product_tag":[],"class_list":["post-1397","product","type-product","status-publish","has-post-thumbnail","hentry","product_cat-maquinas-industriais-metal","product_cat-metal","product_brand-korpleg"],"aioseo_notices":[],"_links":{"self":[{"href":"https:\/\/bricofel.com\/site\/wp-json\/wp\/v2\/product\/1397","targetHints":{"allow":["GET"]}}],"collection":[{"href":"https:\/\/bricofel.com\/site\/wp-json\/wp\/v2\/product"}],"about":[{"href":"https:\/\/bricofel.com\/site\/wp-json\/wp\/v2\/types\/product"}],"wp:featuredmedia":[{"embeddable":true,"href":"https:\/\/bricofel.com\/site\/wp-json\/wp\/v2\/media\/1400"}],"wp:attachment":[{"href":"https:\/\/bricofel.com\/site\/wp-json\/wp\/v2\/media?parent=1397"}],"wp:term":[{"taxonomy":"product_cat","embeddable":true,"href":"https:\/\/bricofel.com\/site\/wp-json\/wp\/v2\/product_cat?post=1397"},{"taxonomy":"product_tag","embeddable":true,"href":"https:\/\/bricofel.com\/site\/wp-json\/wp\/v2\/product_tag?post=1397"}],"curies":[{"name":"wp","href":"https:\/\/api.w.org\/{rel}","templated":true}]}}