{"id":1406,"date":"2022-06-24T10:19:24","date_gmt":"2022-06-24T10:19:24","guid":{"rendered":"https:\/\/bricofel.com\/site\/?post_type=product&#038;p=1406"},"modified":"2022-11-07T12:30:16","modified_gmt":"2022-11-07T12:30:16","slug":"serie-ph","status":"publish","type":"product","link":"https:\/\/bricofel.com\/site\/product\/serie-ph\/","title":{"rendered":"S\u00e9rie PH"},"content":{"rendered":"<p><strong>S\u00e9rie PH Convencional com Compensa\u00e7\u00e3o de Flex\u00e3o As m\u00e1quinas da S\u00e9rie SE Eletr\u00f4nica com qualidade extraordin\u00e1ria de acordo com os coment\u00e1rios de nossos clientes<\/strong><br \/>\nAs dobradeiras convencionais da s\u00e9rie PH se destacaram por seu projeto e fabrica\u00e7\u00e3o KORPLEG muito particulares devido \u00e0 compensa\u00e7\u00e3o de flex\u00e3o conseguida por meio da posi\u00e7\u00e3o dos cilindros e do batente de penetra\u00e7\u00e3o, com isso o operador conseguiu controlar a press\u00e3o para que a flex\u00e3o fosse positivo ou negativo, este sistema s\u00f3 poderia ser alcan\u00e7ado com nossas m\u00e1quinas Korpleg PH e PHE.\u00a0equipado com o batente traseiro as garras com dedos regul\u00e1veis \u200b\u200bem altura e dobr\u00e1veis.\u00a0Bloco Hidr\u00e1ulico de C\u20ac Regulagem com v\u00e1lvulas de redund\u00e2ncia de funcionamento Amplo pesco\u00e7o de cisne, Mesa destac\u00e1vel e aparafusada ao painel inferior.\u00a0Prote\u00e7\u00f5es dianteiras e traseiras por barreiras de seguran\u00e7a n\u00edvel 4. Bra\u00e7os de apoio frontal em chapa de metal Capacidades da m\u00e1quina: De 1.100 a 7.100 de comprimento de dobra e de 30 a 1.000 Tn.\u00a0de pot\u00eancia de dobra Controle num\u00e9rico opcional de 3 eixos Deixamos de fabricar essas m\u00e1quinas devido ao custo muito maior do que os modelos atuais.\u00a0mas se algu\u00e9m estiver interessado numa m\u00e1quina de qualidade como esta, pode enviar-lhe uma oferta e podemos fabric\u00e1-la<\/p>\n","protected":false},"excerpt":{"rendered":"<p>S\u00e9rie PH Convencional com Compensa\u00e7\u00e3o de Flex\u00e3o As m\u00e1quinas da S\u00e9rie SE Eletr\u00f4nica com qualidade extraordin\u00e1ria de acordo com os coment\u00e1rios de nossos clientes As dobradeiras convencionais da s\u00e9rie PH se destacaram por seu projeto e fabrica\u00e7\u00e3o KORPLEG muito particulares devido \u00e0 compensa\u00e7\u00e3o de flex\u00e3o conseguida por meio da posi\u00e7\u00e3o dos cilindros e do batente [&#8230;]\n","protected":false},"featured_media":1409,"template":"","meta":[],"product_cat":[440,439],"product_tag":[],"class_list":["post-1406","product","type-product","status-publish","has-post-thumbnail","hentry","product_cat-maquinas-industriais-metal","product_cat-metal","product_brand-korpleg"],"aioseo_notices":[],"_links":{"self":[{"href":"https:\/\/bricofel.com\/site\/wp-json\/wp\/v2\/product\/1406","targetHints":{"allow":["GET"]}}],"collection":[{"href":"https:\/\/bricofel.com\/site\/wp-json\/wp\/v2\/product"}],"about":[{"href":"https:\/\/bricofel.com\/site\/wp-json\/wp\/v2\/types\/product"}],"wp:featuredmedia":[{"embeddable":true,"href":"https:\/\/bricofel.com\/site\/wp-json\/wp\/v2\/media\/1409"}],"wp:attachment":[{"href":"https:\/\/bricofel.com\/site\/wp-json\/wp\/v2\/media?parent=1406"}],"wp:term":[{"taxonomy":"product_cat","embeddable":true,"href":"https:\/\/bricofel.com\/site\/wp-json\/wp\/v2\/product_cat?post=1406"},{"taxonomy":"product_tag","embeddable":true,"href":"https:\/\/bricofel.com\/site\/wp-json\/wp\/v2\/product_tag?post=1406"}],"curies":[{"name":"wp","href":"https:\/\/api.w.org\/{rel}","templated":true}]}}