{"id":1427,"date":"2022-06-24T10:31:10","date_gmt":"2022-06-24T10:31:10","guid":{"rendered":"https:\/\/bricofel.com\/site\/?post_type=product&#038;p=1427"},"modified":"2022-11-07T12:51:46","modified_gmt":"2022-11-07T12:51:46","slug":"universal-kenbill-md-cu410n2","status":"publish","type":"product","link":"https:\/\/bricofel.com\/site\/product\/universal-kenbill-md-cu410n2\/","title":{"rendered":"UNIVERSAL KENBILL MD. CU410N2"},"content":{"rendered":"<p><strong>CARACTER\u00cdSTICAS:<\/strong><\/p>\n<p><strong>Desengrossadeira<\/strong><\/p>\n<ul>\n<li>Dimens\u00f5es da mesa da desengrosso,\u00a0<strong>700 X 406 mm<\/strong><\/li>\n<li>Altura m\u00ednima \/ m\u00e1xima de desengrosso,\u00a0<strong>4 \/ 225 mm<\/strong><\/li>\n<li>Profundidade m\u00e1xima de corte,\u00a0<strong>4 mm<\/strong><\/li>\n<li>Velocidade de arrasto, 8<strong>\u00a0mt \/ min.<\/strong><\/li>\n<li>Boca de aspira\u00e7\u00e3o,\u00a0<strong>\u00d8 120mm<\/strong><\/li>\n<\/ul>\n<p><strong>Garlopa<\/strong><\/p>\n<ul>\n<li>Dimens\u00f5es da mesa de trabalho,\u00a0<strong>410 x 1.800 mm<\/strong><\/li>\n<li>Paralela da garlopa inclin\u00e1vel\u00a0<strong>0 a 45\u00ba<\/strong><\/li>\n<li>Paralela da garlopa com\u00a0<strong>1.100 x 155 mm<\/strong><\/li>\n<li>Di\u00e2metro do veio da garlopa,\u00a0<strong>\u00d8 100mm Com 4 l\u00e2minas<\/strong><\/li>\n<li>Capacidade m\u00e1xima de desengrosso,\u00a0<strong>5 mm<\/strong><\/li>\n<li>Garlopa Desengrossadeira Equipada com motor de\u00a0<strong>5.5 Hp<\/strong><\/li>\n<\/ul>\n<p><strong>TUPIA<\/strong><\/p>\n<ul>\n<li>Velocidade rota\u00e7\u00e3o da tupia,\u00a0<strong>1\u00aa Vel<\/strong>.\u00a0<strong>3000-4000-5000 Rpm<\/strong><\/li>\n<\/ul>\n<p><strong>\u00a0 \u00a0 \u00a0 \u00a0 \u00a0 \u00a0 \u00a0 \u00a0 \u00a0 \u00a0 \u00a0 \u00a0 \u00a0 \u00a0 \u00a0 \u00a0 \u00a0 \u00a0 \u00a0 \u00a0 \u00a0 \u00a0 \u00a0 \u00a0 \u00a0 \u00a0 \u00a0 \u00a02\u00aa Vel. 6000-8000-10.000 Rpm<\/strong><\/p>\n<ul>\n<li>Di\u00e2metro da \u00e1rvore da tupia, ajust\u00e1vel,\u00a0<strong>\u00d8 50 mm<\/strong><\/li>\n<li>Veio da Tupia inclin\u00e1vel,<strong>\u00a045\u00b0 e 90\u00b0<\/strong><\/li>\n<li>Di\u00e2metro m\u00e1ximo de ferramenta,\u00a0<strong>\u00d8 300 mm<\/strong><\/li>\n<li>Largura \u00fatil do eixo,\u00a0<strong>125 mm<\/strong><\/li>\n<li>Curso \u00fatil abaixo da mesa,\u00a0<strong>175 mm<\/strong><\/li>\n<li>Di\u00e2metro m\u00e1ximo de ferramenta abaixo da mesa com 5 an\u00e9is,\u00a0<strong>\u00d8 250 mm<\/strong><\/li>\n<li>Boca de aspira\u00e7\u00e3o,<strong>\u00a0\u00d8 120mm<\/strong><\/li>\n<li>Equipada com motor de<strong>\u00a07.5 Hp<\/strong><\/li>\n<\/ul>\n<p><strong>ESQUADREJADORA<\/strong><\/p>\n<ul>\n<li>Dimens\u00f5es da mesa<strong>, 520 * 1100 mm<\/strong><\/li>\n<li>Carro da esquadrejadora<strong>,\u00a0<\/strong><strong>3.000 x 350 mm<\/strong><\/li>\n<li>Velocidade de rota\u00e7\u00e3o do disco,\u00a0<strong>5.000 Rpm<\/strong><\/li>\n<li>Di\u00e2metro Disco incisor,\u00a0<strong>\u00d8 120&#215;20 mm\u00a0<\/strong>inclin\u00e1vel<strong>\u00a00-45\u00b0<\/strong><\/li>\n<li>Di\u00e2metro m\u00e1x. Disco principal,\u00a0<strong>\u00d8 315&#215;30 mm<\/strong>, inclin\u00e1vel\u00a0<strong>0-45\u00b0<\/strong><\/li>\n<li>Incisor com motor independente<strong>, 0.75 Cv<\/strong><\/li>\n<li>Boca de aspira\u00e7\u00e3o,\u00a0<strong>\u00d8 120mm<\/strong><\/li>\n<li>Carro com deslizamento em guias de a\u00e7o temperadas e retificadas<\/li>\n<li>Carro esquadrejadora equipado c\/guia telesc\u00f3pica em alum\u00ednio c\/2 bitolas<\/li>\n<li>Equipada com motor de\u00a0<strong>5.5 Hp<\/strong><\/li>\n<\/ul>\n<p><strong>FURADOR<\/strong><\/p>\n<ul>\n<li>Furador completo com bucha\u00a0<strong>\u00d8 0 a 16 mm<\/strong><\/li>\n<li>Dimens\u00f5es da mesa\u00a0<strong>300 * 500 mm<\/strong><\/li>\n<li>Curso longitudinal\u00a0<strong>210 mm<\/strong><\/li>\n<li>Curso transversal\u00a0<strong>250 mm<\/strong><\/li>\n<li>Curso vertical\u00a0<strong>160 mm<\/strong><\/li>\n<li>Normas CEE<\/li>\n<li>Peso,\u00a0<strong>1090 Kg<\/strong><\/li>\n<\/ul>\n","protected":false},"excerpt":{"rendered":"<p>CARACTER\u00cdSTICAS: Desengrossadeira Dimens\u00f5es da mesa da desengrosso,\u00a0700 X 406 mm Altura m\u00ednima \/ m\u00e1xima de desengrosso,\u00a04 \/ 225 mm Profundidade m\u00e1xima de corte,\u00a04 mm Velocidade de arrasto, 8\u00a0mt \/ min. Boca de aspira\u00e7\u00e3o,\u00a0\u00d8 120mm Garlopa Dimens\u00f5es da mesa de trabalho,\u00a0410 x 1.800 mm Paralela da garlopa inclin\u00e1vel\u00a00 a 45\u00ba Paralela da garlopa com\u00a01.100 x 155 [&#8230;]\n","protected":false},"featured_media":1430,"template":"","meta":[],"product_cat":[439,443],"product_tag":[],"class_list":["post-1427","product","type-product","status-publish","has-post-thumbnail","hentry","product_cat-metal","product_cat-trabalho-em-aluminio-pvc","product_brand-kenbill"],"aioseo_notices":[],"_links":{"self":[{"href":"https:\/\/bricofel.com\/site\/wp-json\/wp\/v2\/product\/1427","targetHints":{"allow":["GET"]}}],"collection":[{"href":"https:\/\/bricofel.com\/site\/wp-json\/wp\/v2\/product"}],"about":[{"href":"https:\/\/bricofel.com\/site\/wp-json\/wp\/v2\/types\/product"}],"wp:featuredmedia":[{"embeddable":true,"href":"https:\/\/bricofel.com\/site\/wp-json\/wp\/v2\/media\/1430"}],"wp:attachment":[{"href":"https:\/\/bricofel.com\/site\/wp-json\/wp\/v2\/media?parent=1427"}],"wp:term":[{"taxonomy":"product_cat","embeddable":true,"href":"https:\/\/bricofel.com\/site\/wp-json\/wp\/v2\/product_cat?post=1427"},{"taxonomy":"product_tag","embeddable":true,"href":"https:\/\/bricofel.com\/site\/wp-json\/wp\/v2\/product_tag?post=1427"}],"curies":[{"name":"wp","href":"https:\/\/api.w.org\/{rel}","templated":true}]}}