{"id":1609,"date":"2022-09-06T13:52:16","date_gmt":"2022-09-06T13:52:16","guid":{"rendered":"https:\/\/bricofel.com\/site\/?post_type=product&#038;p=1609"},"modified":"2022-11-07T12:01:38","modified_gmt":"2022-11-07T12:01:38","slug":"pistola-pulverizadora-asm-400","status":"publish","type":"product","link":"https:\/\/bricofel.com\/site\/product\/pistola-pulverizadora-asm-400\/","title":{"rendered":"Pistola pulverizadora ASM 400"},"content":{"rendered":"<p>Condi\u00e7\u00f5es de trabalho melhoradas, menos polui\u00e7\u00e3o Os sistemas mal ventilados atomizam a pintura for\u00e7ando a atrav\u00e9s de um orif\u00edcio pequeno (ponta de bocal) na alta press\u00e3o. Isto conduz a menos overspray e a sprayback-dar um ambiente de funcionamento melhor para o pintor.<\/p>\n<p>Custo material reduzido Tamb\u00e9m, menos solvente \u00e9 exigido porque uma pintura mais elevada da viscosidade pode ser aplicada. O sinal de adi\u00e7\u00e3o, menos overspray significa menos pintura e solvente usados. Velocidades mais r\u00e1pidas do revestimento O tempo \u00e9 ganhado extremamente com uma aplica\u00e7\u00e3o mais r\u00e1pida, desde que uma passagem produz uma pel\u00edcula material duas a tr\u00eas vezes mais grossa.<\/p>\n<p>Dispon\u00edvel modelo do dedo mal ventilado do injetor de pulverizador 4 Press\u00e3o de funcionamento: barra 350 Rosqueamento do giro a hose: M 16&#215;1.5 mil\u00edmetro Projeto ergon\u00f3mico Luz &amp; estojo compacto Fechamentos internos seguros do disparador; n\u00e3o pode acidentalmente ser destravado Componentes do a\u00e7o inoxid\u00e1vel<\/p>\n","protected":false},"excerpt":{"rendered":"<p><strong>Fun\u00e7\u00e3o:<\/strong> pulverizadora, de revestimento<\/p>\n<p><strong>Fluido:<\/strong> de pintura<\/p>\n<p><strong>Modo de funcionamento:<\/strong> manual<\/p>\n<p><strong>Outras caracter\u00edsticas:<\/strong> compacta, airless<\/p>\n<p><strong>Press\u00e3o: <\/strong>350 bar (5.076,3 psi)<\/p>\n","protected":false},"featured_media":1610,"template":"","meta":[],"product_cat":[121,437],"product_tag":[],"class_list":["post-1609","product","type-product","status-publish","has-post-thumbnail","hentry","product_cat-madeira","product_cat-maq-amadoras-pintura-e-envernizamento","product_brand-airlessco"],"aioseo_notices":[],"_links":{"self":[{"href":"https:\/\/bricofel.com\/site\/wp-json\/wp\/v2\/product\/1609","targetHints":{"allow":["GET"]}}],"collection":[{"href":"https:\/\/bricofel.com\/site\/wp-json\/wp\/v2\/product"}],"about":[{"href":"https:\/\/bricofel.com\/site\/wp-json\/wp\/v2\/types\/product"}],"wp:featuredmedia":[{"embeddable":true,"href":"https:\/\/bricofel.com\/site\/wp-json\/wp\/v2\/media\/1610"}],"wp:attachment":[{"href":"https:\/\/bricofel.com\/site\/wp-json\/wp\/v2\/media?parent=1609"}],"wp:term":[{"taxonomy":"product_cat","embeddable":true,"href":"https:\/\/bricofel.com\/site\/wp-json\/wp\/v2\/product_cat?post=1609"},{"taxonomy":"product_tag","embeddable":true,"href":"https:\/\/bricofel.com\/site\/wp-json\/wp\/v2\/product_tag?post=1609"}],"curies":[{"name":"wp","href":"https:\/\/api.w.org\/{rel}","templated":true}]}}