{"id":1613,"date":"2022-09-06T15:38:16","date_gmt":"2022-09-06T15:38:16","guid":{"rendered":"https:\/\/bricofel.com\/site\/?post_type=product&#038;p=1613"},"modified":"2022-09-06T15:43:09","modified_gmt":"2022-09-06T15:43:09","slug":"serra-de-incisao-ts-75-ebq-plus","status":"publish","type":"product","link":"https:\/\/bricofel.com\/site\/product\/serra-de-incisao-ts-75-ebq-plus\/","title":{"rendered":"Serra de incis\u00e3o TS 75 EBQ-Plus"},"content":{"rendered":"<div class=\"product-description__headline\">\n<h2 class=\"h3-style\">A grande com elevada profundidade de corte.<\/h2>\n<\/div>\n<div class=\"textelement\">\n<p>Para maior profundidade de corte at\u00e9 75 mm. Manter-se fiel a uma linha. Com precis\u00e3o milim\u00e9trica e sem farpas. Com a pot\u00eancia necess\u00e1ria para cada mat\u00e9ria-prima, a par de um manuseamento leve e f\u00e1cil. E com motor com apoio triplo, inclusive eletr\u00f3nica MMC, para uma excecional vida \u00fatil. A TS 75 re\u00fane muita for\u00e7a e facilidade de manuseamento numa s\u00f3 ferramenta compacta. Combinada com o trilho-guia, a TS 75 permite um trabalho flex\u00edvel, r\u00e1pido e preciso.<\/p>\n<\/div>\n<div class=\"triangle listelement\">\n<ul class=\"triangle__container\">\n<li class=\"triangle__element\">75 mm de profundidade de corte para ainda mais possibilidades de aplica\u00e7\u00e3o<\/li>\n<li class=\"triangle__element\">FastFix para uma substitui\u00e7\u00e3o r\u00e1pida e simples, para trabalhos adaptados ao material<\/li>\n<li class=\"triangle__element\">segura e confort\u00e1vel \u2013 com embraiagem patinadora e dispositivo de paragem de contragolpe<\/li>\n<li class=\"triangle__element\">Cunha de fendas sobre molas para cortes de incis\u00e3o livres<\/li>\n<li class=\"triangle__element\">Ajuste de folga sem ferramentas no trilho-guia<\/li>\n<li class=\"triangle__element\">Trav\u00e3o r\u00e1pido para trabalhar com conforto e seguran\u00e7a<\/li>\n<li class=\"triangle__element\">Para-farpas desmont\u00e1vel para um resultado de primeira qualidade<\/li>\n<\/ul>\n<\/div>\n","protected":false},"excerpt":{"rendered":"<p>A grande com elevada profundidade de corte. Para maior profundidade de corte at\u00e9 75 mm. Manter-se fiel a uma linha. Com precis\u00e3o milim\u00e9trica e sem farpas. Com a pot\u00eancia necess\u00e1ria para cada mat\u00e9ria-prima, a par de um manuseamento leve e f\u00e1cil. E com motor com apoio triplo, inclusive eletr\u00f3nica MMC, para uma excecional vida \u00fatil. [&#8230;]\n","protected":false},"featured_media":1614,"template":"","meta":[],"product_cat":[125,121],"product_tag":[],"class_list":["post-1613","product","type-product","status-publish","has-post-thumbnail","hentry","product_cat-ferramentas-electricas","product_cat-madeira","product_brand-festool"],"aioseo_notices":[],"_links":{"self":[{"href":"https:\/\/bricofel.com\/site\/wp-json\/wp\/v2\/product\/1613","targetHints":{"allow":["GET"]}}],"collection":[{"href":"https:\/\/bricofel.com\/site\/wp-json\/wp\/v2\/product"}],"about":[{"href":"https:\/\/bricofel.com\/site\/wp-json\/wp\/v2\/types\/product"}],"wp:featuredmedia":[{"embeddable":true,"href":"https:\/\/bricofel.com\/site\/wp-json\/wp\/v2\/media\/1614"}],"wp:attachment":[{"href":"https:\/\/bricofel.com\/site\/wp-json\/wp\/v2\/media?parent=1613"}],"wp:term":[{"taxonomy":"product_cat","embeddable":true,"href":"https:\/\/bricofel.com\/site\/wp-json\/wp\/v2\/product_cat?post=1613"},{"taxonomy":"product_tag","embeddable":true,"href":"https:\/\/bricofel.com\/site\/wp-json\/wp\/v2\/product_tag?post=1613"}],"curies":[{"name":"wp","href":"https:\/\/api.w.org\/{rel}","templated":true}]}}