{"id":1621,"date":"2022-09-06T16:38:48","date_gmt":"2022-09-06T16:38:48","guid":{"rendered":"https:\/\/bricofel.com\/site\/?post_type=product&#038;p=1621"},"modified":"2022-09-06T16:43:14","modified_gmt":"2022-09-06T16:43:14","slug":"serra-de-esquadria-telescopica-1850w-o250mm-luz-xps","status":"publish","type":"product","link":"https:\/\/bricofel.com\/site\/product\/serra-de-esquadria-telescopica-1850w-o250mm-luz-xps\/","title":{"rendered":"Serra de Esquadria Telesc\u00f3pica 1850W &#8211; \u00d8250mm + Luz XPS"},"content":{"rendered":"<div class=\"product-description__headline\">\n<div class=\"product-description__headline\">\n<h2 class=\"coh-heading title coh-style-h1---default\">Componentes<\/h2>\n<ul class=\"coh-list-container coh-unordered-list\">\n<li class=\"coh-list-item\">A linha de corte por sombra XPS permite um alinhamento exato da l\u00e2mina iluminando o material e melhorando a produtividade<\/li>\n<li class=\"coh-list-item\">Design cl\u00e1ssico do telesc\u00f3pio com atualiza\u00e7\u00f5es para o utilizador moderno<\/li>\n<li class=\"coh-list-item\">Novo motor de 1850W para maior capacidade de corte em todos os materiais<\/li>\n<li class=\"coh-list-item\">Carris internos para maior capacidade, facilidade de utiliza\u00e7\u00e3o e transporte<\/li>\n<li class=\"coh-list-item\">Novo travamento do cabe\u00e7ote permite-lhe ser fixado para cancelar a fun\u00e7\u00e3o extens\u00edvel e garantir maior seguran\u00e7a no transporte<\/li>\n<li class=\"coh-list-item\">A base e a paralela s\u00e3o de alta precis\u00e3o para que a m\u00e1quina possa ser utilizada nas aplica\u00e7\u00f5es mais exigentes<\/li>\n<li class=\"coh-list-item\">Paralela deslizante com escala gravada para melhor suporte do material e precis\u00e3o<\/li>\n<li class=\"coh-list-item\">Extra\u00e7\u00e3o de poeiras especialmente projetada para maior efic\u00e1cia<\/li>\n<li class=\"coh-list-item\">\u00c2ngulos pr\u00e9-determinados de corte em esquadria em 15\u00ba, 22,5\u00ba, 30\u00ba e 45\u00ba. \u00c2ngulo m\u00e1ximo de corte em esquadria = 50\u00ba<\/li>\n<\/ul>\n<\/div>\n<\/div>\n<h2 class=\"coh-heading coh-style-h1---default\">Especifica\u00e7\u00f5es<\/h2>\n<div>\n<div>\n<table class=\"reference_entity_table\" style=\"height: 84px;\" width=\"722\" data-striping=\"1\">\n<tbody>\n<tr>\n<td>\n<div>ALTURA DO PRODUTO<\/div>\n<\/td>\n<td>\n<div>390 MM<\/div>\n<\/td>\n<\/tr>\n<tr>\n<td>\n<div>PESO DO PRODUTO<\/div>\n<\/td>\n<td>\n<div>17.2 KG<\/div>\n<\/td>\n<\/tr>\n<tr>\n<td>\n<div>COMPRIMENTO DO PRODUTO<\/div>\n<\/td>\n<td>\n<div>615 MM<\/div>\n<\/td>\n<\/tr>\n<\/tbody>\n<\/table>\n<\/div>\n<\/div>\n","protected":false},"excerpt":{"rendered":"<p>Componentes A linha de corte por sombra XPS permite um alinhamento exato da l\u00e2mina iluminando o material e melhorando a produtividade Design cl\u00e1ssico do telesc\u00f3pio com atualiza\u00e7\u00f5es para o utilizador moderno Novo motor de 1850W para maior capacidade de corte em todos os materiais Carris internos para maior capacidade, facilidade de utiliza\u00e7\u00e3o e transporte Novo [&#8230;]\n","protected":false},"featured_media":1622,"template":"","meta":[],"product_cat":[125,121],"product_tag":[],"class_list":["post-1621","product","type-product","status-publish","has-post-thumbnail","hentry","product_cat-ferramentas-electricas","product_cat-madeira","product_brand-dewalt"],"aioseo_notices":[],"_links":{"self":[{"href":"https:\/\/bricofel.com\/site\/wp-json\/wp\/v2\/product\/1621","targetHints":{"allow":["GET"]}}],"collection":[{"href":"https:\/\/bricofel.com\/site\/wp-json\/wp\/v2\/product"}],"about":[{"href":"https:\/\/bricofel.com\/site\/wp-json\/wp\/v2\/types\/product"}],"wp:featuredmedia":[{"embeddable":true,"href":"https:\/\/bricofel.com\/site\/wp-json\/wp\/v2\/media\/1622"}],"wp:attachment":[{"href":"https:\/\/bricofel.com\/site\/wp-json\/wp\/v2\/media?parent=1621"}],"wp:term":[{"taxonomy":"product_cat","embeddable":true,"href":"https:\/\/bricofel.com\/site\/wp-json\/wp\/v2\/product_cat?post=1621"},{"taxonomy":"product_tag","embeddable":true,"href":"https:\/\/bricofel.com\/site\/wp-json\/wp\/v2\/product_tag?post=1621"}],"curies":[{"name":"wp","href":"https:\/\/api.w.org\/{rel}","templated":true}]}}