{"id":1644,"date":"2022-09-07T11:30:28","date_gmt":"2022-09-07T11:30:28","guid":{"rendered":"https:\/\/bricofel.com\/site\/?post_type=product&#038;p=1644"},"modified":"2022-09-07T11:34:15","modified_gmt":"2022-09-07T11:34:15","slug":"carro-de-ferramentas-tipo-trolley-rebativel-para-trabalhos-ao-ar-livre","status":"publish","type":"product","link":"https:\/\/bricofel.com\/site\/product\/carro-de-ferramentas-tipo-trolley-rebativel-para-trabalhos-ao-ar-livre\/","title":{"rendered":"Carro de ferramentas tipo trolley rebat\u00edvel para trabalhos ao ar livre"},"content":{"rendered":"","protected":false},"excerpt":{"rendered":"<div><strong>Transporte f\u00e1cil em ve\u00edculos<\/strong><\/div>\n<div>Carro de ferramentas tipo trolley, com colunas rebat\u00edveis para transporte f\u00e1cil.<br \/>\n2 gavetas, 588&#215;277 mm, com guias de rolamentos de esferas para abertura nos dois sentidos.<br \/>\nCompartimento inferior de grandes dimens\u00f5es, 588x277x220 mm.<br \/>\nEstrutura em metal.<br \/>\n2 rod\u00edzios fixos, \u00d8 160 mm, e 2 direcion\u00e1veis, \u00d8 100 mm (um com trav\u00e3o).<br \/>\nPlano de trabalho em termopl\u00e1stico com 6 tabuleiros para ferramentas inclu\u00eddos.<br \/>\nFecho centralizado.<br \/>\nPode ser equipado com divis\u00f3rias para gavetas e tabuleiros soft<\/div>\n","protected":false},"featured_media":1645,"template":"","meta":[],"product_cat":[126,121],"product_tag":[],"class_list":["post-1644","product","type-product","status-publish","has-post-thumbnail","hentry","product_cat-ferramentas-manuais","product_cat-madeira","product_brand-beta"],"aioseo_notices":[],"_links":{"self":[{"href":"https:\/\/bricofel.com\/site\/wp-json\/wp\/v2\/product\/1644","targetHints":{"allow":["GET"]}}],"collection":[{"href":"https:\/\/bricofel.com\/site\/wp-json\/wp\/v2\/product"}],"about":[{"href":"https:\/\/bricofel.com\/site\/wp-json\/wp\/v2\/types\/product"}],"wp:featuredmedia":[{"embeddable":true,"href":"https:\/\/bricofel.com\/site\/wp-json\/wp\/v2\/media\/1645"}],"wp:attachment":[{"href":"https:\/\/bricofel.com\/site\/wp-json\/wp\/v2\/media?parent=1644"}],"wp:term":[{"taxonomy":"product_cat","embeddable":true,"href":"https:\/\/bricofel.com\/site\/wp-json\/wp\/v2\/product_cat?post=1644"},{"taxonomy":"product_tag","embeddable":true,"href":"https:\/\/bricofel.com\/site\/wp-json\/wp\/v2\/product_tag?post=1644"}],"curies":[{"name":"wp","href":"https:\/\/api.w.org\/{rel}","templated":true}]}}