{"id":1850,"date":"2022-09-12T15:02:04","date_gmt":"2022-09-12T15:02:04","guid":{"rendered":"https:\/\/bricofel.com\/site\/?post_type=product&#038;p=1850"},"modified":"2022-11-07T12:11:56","modified_gmt":"2022-11-07T12:11:56","slug":"maquina-combinada-de-5-operacoes","status":"publish","type":"product","link":"https:\/\/bricofel.com\/site\/product\/maquina-combinada-de-5-operacoes\/","title":{"rendered":"M\u00e1quina Combinada de 5 Opera\u00e7\u00f5es"},"content":{"rendered":"","protected":false},"excerpt":{"rendered":"","protected":false},"featured_media":1874,"template":"","meta":[],"product_cat":[121,437],"product_tag":[],"class_list":["post-1850","product","type-product","status-publish","has-post-thumbnail","hentry","product_cat-madeira","product_cat-maq-amadoras-pintura-e-envernizamento","product_brand-holzmann"],"aioseo_notices":[],"_links":{"self":[{"href":"https:\/\/bricofel.com\/site\/wp-json\/wp\/v2\/product\/1850","targetHints":{"allow":["GET"]}}],"collection":[{"href":"https:\/\/bricofel.com\/site\/wp-json\/wp\/v2\/product"}],"about":[{"href":"https:\/\/bricofel.com\/site\/wp-json\/wp\/v2\/types\/product"}],"wp:featuredmedia":[{"embeddable":true,"href":"https:\/\/bricofel.com\/site\/wp-json\/wp\/v2\/media\/1874"}],"wp:attachment":[{"href":"https:\/\/bricofel.com\/site\/wp-json\/wp\/v2\/media?parent=1850"}],"wp:term":[{"taxonomy":"product_cat","embeddable":true,"href":"https:\/\/bricofel.com\/site\/wp-json\/wp\/v2\/product_cat?post=1850"},{"taxonomy":"product_tag","embeddable":true,"href":"https:\/\/bricofel.com\/site\/wp-json\/wp\/v2\/product_tag?post=1850"}],"curies":[{"name":"wp","href":"https:\/\/api.w.org\/{rel}","templated":true}]}}