{"id":1964,"date":"2022-09-13T11:08:41","date_gmt":"2022-09-13T11:08:41","guid":{"rendered":"https:\/\/bricofel.com\/site\/?post_type=product&#038;p=1964"},"modified":"2022-09-13T11:13:49","modified_gmt":"2022-09-13T11:13:49","slug":"motor-vibrador-portatil-avmu-enar","status":"publish","type":"product","link":"https:\/\/bricofel.com\/site\/product\/motor-vibrador-portatil-avmu-enar\/","title":{"rendered":"Motor Vibrador Portatil AVMU ENAR"},"content":{"rendered":"<p>Motor electrico 220V para acopular a agulhas Vibradoras com trasmi\u00e7\u00e3o de varias dimen\u00e7\u00f5es<\/p>\n","protected":false},"excerpt":{"rendered":"<p>Motor electrico 220V para acopular a agulhas Vibradoras com trasmi\u00e7\u00e3o de varias dimen\u00e7\u00f5es<\/p>\n","protected":false},"featured_media":1967,"template":"","meta":[],"product_cat":[105],"product_tag":[],"class_list":["post-1964","product","type-product","status-publish","has-post-thumbnail","hentry","product_cat-construcao-civil"],"aioseo_notices":[],"_links":{"self":[{"href":"https:\/\/bricofel.com\/site\/wp-json\/wp\/v2\/product\/1964","targetHints":{"allow":["GET"]}}],"collection":[{"href":"https:\/\/bricofel.com\/site\/wp-json\/wp\/v2\/product"}],"about":[{"href":"https:\/\/bricofel.com\/site\/wp-json\/wp\/v2\/types\/product"}],"wp:featuredmedia":[{"embeddable":true,"href":"https:\/\/bricofel.com\/site\/wp-json\/wp\/v2\/media\/1967"}],"wp:attachment":[{"href":"https:\/\/bricofel.com\/site\/wp-json\/wp\/v2\/media?parent=1964"}],"wp:term":[{"taxonomy":"product_cat","embeddable":true,"href":"https:\/\/bricofel.com\/site\/wp-json\/wp\/v2\/product_cat?post=1964"},{"taxonomy":"product_tag","embeddable":true,"href":"https:\/\/bricofel.com\/site\/wp-json\/wp\/v2\/product_tag?post=1964"}],"curies":[{"name":"wp","href":"https:\/\/api.w.org\/{rel}","templated":true}]}}