{"id":2309,"date":"2022-09-13T14:32:07","date_gmt":"2022-09-13T14:32:07","guid":{"rendered":"https:\/\/bricofel.com\/site\/?post_type=product&#038;p=2309"},"modified":"2022-09-13T14:41:24","modified_gmt":"2022-09-13T14:41:24","slug":"bucha-universal-ux","status":"publish","type":"product","link":"https:\/\/bricofel.com\/site\/product\/bucha-universal-ux\/","title":{"rendered":"Bucha universal UX"},"content":{"rendered":"<div class=\"rte\">\n<h2 class=\"h3 productSubHeadline\">A bucha de nylon para todos os materiais de constru\u00e7\u00e3o<\/h2>\n<\/div>\n<div class=\"rte\">\n<p>A bucha universal UX da fischer \u00e9 uma bucha de pl\u00e1stico fabricada em nylon de elevada qualidade. A bucha universal expande em materiais de constru\u00e7\u00e3o maci\u00e7os e entrela\u00e7a-se em materiais de constru\u00e7\u00e3o ocos e em pain\u00e9is de constru\u00e7\u00e3o, para uma m\u00e1xima reten\u00e7\u00e3o. Isto faz com que a UX da fischer seja sempre a escolha certa \u2013 mesmo quando n\u00e3o sabe qual \u00e9 o material de constru\u00e7\u00e3o. O rebordo impede que deslize para dentro do furo durante a instala\u00e7\u00e3o. Na vers\u00e3o sem rebordo, e profundidades de ancoragem maiores, a bucha universal UX da fischer \u00e9 indicada para instala\u00e7\u00e3o de encaixe. A bucha universal UX da fischer \u00e9 recomendada, por exemplo, para a fixa\u00e7\u00e3o de candeeiros, var\u00f5es para cortinas, arm\u00e1rios leves e rodap\u00e9s. Os conjuntos de fixa\u00e7\u00e3o com parafusos, olhais e ganchos, s\u00e3o a melhor solu\u00e7\u00e3o para praticamente todas as aplica\u00e7\u00f5es.<\/p>\n<\/div>\n","protected":false},"excerpt":{"rendered":"<p>A bucha de nylon para todos os materiais de constru\u00e7\u00e3o A bucha universal UX da fischer \u00e9 uma bucha de pl\u00e1stico fabricada em nylon de elevada qualidade. A bucha universal expande em materiais de constru\u00e7\u00e3o maci\u00e7os e entrela\u00e7a-se em materiais de constru\u00e7\u00e3o ocos e em pain\u00e9is de constru\u00e7\u00e3o, para uma m\u00e1xima reten\u00e7\u00e3o. Isto faz com [&#8230;]\n","protected":false},"featured_media":2345,"template":"","meta":[],"product_cat":[123,121],"product_tag":[],"class_list":["post-2309","product","type-product","status-publish","has-post-thumbnail","hentry","product_cat-consumiveis-e-quimicos","product_cat-madeira","product_brand-fischer"],"aioseo_notices":[],"_links":{"self":[{"href":"https:\/\/bricofel.com\/site\/wp-json\/wp\/v2\/product\/2309","targetHints":{"allow":["GET"]}}],"collection":[{"href":"https:\/\/bricofel.com\/site\/wp-json\/wp\/v2\/product"}],"about":[{"href":"https:\/\/bricofel.com\/site\/wp-json\/wp\/v2\/types\/product"}],"wp:featuredmedia":[{"embeddable":true,"href":"https:\/\/bricofel.com\/site\/wp-json\/wp\/v2\/media\/2345"}],"wp:attachment":[{"href":"https:\/\/bricofel.com\/site\/wp-json\/wp\/v2\/media?parent=2309"}],"wp:term":[{"taxonomy":"product_cat","embeddable":true,"href":"https:\/\/bricofel.com\/site\/wp-json\/wp\/v2\/product_cat?post=2309"},{"taxonomy":"product_tag","embeddable":true,"href":"https:\/\/bricofel.com\/site\/wp-json\/wp\/v2\/product_tag?post=2309"}],"curies":[{"name":"wp","href":"https:\/\/api.w.org\/{rel}","templated":true}]}}