{"id":2462,"date":"2022-09-13T15:53:09","date_gmt":"2022-09-13T15:53:09","guid":{"rendered":"https:\/\/bricofel.com\/site\/?post_type=product&#038;p=2462"},"modified":"2022-09-13T15:56:39","modified_gmt":"2022-09-13T15:56:39","slug":"c39-7-carro-com-sete-gavetas","status":"publish","type":"product","link":"https:\/\/bricofel.com\/site\/product\/c39-7-carro-com-sete-gavetas\/","title":{"rendered":"C39\/7 Carro com sete gavetas"},"content":{"rendered":"<p>Caracter\u00edsticas principais:<br \/>\n\u2022 7 gavetas (588&#215;367 mm) montadas em guias telesc\u00f3picas de esfera:<br \/>\n5 gavetas, 70 mm altura.<br \/>\n1 gaveta, 140 mm altura.<br \/>\n1 gaveta, 210 mm altura.<br \/>\n\u2022 Fundo das gavetas protegidas com tapete de borracha.<br \/>\n\u2022 4 rodas com di\u00e2metro de 125 mm de \u00d8:<br \/>\n2 fixas e 2 girat\u00f3rias (uma com trav\u00e3o).<br \/>\n\u2022 Fechadura frontal centralizada.<br \/>\n\u2022 Sistema de abertura ao longo do comprimento da gaveta.<br \/>\n\u2022 Capacidade de carga est\u00e1tica: 1200 kg.<br \/>\n\u2022 \u00c1rea de trabalho em pl\u00e1stico t\u00e9rmico.<br \/>\n\u2022 Suporte para garrafas lateral e traseiro integrados.<br \/>\n\u2022 Suporte para papel integrado.<br \/>\n\u2022 Laterais da frente e gavetas em alum\u00ednio.<\/p>\n","protected":false},"excerpt":{"rendered":"<p>Caracter\u00edsticas principais: \u2022 7 gavetas (588&#215;367 mm) montadas em guias telesc\u00f3picas de esfera: 5 gavetas, 70 mm altura. 1 gaveta, 140 mm altura. 1 gaveta, 210 mm altura. \u2022 Fundo das gavetas protegidas com tapete de borracha. \u2022 4 rodas com di\u00e2metro de 125 mm de \u00d8: 2 fixas e 2 girat\u00f3rias (uma com trav\u00e3o). [&#8230;]\n","protected":false},"featured_media":2480,"template":"","meta":[],"product_cat":[82,75],"product_tag":[],"class_list":["post-2462","product","type-product","status-publish","has-post-thumbnail","hentry","product_cat-ferramentas-tecnicas","product_cat-oficina-auto","product_brand-beta"],"aioseo_notices":[],"_links":{"self":[{"href":"https:\/\/bricofel.com\/site\/wp-json\/wp\/v2\/product\/2462","targetHints":{"allow":["GET"]}}],"collection":[{"href":"https:\/\/bricofel.com\/site\/wp-json\/wp\/v2\/product"}],"about":[{"href":"https:\/\/bricofel.com\/site\/wp-json\/wp\/v2\/types\/product"}],"wp:featuredmedia":[{"embeddable":true,"href":"https:\/\/bricofel.com\/site\/wp-json\/wp\/v2\/media\/2480"}],"wp:attachment":[{"href":"https:\/\/bricofel.com\/site\/wp-json\/wp\/v2\/media?parent=2462"}],"wp:term":[{"taxonomy":"product_cat","embeddable":true,"href":"https:\/\/bricofel.com\/site\/wp-json\/wp\/v2\/product_cat?post=2462"},{"taxonomy":"product_tag","embeddable":true,"href":"https:\/\/bricofel.com\/site\/wp-json\/wp\/v2\/product_tag?post=2462"}],"curies":[{"name":"wp","href":"https:\/\/api.w.org\/{rel}","templated":true}]}}