{"id":2537,"date":"2022-09-13T16:29:01","date_gmt":"2022-09-13T16:29:01","guid":{"rendered":"https:\/\/bricofel.com\/site\/?post_type=product&#038;p=2537"},"modified":"2022-09-13T16:31:06","modified_gmt":"2022-09-13T16:31:06","slug":"dynamic-620-start","status":"publish","type":"product","link":"https:\/\/bricofel.com\/site\/product\/dynamic-620-start\/","title":{"rendered":"DYNAMIC 620 START"},"content":{"rendered":"<p>Carregador e arrancador de baterias para carregar baterias electrol\u00edticas livres (WET) com tens\u00e3o de 12\/24V e ligar todo o tipo de autom\u00f3veis, carrinhas e cami\u00f5es ligeiros.<br \/>\nCaracter\u00edsticas:<br \/>\n&#8211; escolha de carga normal, carga r\u00e1pida (BOOST), in\u00edcio r\u00e1pido<br \/>\n&#8211; temporizador para carregamento r\u00e1pido<br \/>\n&#8211; exibi\u00e7\u00e3o de carga e corrente de partida<br \/>\n&#8211; prote\u00e7\u00e3o contra sobrecargas e invers\u00e3o de polaridade.<\/p>\n","protected":false},"excerpt":{"rendered":"<p>Carregador e arrancador de baterias para carregar baterias electrol\u00edticas livres (WET) com tens\u00e3o de 12\/24V e ligar todo o tipo de autom\u00f3veis, carrinhas e cami\u00f5es ligeiros. Caracter\u00edsticas: &#8211; escolha de carga normal, carga r\u00e1pida (BOOST), in\u00edcio r\u00e1pido &#8211; temporizador para carregamento r\u00e1pido &#8211; exibi\u00e7\u00e3o de carga e corrente de partida &#8211; prote\u00e7\u00e3o contra sobrecargas e [&#8230;]\n","protected":false},"featured_media":2546,"template":"","meta":[],"product_cat":[82,75],"product_tag":[],"class_list":["post-2537","product","type-product","status-publish","has-post-thumbnail","hentry","product_cat-ferramentas-tecnicas","product_cat-oficina-auto","product_brand-telwin"],"aioseo_notices":[],"_links":{"self":[{"href":"https:\/\/bricofel.com\/site\/wp-json\/wp\/v2\/product\/2537","targetHints":{"allow":["GET"]}}],"collection":[{"href":"https:\/\/bricofel.com\/site\/wp-json\/wp\/v2\/product"}],"about":[{"href":"https:\/\/bricofel.com\/site\/wp-json\/wp\/v2\/types\/product"}],"wp:featuredmedia":[{"embeddable":true,"href":"https:\/\/bricofel.com\/site\/wp-json\/wp\/v2\/media\/2546"}],"wp:attachment":[{"href":"https:\/\/bricofel.com\/site\/wp-json\/wp\/v2\/media?parent=2537"}],"wp:term":[{"taxonomy":"product_cat","embeddable":true,"href":"https:\/\/bricofel.com\/site\/wp-json\/wp\/v2\/product_cat?post=2537"},{"taxonomy":"product_tag","embeddable":true,"href":"https:\/\/bricofel.com\/site\/wp-json\/wp\/v2\/product_tag?post=2537"}],"curies":[{"name":"wp","href":"https:\/\/api.w.org\/{rel}","templated":true}]}}