{"id":2783,"date":"2022-09-14T10:24:42","date_gmt":"2022-09-14T10:24:42","guid":{"rendered":"https:\/\/bricofel.com\/site\/?post_type=product&#038;p=2783"},"modified":"2022-09-14T10:52:09","modified_gmt":"2022-09-14T10:52:09","slug":"px8000-230v-50hz-avr","status":"publish","type":"product","link":"https:\/\/bricofel.com\/site\/product\/px8000-230v-50hz-avr\/","title":{"rendered":"PX8000 230V 50HZ #AVR"},"content":{"rendered":"<p>Pronto para se mover onde a energia \u00e9 necess\u00e1ria, e configurado com uma estrutura forte e compacta com al\u00e7a e rodas integradas, que permitem transport\u00e1-lo facilmente.<\/p>\n","protected":false},"excerpt":{"rendered":"<p>Pronto para se mover onde a energia \u00e9 necess\u00e1ria, e configurado com uma estrutura forte e compacta com al\u00e7a e rodas integradas, que permitem transport\u00e1-lo facilmente.<\/p>\n","protected":false},"featured_media":2822,"template":"","meta":[],"product_cat":[70,72],"product_tag":[],"class_list":["post-2783","product","type-product","status-publish","has-post-thumbnail","hentry","product_cat-energia","product_cat-geradores-portateis","product_brand-pramac"],"aioseo_notices":[],"_links":{"self":[{"href":"https:\/\/bricofel.com\/site\/wp-json\/wp\/v2\/product\/2783","targetHints":{"allow":["GET"]}}],"collection":[{"href":"https:\/\/bricofel.com\/site\/wp-json\/wp\/v2\/product"}],"about":[{"href":"https:\/\/bricofel.com\/site\/wp-json\/wp\/v2\/types\/product"}],"wp:featuredmedia":[{"embeddable":true,"href":"https:\/\/bricofel.com\/site\/wp-json\/wp\/v2\/media\/2822"}],"wp:attachment":[{"href":"https:\/\/bricofel.com\/site\/wp-json\/wp\/v2\/media?parent=2783"}],"wp:term":[{"taxonomy":"product_cat","embeddable":true,"href":"https:\/\/bricofel.com\/site\/wp-json\/wp\/v2\/product_cat?post=2783"},{"taxonomy":"product_tag","embeddable":true,"href":"https:\/\/bricofel.com\/site\/wp-json\/wp\/v2\/product_tag?post=2783"}],"curies":[{"name":"wp","href":"https:\/\/api.w.org\/{rel}","templated":true}]}}