{"id":2849,"date":"2022-09-14T10:59:30","date_gmt":"2022-09-14T10:59:30","guid":{"rendered":"https:\/\/bricofel.com\/site\/?post_type=product&#038;p=2849"},"modified":"2022-11-07T14:43:36","modified_gmt":"2022-11-07T14:43:36","slug":"multi-stage-submersible-pumps","status":"publish","type":"product","link":"https:\/\/bricofel.com\/site\/product\/multi-stage-submersible-pumps\/","title":{"rendered":"Eletrobomba Sub. P\/Po\u00e7os Largos UPm 2\/4 GE c\/boia Pedrollo"},"content":{"rendered":"<p>A eletrobomba Submers\u00edvel Pedrollo para po\u00e7os largos da linha UP faz parte de uma nova linha de eletrobombas submers\u00edveis multi est\u00e1gio!<\/p>\n<p>Garantem ainda mais confian\u00e7a, gra\u00e7as a solu\u00e7\u00f5es t\u00e9cnicas inovadoras patenteadas que evitam o bloqueio das turbinas mesmo ap\u00f3s longos per\u00edodos de inatividade.<br \/>\nDevido \u00e0 sua alta efici\u00eancia e qualidade de constru\u00e7\u00e3o, estas eletrobombas s\u00e3o adequadas para uso com \u00e1gua limpa em aplica\u00e7\u00f5es dom\u00e9sticas, civis, agr\u00edcolas e industriais, bem como para a distribui\u00e7\u00e3o de \u00e1gua em tanques de press\u00e3o, para irriga\u00e7\u00e3o de jardins e pomares e para aumento de press\u00e3o, etc.<\/p>\n","protected":false},"excerpt":{"rendered":"<p>A eletrobomba Submers\u00edvel Pedrollo para po\u00e7os largos da linha UP faz parte de uma nova linha de eletrobombas submers\u00edveis multi est\u00e1gio! Garantem ainda mais confian\u00e7a, gra\u00e7as a solu\u00e7\u00f5es t\u00e9cnicas inovadoras patenteadas que evitam o bloqueio das turbinas mesmo ap\u00f3s longos per\u00edodos de inatividade. Devido \u00e0 sua alta efici\u00eancia e qualidade de constru\u00e7\u00e3o, estas eletrobombas s\u00e3o [&#8230;]\n","protected":false},"featured_media":2858,"template":"","meta":[],"product_cat":[444,70],"product_tag":[],"class_list":["post-2849","product","type-product","status-publish","has-post-thumbnail","hentry","product_cat-electrobombas","product_cat-energia","product_brand-pedrollo"],"aioseo_notices":[],"_links":{"self":[{"href":"https:\/\/bricofel.com\/site\/wp-json\/wp\/v2\/product\/2849","targetHints":{"allow":["GET"]}}],"collection":[{"href":"https:\/\/bricofel.com\/site\/wp-json\/wp\/v2\/product"}],"about":[{"href":"https:\/\/bricofel.com\/site\/wp-json\/wp\/v2\/types\/product"}],"wp:featuredmedia":[{"embeddable":true,"href":"https:\/\/bricofel.com\/site\/wp-json\/wp\/v2\/media\/2858"}],"wp:attachment":[{"href":"https:\/\/bricofel.com\/site\/wp-json\/wp\/v2\/media?parent=2849"}],"wp:term":[{"taxonomy":"product_cat","embeddable":true,"href":"https:\/\/bricofel.com\/site\/wp-json\/wp\/v2\/product_cat?post=2849"},{"taxonomy":"product_tag","embeddable":true,"href":"https:\/\/bricofel.com\/site\/wp-json\/wp\/v2\/product_tag?post=2849"}],"curies":[{"name":"wp","href":"https:\/\/api.w.org\/{rel}","templated":true}]}}