{"id":2852,"date":"2022-09-14T10:59:33","date_gmt":"2022-09-14T10:59:33","guid":{"rendered":"https:\/\/bricofel.com\/site\/?post_type=product&#038;p=2852"},"modified":"2022-11-07T14:35:03","modified_gmt":"2022-11-07T14:35:03","slug":"bombas-com-impulsor-periferico","status":"publish","type":"product","link":"https:\/\/bricofel.com\/site\/product\/bombas-com-impulsor-periferico\/","title":{"rendered":"Bombas com impulsor perif\u00e9rico"},"content":{"rendered":"<p>Adequado para uso com \u00e1gua limpa que n\u00e3o cont\u00e9m part\u00edculas abrasivas e l\u00edquidos que n\u00e3o sejam quimicamente agressivos para os materiais de que \u00e9 feita a bomba.<br \/>\nGra\u00e7as \u00e0 sua fiabilidade, ao facto de serem f\u00e1ceis de utilizar e econ\u00f3micos, s\u00e3o ideais para uso dom\u00e9stico e em particular para distribui\u00e7\u00e3o de \u00e1gua em combina\u00e7\u00e3o com pequenos conjuntos de press\u00e3o e para a irriga\u00e7\u00e3o de jardins e loteamentos.<br \/>\nA bomba deve ser instalada em um ambiente fechado, ou pelo menos protegido de intemp\u00e9ries.<\/p>\n","protected":false},"excerpt":{"rendered":"<p>Adequado para uso com \u00e1gua limpa que n\u00e3o cont\u00e9m part\u00edculas abrasivas e l\u00edquidos que n\u00e3o sejam quimicamente agressivos para os materiais de que \u00e9 feita a bomba. Gra\u00e7as \u00e0 sua fiabilidade, ao facto de serem f\u00e1ceis de utilizar e econ\u00f3micos, s\u00e3o ideais para uso dom\u00e9stico e em particular para distribui\u00e7\u00e3o de \u00e1gua em combina\u00e7\u00e3o com [&#8230;]\n","protected":false},"featured_media":2861,"template":"","meta":[],"product_cat":[444,70],"product_tag":[],"class_list":["post-2852","product","type-product","status-publish","has-post-thumbnail","hentry","product_cat-electrobombas","product_cat-energia","product_brand-pedrollo"],"aioseo_notices":[],"_links":{"self":[{"href":"https:\/\/bricofel.com\/site\/wp-json\/wp\/v2\/product\/2852","targetHints":{"allow":["GET"]}}],"collection":[{"href":"https:\/\/bricofel.com\/site\/wp-json\/wp\/v2\/product"}],"about":[{"href":"https:\/\/bricofel.com\/site\/wp-json\/wp\/v2\/types\/product"}],"wp:featuredmedia":[{"embeddable":true,"href":"https:\/\/bricofel.com\/site\/wp-json\/wp\/v2\/media\/2861"}],"wp:attachment":[{"href":"https:\/\/bricofel.com\/site\/wp-json\/wp\/v2\/media?parent=2852"}],"wp:term":[{"taxonomy":"product_cat","embeddable":true,"href":"https:\/\/bricofel.com\/site\/wp-json\/wp\/v2\/product_cat?post=2852"},{"taxonomy":"product_tag","embeddable":true,"href":"https:\/\/bricofel.com\/site\/wp-json\/wp\/v2\/product_tag?post=2852"}],"curies":[{"name":"wp","href":"https:\/\/api.w.org\/{rel}","templated":true}]}}