{"id":2855,"date":"2022-09-14T10:59:36","date_gmt":"2022-09-14T10:59:36","guid":{"rendered":"https:\/\/bricofel.com\/site\/?post_type=product&#038;p=2855"},"modified":"2022-11-07T14:34:46","modified_gmt":"2022-11-07T14:34:46","slug":"bomba-centrifugadora","status":"publish","type":"product","link":"https:\/\/bricofel.com\/site\/product\/bomba-centrifugadora\/","title":{"rendered":"Bomba centrifugadora"},"content":{"rendered":"<p>A alta efici\u00eancia e as capacidades de servi\u00e7o cont\u00ednuo tornam essas bombas ideais para uso em atividades como irriga\u00e7\u00e3o por inunda\u00e7\u00e3o e aspers\u00e3o, capta\u00e7\u00e3o de \u00e1gua de lagos, rios e po\u00e7os, ou para qualquer n\u00famero de aplica\u00e7\u00f5es industriais diferentes onde as caracter\u00edsticas de altas taxas de fluxo e m\u00e9dias a baixas cabe\u00e7a s\u00e3o necess\u00e1rios. Adequado para uso em aplica\u00e7\u00f5es civis e agr\u00edcolas. A bomba deve ser instalada em um ambiente fechado, ou pelo menos protegido de intemp\u00e9ries.<\/p>\n","protected":false},"excerpt":{"rendered":"<p>A alta efici\u00eancia e as capacidades de servi\u00e7o cont\u00ednuo tornam essas bombas ideais para uso em atividades como irriga\u00e7\u00e3o por inunda\u00e7\u00e3o e aspers\u00e3o, capta\u00e7\u00e3o de \u00e1gua de lagos, rios e po\u00e7os, ou para qualquer n\u00famero de aplica\u00e7\u00f5es industriais diferentes onde as caracter\u00edsticas de altas taxas de fluxo e m\u00e9dias a baixas cabe\u00e7a s\u00e3o necess\u00e1rios. Adequado [&#8230;]\n","protected":false},"featured_media":2864,"template":"","meta":[],"product_cat":[444,70],"product_tag":[],"class_list":["post-2855","product","type-product","status-publish","has-post-thumbnail","hentry","product_cat-electrobombas","product_cat-energia","product_brand-pedrollo"],"aioseo_notices":[],"_links":{"self":[{"href":"https:\/\/bricofel.com\/site\/wp-json\/wp\/v2\/product\/2855","targetHints":{"allow":["GET"]}}],"collection":[{"href":"https:\/\/bricofel.com\/site\/wp-json\/wp\/v2\/product"}],"about":[{"href":"https:\/\/bricofel.com\/site\/wp-json\/wp\/v2\/types\/product"}],"wp:featuredmedia":[{"embeddable":true,"href":"https:\/\/bricofel.com\/site\/wp-json\/wp\/v2\/media\/2864"}],"wp:attachment":[{"href":"https:\/\/bricofel.com\/site\/wp-json\/wp\/v2\/media?parent=2855"}],"wp:term":[{"taxonomy":"product_cat","embeddable":true,"href":"https:\/\/bricofel.com\/site\/wp-json\/wp\/v2\/product_cat?post=2855"},{"taxonomy":"product_tag","embeddable":true,"href":"https:\/\/bricofel.com\/site\/wp-json\/wp\/v2\/product_tag?post=2855"}],"curies":[{"name":"wp","href":"https:\/\/api.w.org\/{rel}","templated":true}]}}