{"id":3013,"date":"2022-11-09T10:56:36","date_gmt":"2022-11-09T10:56:36","guid":{"rendered":"https:\/\/bricofel.com\/site\/?post_type=product&#038;p=3013"},"modified":"2022-11-09T10:58:19","modified_gmt":"2022-11-09T10:58:19","slug":"winline","status":"publish","type":"product","link":"https:\/\/bricofel.com\/site\/product\/winline\/","title":{"rendered":"WINLINE"},"content":{"rendered":"<section class=\"tooltip-prod\" data-component-id=\"2906\">\n<article class=\"intro\"><strong>WinLine 16<\/strong>\u00a0\u00e9 o novo centro m\u00faltiplo NC da Biesse para a produ\u00e7\u00e3o de portas e janelas concebido para pequenos produtores e pequenas ind\u00fastrias que querem aumentar a produ\u00e7\u00e3o e para pequenas, m\u00e9dias e grandes ind\u00fastrias que precisam produzir pequenos lotes de tamanhos fora do padr\u00e3o ou restaura\u00e7\u00f5es. O sistema produz tanto portas e janelas padr\u00e3o, como especiais com a m\u00e1xima simplicidade, enquanto o operador executa outras tarefas; a m\u00e1quina ocupa apenas uma pequena \u00e1rea e executa autonomamente carga, descarga e posicionamento das pe\u00e7as com extrema precis\u00e3o.<\/article>\n<\/section>\n<article><\/article>\n<article><\/article>\n","protected":false},"excerpt":{"rendered":"<p><strong>WinLine 16<\/strong>\u00a0\u00e9 o novo centro m\u00faltiplo NC da Biesse para a produ\u00e7\u00e3o de portas e janelas concebido para pequenos produtores e pequenas ind\u00fastrias que querem aumentar a produ\u00e7\u00e3o e para pequenas, m\u00e9dias e grandes ind\u00fastrias que precisam produzir pequenos lotes de tamanhos fora do padr\u00e3o ou restaura\u00e7\u00f5es.<\/p>\n","protected":false},"featured_media":3014,"template":"","meta":[],"product_cat":[121,436],"product_tag":[],"class_list":["post-3013","product","type-product","status-publish","has-post-thumbnail","hentry","product_cat-madeira","product_cat-maquinas-de-producao-industrial","product_brand-biesse"],"aioseo_notices":[],"_links":{"self":[{"href":"https:\/\/bricofel.com\/site\/wp-json\/wp\/v2\/product\/3013","targetHints":{"allow":["GET"]}}],"collection":[{"href":"https:\/\/bricofel.com\/site\/wp-json\/wp\/v2\/product"}],"about":[{"href":"https:\/\/bricofel.com\/site\/wp-json\/wp\/v2\/types\/product"}],"wp:featuredmedia":[{"embeddable":true,"href":"https:\/\/bricofel.com\/site\/wp-json\/wp\/v2\/media\/3014"}],"wp:attachment":[{"href":"https:\/\/bricofel.com\/site\/wp-json\/wp\/v2\/media?parent=3013"}],"wp:term":[{"taxonomy":"product_cat","embeddable":true,"href":"https:\/\/bricofel.com\/site\/wp-json\/wp\/v2\/product_cat?post=3013"},{"taxonomy":"product_tag","embeddable":true,"href":"https:\/\/bricofel.com\/site\/wp-json\/wp\/v2\/product_tag?post=3013"}],"curies":[{"name":"wp","href":"https:\/\/api.w.org\/{rel}","templated":true}]}}