{"id":3033,"date":"2022-11-09T11:43:01","date_gmt":"2022-11-09T11:43:01","guid":{"rendered":"https:\/\/bricofel.com\/site\/?post_type=product&#038;p=3033"},"modified":"2022-11-09T11:44:31","modified_gmt":"2022-11-09T11:44:31","slug":"harnnett-target-std-flex","status":"publish","type":"product","link":"https:\/\/bricofel.com\/site\/product\/harnnett-target-std-flex\/","title":{"rendered":"H\u00c4RNNETT TARGET STD Flex"},"content":{"rendered":"<p>Centro de usinagem de alta produ\u00e7\u00e3o<br \/>\nComposto por uma mesa fixa e uma ponte m\u00f3vel com suporte duplo.<\/p>\n<p>Servo motores potentes que oferecem posicionamento exato, alta velocidade, opera\u00e7\u00e3o suave, sem vibra\u00e7\u00e3o e f\u00e1cil manuseio.<\/p>\n<p>Unidade para fura\u00e7\u00e3o vertical e horizontal, mesa de v\u00e1cuo com suporte m\u00e1ximo das pe\u00e7as gra\u00e7as ao entalhe especial preciso.<\/p>\n<p>Constru\u00eddo sobre uma bancada especial predisposta para a futura instala\u00e7\u00e3o de uma mesa de descarga.<\/p>\n<p>Com empurrador de descarga frontal para entrega suave de pe\u00e7as j\u00e1 usinadas.<br \/>\nCentro de usinagem capaz de usinar:<\/p>\n<ul>\n<li>Madeira: aglomerado, melamina,\u2026<\/li>\n<li>Pl\u00e1sticos: PVC, ABS, Polietileno, espuma de polipropileno,\u2026<\/li>\n<li>Comp\u00f3sitos: Alucobond, Dibond, Trespa,\u2026<\/li>\n<li>Superf\u00edcies S\u00f3lidas: Corian, Krion, \u2026<\/li>\n<li>Metais n\u00e3o ferrosos: alum\u00ednio, bronze, \u2026<\/li>\n<\/ul>\n","protected":false},"excerpt":{"rendered":"<p>Centro de usinagem de alta produ\u00e7\u00e3o<br \/>\nComposto por uma mesa fixa e uma ponte m\u00f3vel com suporte duplo.<\/p>\n","protected":false},"featured_media":3034,"template":"","meta":[],"product_cat":[121,436,440,439,443],"product_tag":[],"class_list":["post-3033","product","type-product","status-publish","has-post-thumbnail","hentry","product_cat-madeira","product_cat-maquinas-de-producao-industrial","product_cat-maquinas-industriais-metal","product_cat-metal","product_cat-trabalho-em-aluminio-pvc","product_brand-harnnett"],"aioseo_notices":[],"_links":{"self":[{"href":"https:\/\/bricofel.com\/site\/wp-json\/wp\/v2\/product\/3033","targetHints":{"allow":["GET"]}}],"collection":[{"href":"https:\/\/bricofel.com\/site\/wp-json\/wp\/v2\/product"}],"about":[{"href":"https:\/\/bricofel.com\/site\/wp-json\/wp\/v2\/types\/product"}],"wp:featuredmedia":[{"embeddable":true,"href":"https:\/\/bricofel.com\/site\/wp-json\/wp\/v2\/media\/3034"}],"wp:attachment":[{"href":"https:\/\/bricofel.com\/site\/wp-json\/wp\/v2\/media?parent=3033"}],"wp:term":[{"taxonomy":"product_cat","embeddable":true,"href":"https:\/\/bricofel.com\/site\/wp-json\/wp\/v2\/product_cat?post=3033"},{"taxonomy":"product_tag","embeddable":true,"href":"https:\/\/bricofel.com\/site\/wp-json\/wp\/v2\/product_tag?post=3033"}],"curies":[{"name":"wp","href":"https:\/\/api.w.org\/{rel}","templated":true}]}}