{"id":3035,"date":"2022-11-09T11:52:52","date_gmt":"2022-11-09T11:52:52","guid":{"rendered":"https:\/\/bricofel.com\/site\/?post_type=product&#038;p=3035"},"modified":"2022-11-09T11:54:23","modified_gmt":"2022-11-09T11:54:23","slug":"cncalume-alvo-cnc-target-aluminio","status":"publish","type":"product","link":"https:\/\/bricofel.com\/site\/product\/cncalume-alvo-cnc-target-aluminio\/","title":{"rendered":"CNCALUME ALVO CNC TARGET Alum\u00ednio"},"content":{"rendered":"<p>Composto por uma mesa fixa e uma ponte m\u00f3vel com suporte duplo.<br \/>\nMesa de console de alum\u00ednio para usinagem da face final de placas.<\/p>\n<p>Servo motores potentes que oferecem posicionamento exato, alta velocidade, opera\u00e7\u00e3o suave, sem vibra\u00e7\u00e3o e f\u00e1cil manuseio.<\/p>\n<p>Unidade para fura\u00e7\u00e3o vertical e horizontal, mesa de v\u00e1cuo com suporte m\u00e1ximo das pe\u00e7as gra\u00e7as ao entalhe especial preciso.<br \/>\nCapacidade de trabalhar no modo de p\u00eandulo para maior velocidade de produ\u00e7\u00e3o.<\/p>\n<p>Suportes e batentes retr\u00e1teis para trabalhos de carpintaria, portas, veda\u00e7\u00f5es, etc&#8230;<\/p>\n<p>Otimiza\u00e7\u00e3o do controle CNC para maior precis\u00e3o de corte e velocidade de movimento.<\/p>\n","protected":false},"excerpt":{"rendered":"<p>Composto por uma mesa fixa e uma ponte m\u00f3vel com suporte duplo.<br \/>\nMesa de console de alum\u00ednio para usinagem da face final de placas.<\/p>\n","protected":false},"featured_media":3036,"template":"","meta":[],"product_cat":[439,443],"product_tag":[],"class_list":["post-3035","product","type-product","status-publish","has-post-thumbnail","hentry","product_cat-metal","product_cat-trabalho-em-aluminio-pvc","product_brand-harnnett"],"aioseo_notices":[],"_links":{"self":[{"href":"https:\/\/bricofel.com\/site\/wp-json\/wp\/v2\/product\/3035","targetHints":{"allow":["GET"]}}],"collection":[{"href":"https:\/\/bricofel.com\/site\/wp-json\/wp\/v2\/product"}],"about":[{"href":"https:\/\/bricofel.com\/site\/wp-json\/wp\/v2\/types\/product"}],"wp:featuredmedia":[{"embeddable":true,"href":"https:\/\/bricofel.com\/site\/wp-json\/wp\/v2\/media\/3036"}],"wp:attachment":[{"href":"https:\/\/bricofel.com\/site\/wp-json\/wp\/v2\/media?parent=3035"}],"wp:term":[{"taxonomy":"product_cat","embeddable":true,"href":"https:\/\/bricofel.com\/site\/wp-json\/wp\/v2\/product_cat?post=3035"},{"taxonomy":"product_tag","embeddable":true,"href":"https:\/\/bricofel.com\/site\/wp-json\/wp\/v2\/product_tag?post=3035"}],"curies":[{"name":"wp","href":"https:\/\/api.w.org\/{rel}","templated":true}]}}