{"id":3037,"date":"2022-11-09T11:55:00","date_gmt":"2022-11-09T11:55:00","guid":{"rendered":"https:\/\/bricofel.com\/site\/?post_type=product&#038;p=3037"},"modified":"2022-11-09T11:57:10","modified_gmt":"2022-11-09T11:57:10","slug":"cnc-harnnett-target-universal","status":"publish","type":"product","link":"https:\/\/bricofel.com\/site\/product\/cnc-harnnett-target-universal\/","title":{"rendered":"CNC H\u00c4RNNETT TARGET Universal"},"content":{"rendered":"<p>Duas m\u00e1quinas no mesmo espa\u00e7o<br \/>\nSua condi\u00e7\u00e3o Universal permite que esses centros de usinagem forne\u00e7am duas m\u00e1quinas em uma.<br \/>\nGra\u00e7as \u00e0 sua mesa de trabalho de dupla camada, pode realizar trabalhos em diversos materiais como madeira, pl\u00e1sticos, alum\u00ednio ou metais n\u00e3o ferrosos, bem como usinar novos materiais como Solid Surfaces (Krion ou Corian) e comp\u00f3sitos (Trespa, Dibond ou Alucobond).<br \/>\nSe o que voc\u00ea deseja \u00e9 realizar trabalhos de usinagem em portas, port\u00f5es ou janelas, basta arrastar os consoles de alum\u00ednio para a mesa Nesting.<br \/>\nGra\u00e7as a uma estrutura robusta e um design que leva em conta essas duas formas de trabalho, voc\u00ea pode ter uma m\u00e1quina completa em uma, sem abrir m\u00e3o de nenhuma funcionalidade dos tradicionais centros de usinagem de barras de alum\u00ednio e mesas de trabalho em grade.<\/p>\n<p>Para trabalhos de alta produ\u00e7\u00e3o, a m\u00e1quina pode trabalhar no modo de p\u00eandulo. Isso significa que voc\u00ea n\u00e3o perder\u00e1 tempo carregando e descarregando o material, pois o trabalho ser\u00e1 realizado constantemente.<\/p>\n<p>Para completar este centro de usinagem, conta com potentes fresadoras verticais com troca de ferramenta, grupo de fura\u00e7\u00e3o e motor horizontal conforme sua necessidade.<\/p>\n","protected":false},"excerpt":{"rendered":"<p>Duas m\u00e1quinas no mesmo espa\u00e7o<br \/>\nSua condi\u00e7\u00e3o Universal permite que esses centros de usinagem forne\u00e7am duas m\u00e1quinas em uma.<\/p>\n","protected":false},"featured_media":3038,"template":"","meta":[],"product_cat":[121,436,440,439,443],"product_tag":[],"class_list":["post-3037","product","type-product","status-publish","has-post-thumbnail","hentry","product_cat-madeira","product_cat-maquinas-de-producao-industrial","product_cat-maquinas-industriais-metal","product_cat-metal","product_cat-trabalho-em-aluminio-pvc","product_brand-harnnett"],"aioseo_notices":[],"_links":{"self":[{"href":"https:\/\/bricofel.com\/site\/wp-json\/wp\/v2\/product\/3037","targetHints":{"allow":["GET"]}}],"collection":[{"href":"https:\/\/bricofel.com\/site\/wp-json\/wp\/v2\/product"}],"about":[{"href":"https:\/\/bricofel.com\/site\/wp-json\/wp\/v2\/types\/product"}],"wp:featuredmedia":[{"embeddable":true,"href":"https:\/\/bricofel.com\/site\/wp-json\/wp\/v2\/media\/3038"}],"wp:attachment":[{"href":"https:\/\/bricofel.com\/site\/wp-json\/wp\/v2\/media?parent=3037"}],"wp:term":[{"taxonomy":"product_cat","embeddable":true,"href":"https:\/\/bricofel.com\/site\/wp-json\/wp\/v2\/product_cat?post=3037"},{"taxonomy":"product_tag","embeddable":true,"href":"https:\/\/bricofel.com\/site\/wp-json\/wp\/v2\/product_tag?post=3037"}],"curies":[{"name":"wp","href":"https:\/\/api.w.org\/{rel}","templated":true}]}}