{"id":3039,"date":"2022-11-09T11:58:22","date_gmt":"2022-11-09T11:58:22","guid":{"rendered":"https:\/\/bricofel.com\/site\/?post_type=product&#038;p=3039"},"modified":"2022-11-09T12:00:08","modified_gmt":"2022-11-09T12:00:08","slug":"cnc-harnnett-target","status":"publish","type":"product","link":"https:\/\/bricofel.com\/site\/product\/cnc-harnnett-target\/","title":{"rendered":"CNC H\u00c4RNNETT TARGET"},"content":{"rendered":"<p>M\u00e1quinas dotadas de grande precis\u00e3o e velocidade com uma estrutura forte ideal para absorver o esfor\u00e7o de fresagem e eliminar as vibra\u00e7\u00f5es.<\/p>\n<p>Unidade de trabalho para fura\u00e7\u00e3o horizontal e vertical, mesa a v\u00e1cuo para melhor ajuste das pe\u00e7as a serem trabalhadas e mesa ranhurada que ajuda a adaptar as pe\u00e7as \u00e0 usinagem.<\/p>\n<p>Empurrador autom\u00e1tico que facilita a descarga. Com mesas de carga e descarga, empurrador de descarga para a entrega suave de pe\u00e7as j\u00e1 usinadas.<br \/>\nCentro de usinagem capaz de usinar:<\/p>\n<ul>\n<li>Madeira: aglomerado, melamina,\u2026<\/li>\n<li>Pl\u00e1sticos: PVC, ABS, Polietileno, espuma de polipropileno,\u2026<\/li>\n<li>Comp\u00f3sitos: Alucobond, Dibond, Trespa,\u2026<\/li>\n<li>Superf\u00edcies S\u00f3lidas: Corian, Krion, \u2026<\/li>\n<li>Metais n\u00e3o ferrosos: alum\u00ednio, bronze, \u2026<\/li>\n<\/ul>\n","protected":false},"excerpt":{"rendered":"<p>M\u00e1quinas dotadas de grande precis\u00e3o e velocidade com uma estrutura forte ideal para absorver o esfor\u00e7o de fresagem e eliminar as vibra\u00e7\u00f5es.<\/p>\n","protected":false},"featured_media":3040,"template":"","meta":[],"product_cat":[121,436,440,439,443],"product_tag":[],"class_list":["post-3039","product","type-product","status-publish","has-post-thumbnail","hentry","product_cat-madeira","product_cat-maquinas-de-producao-industrial","product_cat-maquinas-industriais-metal","product_cat-metal","product_cat-trabalho-em-aluminio-pvc","product_brand-harnnett"],"aioseo_notices":[],"_links":{"self":[{"href":"https:\/\/bricofel.com\/site\/wp-json\/wp\/v2\/product\/3039","targetHints":{"allow":["GET"]}}],"collection":[{"href":"https:\/\/bricofel.com\/site\/wp-json\/wp\/v2\/product"}],"about":[{"href":"https:\/\/bricofel.com\/site\/wp-json\/wp\/v2\/types\/product"}],"wp:featuredmedia":[{"embeddable":true,"href":"https:\/\/bricofel.com\/site\/wp-json\/wp\/v2\/media\/3040"}],"wp:attachment":[{"href":"https:\/\/bricofel.com\/site\/wp-json\/wp\/v2\/media?parent=3039"}],"wp:term":[{"taxonomy":"product_cat","embeddable":true,"href":"https:\/\/bricofel.com\/site\/wp-json\/wp\/v2\/product_cat?post=3039"},{"taxonomy":"product_tag","embeddable":true,"href":"https:\/\/bricofel.com\/site\/wp-json\/wp\/v2\/product_tag?post=3039"}],"curies":[{"name":"wp","href":"https:\/\/api.w.org\/{rel}","templated":true}]}}