{"id":3045,"date":"2022-11-09T12:11:23","date_gmt":"2022-11-09T12:11:23","guid":{"rendered":"https:\/\/bricofel.com\/site\/?post_type=product&#038;p=3045"},"modified":"2022-11-09T12:12:01","modified_gmt":"2022-11-09T12:12:01","slug":"optimill-hf-600","status":"publish","type":"product","link":"https:\/\/bricofel.com\/site\/product\/optimill-hf-600\/","title":{"rendered":"OPTImill HF 600"},"content":{"rendered":"<p>SIEMENS CONTROL 840D SL com OP 019 PRETO<\/p>\n<p>Estruturas perfeitas e constru\u00e7\u00e3o robusta em ferro fundido Meehanite garantem o m\u00e1ximo de rigidez e excelente estabilidade mec\u00e2nica<br \/>\nGuias lineares de rolos extra largos e dimensionalmente est\u00e1veis \u200b\u200bnos eixos X e Z garantem a m\u00e1xima rigidez est\u00e1tica e din\u00e2mica tamb\u00e9m em alta velocidade<br \/>\nEixo Y equipado com guia plana aumenta a vida \u00fatil e a suavidade de funcionamento das ferramentas, o que leva a uma melhor qualidade da superf\u00edcie da pe\u00e7a e maior desempenho de corte<br \/>\nSuperf\u00edcie de apoio do suporte do cabe\u00e7ote em Turcite B<br \/>\nFuso e espiga endurecidos (dureza superficial HRC52-55) garantem alta rigidez e precis\u00e3o<br \/>\nOs eixos X, Y e Z est\u00e3o equipados com uma escala linear de 1 \u00b5m como padr\u00e3o, o eixo B com uma escala angular<br \/>\nMesa de trabalho grande e totalmente aterrada com 11 slots em T<br \/>\nMesa girat\u00f3ria com alta precis\u00e3o de gradua\u00e7\u00e3o de 0,001\u00b0<br \/>\nAlta carga de mesa com 15 t<br \/>\nCapacidade de trabalho extremamente grande com cabe\u00e7a de ar\u00edete fixa<br \/>\nFun\u00e7\u00e3o Spindle Vibration Supervision (SVS) &#8211; software para monitoramento de vibra\u00e7\u00e3o do fuso e tecnologia de controle em tempo real<br \/>\nO servo motor AC oferece torque extremamente alto, bem como pot\u00eancia e for\u00e7a do eixo muito altas<br \/>\nFusos de esferas recirculantes de alto desempenho pr\u00e9-carregados e retificados de precis\u00e3o para altas velocidades de deslocamento r\u00e1pido<br \/>\nTrocador de ferramentas SK 50 com capacidade de ferramenta de 60 pe\u00e7as<br \/>\nO contrapeso hidr\u00e1ulico fornece estabilidade do cabe\u00e7ote<br \/>\nFusos de esferas de recircula\u00e7\u00e3o de alto desempenho pr\u00e9-carregados e retificados com precis\u00e3o<br \/>\nTransportador de cavacos em design de correia garante remo\u00e7\u00e3o eficiente de cavacos<br \/>\nCarrinho de batatas fritas<br \/>\nO resfriador de \u00f3leo do fuso compensa as flutua\u00e7\u00f5es de temperatura no fuso principal. Prolonga a vida \u00fatil da m\u00e1quina<br \/>\nSistema de lubrifica\u00e7\u00e3o central autom\u00e1tica<br \/>\nPistola de refrigerante<br \/>\nSistema de refrigera\u00e7\u00e3o com v\u00e1lvula de reten\u00e7\u00e3o<br \/>\nSistema de controle para circuito de baixa tens\u00e3o<br \/>\nDispositivo de eleva\u00e7\u00e3o para descarregar a m\u00e1quina<br \/>\nP\u00e9s niveladores<br \/>\nGarantia SIEMENS de dois anos inclu\u00edda<\/p>\n","protected":false},"excerpt":{"rendered":"<p>SIEMENS CONTROL 840D SL com OP 019 PRETO<\/p>\n<p>Estruturas perfeitas e constru\u00e7\u00e3o robusta em ferro fundido Meehanite garantem o m\u00e1ximo de rigidez e excelente estabilidade mec\u00e2nica<\/p>\n","protected":false},"featured_media":3046,"template":"","meta":[],"product_cat":[440,439],"product_tag":[],"class_list":["post-3045","product","type-product","status-publish","has-post-thumbnail","hentry","product_cat-maquinas-industriais-metal","product_cat-metal","product_brand-optimum"],"aioseo_notices":[],"_links":{"self":[{"href":"https:\/\/bricofel.com\/site\/wp-json\/wp\/v2\/product\/3045","targetHints":{"allow":["GET"]}}],"collection":[{"href":"https:\/\/bricofel.com\/site\/wp-json\/wp\/v2\/product"}],"about":[{"href":"https:\/\/bricofel.com\/site\/wp-json\/wp\/v2\/types\/product"}],"wp:featuredmedia":[{"embeddable":true,"href":"https:\/\/bricofel.com\/site\/wp-json\/wp\/v2\/media\/3046"}],"wp:attachment":[{"href":"https:\/\/bricofel.com\/site\/wp-json\/wp\/v2\/media?parent=3045"}],"wp:term":[{"taxonomy":"product_cat","embeddable":true,"href":"https:\/\/bricofel.com\/site\/wp-json\/wp\/v2\/product_cat?post=3045"},{"taxonomy":"product_tag","embeddable":true,"href":"https:\/\/bricofel.com\/site\/wp-json\/wp\/v2\/product_tag?post=3045"}],"curies":[{"name":"wp","href":"https:\/\/api.w.org\/{rel}","templated":true}]}}