{"id":3049,"date":"2022-11-09T12:13:50","date_gmt":"2022-11-09T12:13:50","guid":{"rendered":"https:\/\/bricofel.com\/site\/?post_type=product&#038;p=3049"},"modified":"2022-11-09T12:14:39","modified_gmt":"2022-11-09T12:14:39","slug":"optimill-f-80-sinumerik-808d-advanced","status":"publish","type":"product","link":"https:\/\/bricofel.com\/site\/product\/optimill-f-80-sinumerik-808d-advanced\/","title":{"rendered":"OPTImill F 80 Sinumerik 808D Advanced"},"content":{"rendered":"<p>M\u00e1quina de a\u00e7o fundido para alta rigidez<br \/>\nTrocador de ferramentas carrossel com dez lugares de ferramentas<br \/>\nTodas as guias lineares com tampas de a\u00e7o inoxid\u00e1vel<br \/>\nLubrifica\u00e7\u00e3o central autom\u00e1tica<\/>li><br \/>\nL\u00e2mpada da m\u00e1quina na \u00e1rea de trabalho<br \/>\nMotor do fuso principal Siemens<br \/>\nServo drive SIEMENS em todos os eixos (malha fechada)<br \/>\nM\u00e1x. Velocidade do fuso at\u00e9 10.000 min\u00af\u00b9<br \/>\nVolante eletr\u00f4nico port\u00e1til com bot\u00e3o de habilita\u00e7\u00e3o e interruptor de impacto de parada de emerg\u00eancia. Facilita consideravelmente a retra\u00e7\u00e3o de programas<br \/>\nDispositivo de refrigera\u00e7\u00e3o com tanque de refrigera\u00e7\u00e3o de 70 litros<br \/>\nA troca de ferramenta \u00e9 autom\u00e1tica ou pressionando um bot\u00e3o (dispositivo de fixa\u00e7\u00e3o de ferramenta eletropneum\u00e1tico)<br \/>\nMesa de fresagem maci\u00e7a e exata; de grandes dimens\u00f5es e com tratamento superficial preciso<br \/>\nas portas de acesso s\u00e3o generosamente projetadas para reduzir ao m\u00ednimo o tempo de limpeza e manuten\u00e7\u00e3o<br \/>\nLuz de m\u00e1quina LED para ilumina\u00e7\u00e3o completa da \u00e1rea de trabalho<br \/>\nPacote de software &#8220;SINUMERIK 808D no PC&#8221; inclu\u00eddo. (Software de treinamento pr\u00e1tico que permite programar e simular pe\u00e7as de trabalho offline no PC.) Fa\u00e7a o download gratuito em www.cnc4you.com<\/p>\n","protected":false},"excerpt":{"rendered":"<p>M\u00e1quina de a\u00e7o fundido para alta rigidez<br \/>\nTrocador de ferramentas carrossel com dez lugares de ferramentas<\/p>\n","protected":false},"featured_media":3050,"template":"","meta":[],"product_cat":[440,439],"product_tag":[],"class_list":["post-3049","product","type-product","status-publish","has-post-thumbnail","hentry","product_cat-maquinas-industriais-metal","product_cat-metal","product_brand-optimum"],"aioseo_notices":[],"_links":{"self":[{"href":"https:\/\/bricofel.com\/site\/wp-json\/wp\/v2\/product\/3049","targetHints":{"allow":["GET"]}}],"collection":[{"href":"https:\/\/bricofel.com\/site\/wp-json\/wp\/v2\/product"}],"about":[{"href":"https:\/\/bricofel.com\/site\/wp-json\/wp\/v2\/types\/product"}],"wp:featuredmedia":[{"embeddable":true,"href":"https:\/\/bricofel.com\/site\/wp-json\/wp\/v2\/media\/3050"}],"wp:attachment":[{"href":"https:\/\/bricofel.com\/site\/wp-json\/wp\/v2\/media?parent=3049"}],"wp:term":[{"taxonomy":"product_cat","embeddable":true,"href":"https:\/\/bricofel.com\/site\/wp-json\/wp\/v2\/product_cat?post=3049"},{"taxonomy":"product_tag","embeddable":true,"href":"https:\/\/bricofel.com\/site\/wp-json\/wp\/v2\/product_tag?post=3049"}],"curies":[{"name":"wp","href":"https:\/\/api.w.org\/{rel}","templated":true}]}}