{"id":3052,"date":"2022-11-09T12:17:54","date_gmt":"2022-11-09T12:17:54","guid":{"rendered":"https:\/\/bricofel.com\/site\/?post_type=product&#038;p=3052"},"modified":"2022-11-09T12:18:40","modified_gmt":"2022-11-09T12:18:40","slug":"optimill-f-210hsc","status":"publish","type":"product","link":"https:\/\/bricofel.com\/site\/product\/optimill-f-210hsc\/","title":{"rendered":"OPTImill F 210HSC"},"content":{"rendered":"<p>Siemens Sinumerik control 828D com tela sens\u00edvel ao toque de 15,6 polegadas<br \/>\nExecu\u00e7\u00e3o dif\u00edcil<br \/>\nAlta produtividade<br \/>\nAlta fiabilidade<br \/>\nTrilho de perfil com circula\u00e7\u00e3o de rolos para altas velocidades de deslocamento r\u00e1pido e altas capacidades de carga<br \/>\nL\u00e2mpada da m\u00e1quina na sala de trabalho<br \/>\nLubrifica\u00e7\u00e3o autom\u00e1tica<br \/>\nServo acionamentos de alto torque em todos os tr\u00eas eixos<br \/>\nBase da m\u00e1quina fortemente nervurada e sem tor\u00e7\u00f5es<br \/>\nMesa de fresagem maci\u00e7a e exata com quatro ranhuras em T, grandes dimens\u00f5es e retifica\u00e7\u00e3o de precis\u00e3o<br \/>\nVolante eletr\u00f4nico port\u00e1til<br \/>\nTransportador de cavacos em design de correia garante remo\u00e7\u00e3o eficiente de cavacos<br \/>\nConector RJ45, porta USB e conector de alimenta\u00e7\u00e3o 230V<br \/>\nSistema de refrigera\u00e7\u00e3o com tanque de refrigera\u00e7\u00e3o de 370 litros e sistema de descarga de cavacos<br \/>\nGabinete de controle fechado com trocador de calor integrado garante temperatura ideal e evita a entrada de part\u00edculas de sujeira<br \/>\nCobertura de guia telesc\u00f3pica em todos os tr\u00eas eixos<\/p>\n<p>SINUMERIK 828D &#8211; A pot\u00eancia na classe compacta de controles CNC<br \/>\nPrimeira escolha para todas as tecnologias de usinagem<\/p>\n<p>Mesmo nas velocidades de processamento mais altas, as guias de movimento inteligentes Advanced Surface (padr\u00e3o) e Top Surface (n\u00ba de item opcional: 3584012) garantem superf\u00edcies ideais da pe\u00e7a de trabalho<br \/>\nF\u00e1cil transfer\u00eancia dos dados CAD para a programa\u00e7\u00e3o no CNC por DXF-Reader (artigo opcional n\u00ba .: 3584014).<br \/>\nSimula\u00e7\u00e3o 3D no PC para melhor controle e otimiza\u00e7\u00e3o do processo de fabrica\u00e7\u00e3o<\/p>\n<p>Inclu\u00eddo<\/p>\n<p>Seguran\u00e7a Integrada<br \/>\nDetec\u00e7\u00e3o e processamento de material restante<br \/>\nPrograma\u00e7\u00e3o de etapas de usinagem ShopMill<br \/>\nGerenciar unidade de rede<br \/>\nSimula\u00e7\u00e3o 3D<br \/>\nGrava\u00e7\u00e3o simult\u00e2nea<br \/>\nPPU 290 com software de sistema SW 28x<\/p>\n<p>Controle com painel de controle com PPU 290<\/p>\n<p>Tela colorida de 15,6&#8243;<br \/>\n16: 9 formato<br \/>\nDisplay capacitivo com controlador multitoque<br \/>\nOpera\u00e7\u00e3o multitoque intuitiva<br \/>\nSele\u00e7\u00e3o de softkey atrav\u00e9s da fun\u00e7\u00e3o de toque<br \/>\nSensor de proximidade\/sensor de dist\u00e2ncia para controle de exibi\u00e7\u00e3o inteligente<br \/>\nFrente do painel de magn\u00e9sio fundido com frente de vidro resistente a riscos<br \/>\nSem bateria (cache de dados permanente pela tecnologia NV-RAM)<br \/>\nSem f\u00e3<br \/>\nSem disco r\u00edgido<br \/>\nPossibilidade de opera\u00e7\u00e3o com luvas de trabalho<br \/>\nInterfaces frontais: USB 2.0, Ethernet RJ45, IP65 tamb\u00e9m com tampa de prote\u00e7\u00e3o aberta<\/p>\n<p>A seguran\u00e7a funcional tamb\u00e9m protege contra altos custos<\/p>\n<p>Evitar custos diretos consequenciais de danos pessoais<br \/>\nPreven\u00e7\u00e3o de custos indiretos consequenciais de les\u00f5es<br \/>\nMaior produtividade por meio de maior disponibilidade da m\u00e1quina: menos paradas n\u00e3o planejadas e produ\u00e7\u00e3o mais suave<br \/>\nMaior vida \u00fatil dos sistemas<br \/>\nMelhorar a competitividade global aumentando a exportabilidade de m\u00e1quinas<\/p>\n<p>Detalhes do equipamento:<\/p>\n<p>Correia de transmiss\u00e3o<\/p>\n<p>Oferece uma boa combina\u00e7\u00e3o de torque e velocidade adequada para uma ampla gama de opera\u00e7\u00f5es de usinagem<br \/>\nSK 40 \/ DIN 69871<br \/>\nVelocidades do fuso 10.000 min\u00af\u00b9<\/p>\n<p>Fuso em linha<\/p>\n<p>A conex\u00e3o direta entre o fuso e o motor aumenta a qualidade da superf\u00edcie e a estabilidade t\u00e9rmica.<br \/>\nAdaptador SK 40 \/ DIN 69871<br \/>\nVelocidade do fuso 12.000 min\u00af\u00b9<\/p>\n<p>Guia linear<\/p>\n<p>M\u00e1xima rigidez est\u00e1tica e din\u00e2mica<br \/>\nAlta precis\u00e3o de posicionamento<br \/>\nMovimento suave e sem folgas<\/p>\n<p>Mesa de fresagem<\/p>\n<p>Dimens\u00f5es s\u00f3lidas, precisas e grandes<br \/>\n\u00c1rea de fixa\u00e7\u00e3o 900 x 520 mm<br \/>\nSuperf\u00edcie usinada com precis\u00e3o<\/p>\n<p>Corpo fundido<\/p>\n<p>Fundi\u00e7\u00e3o de qualidade em design com nervuras<\/p>\n<p>P\u00e9s da m\u00e1quina<\/p>\n<p>Seis pe\u00e7as<br \/>\nAlinhamento ideal da m\u00e1quina<\/p>\n<p>Pistola de limpeza<\/p>\n<p>Limpeza f\u00e1cil da \u00e1rea de trabalho<\/p>\n<p>Parafusos de esfera<\/p>\n<p>Classe de precis\u00e3o C3<br \/>\nPara alto posicionamento e precis\u00e3o de repeti\u00e7\u00e3o<br \/>\nMenos desgaste<br \/>\nAcionamento de fuso de esferas com servo motor<\/p>\n<p>Sistema de lavagem de cavacos<\/p>\n<p>Poderoso sistema de descarga de cavacos para limpeza do espa\u00e7o de trabalho e da pe\u00e7a de trabalho<\/p>\n<p>Sistema de troca de ferramentas<\/p>\n<p>Garra de bra\u00e7o duplo com 30 lugares para ferramentas<br \/>\nM\u00e1x. comprimento da ferramenta 300 mm<br \/>\nMuda de ferramenta para ferramenta em 2 segundos<\/p>\n<p>Separador de \u00f3leo\/escumadeira de \u00f3leo<\/p>\n<p>O skimmer de \u00f3leo remove de forma confi\u00e1vel os \u00f3leos residuais flutuantes e as limalhas mais finas dos lubrificantes de refrigera\u00e7\u00e3o<\/p>\n<p>Cabine de controle<\/p>\n<p>Gabinete de controle fechado e claramente organizado<br \/>\nCom servoacionamento SIEMENS<br \/>\nEstrutura em conformidade com o padr\u00e3o<\/p>\n<p>Sistema de lubrifica\u00e7\u00e3o central<\/p>\n<p>Previne significativamente o desgaste, os custos de reparo e o tempo de inatividade desnecess\u00e1rio<\/p>\n<p>Transportador de cavacos<\/p>\n<p>Design de cinto<br \/>\nPara remo\u00e7\u00e3o eficiente de cavacos<\/p>\n<p>Sistema lubrificante de refrigera\u00e7\u00e3o<\/p>\n<p>Tr\u00eas bombas de refrigera\u00e7\u00e3o com 1,27 kW cada<br \/>\nCapacidade do tanque 370 litros<\/p>\n","protected":false},"excerpt":{"rendered":"<p>iemens Sinumerik control 828D com tela sens\u00edvel ao toque de 15,6 polegadas<\/p>\n","protected":false},"featured_media":3053,"template":"","meta":[],"product_cat":[440,439],"product_tag":[],"class_list":["post-3052","product","type-product","status-publish","has-post-thumbnail","hentry","product_cat-maquinas-industriais-metal","product_cat-metal","product_brand-optimum"],"aioseo_notices":[],"_links":{"self":[{"href":"https:\/\/bricofel.com\/site\/wp-json\/wp\/v2\/product\/3052","targetHints":{"allow":["GET"]}}],"collection":[{"href":"https:\/\/bricofel.com\/site\/wp-json\/wp\/v2\/product"}],"about":[{"href":"https:\/\/bricofel.com\/site\/wp-json\/wp\/v2\/types\/product"}],"wp:featuredmedia":[{"embeddable":true,"href":"https:\/\/bricofel.com\/site\/wp-json\/wp\/v2\/media\/3053"}],"wp:attachment":[{"href":"https:\/\/bricofel.com\/site\/wp-json\/wp\/v2\/media?parent=3052"}],"wp:term":[{"taxonomy":"product_cat","embeddable":true,"href":"https:\/\/bricofel.com\/site\/wp-json\/wp\/v2\/product_cat?post=3052"},{"taxonomy":"product_tag","embeddable":true,"href":"https:\/\/bricofel.com\/site\/wp-json\/wp\/v2\/product_tag?post=3052"}],"curies":[{"name":"wp","href":"https:\/\/api.w.org\/{rel}","templated":true}]}}