{"id":3056,"date":"2022-11-09T12:21:43","date_gmt":"2022-11-09T12:21:43","guid":{"rendered":"https:\/\/bricofel.com\/site\/?post_type=product&#038;p=3056"},"modified":"2022-11-09T12:22:29","modified_gmt":"2022-11-09T12:22:29","slug":"optimill-fp-1700","status":"publish","type":"product","link":"https:\/\/bricofel.com\/site\/product\/optimill-fp-1700\/","title":{"rendered":"OPTImill FP 1700"},"content":{"rendered":"<p>Estruturas perfeitas e constru\u00e7\u00e3o robusta garantem a m\u00e1xima rigidez e estabilidade.<br \/>\nTodos os componentes principais &#8211; cama, mesa de trabalho, coluna, travessa, sela e cabe\u00e7ote s\u00e3o feitos de pe\u00e7as fundidas de alta qualidade MEEHANITE\u00ae<br \/>\nGuias generosamente dimensionadas nos eixos X, Y e Z<br \/>\nTodas as guias s\u00e3o temperadas e retificadas (HRC50 -HRC55).<br \/>\nOs eixos X e Y est\u00e3o equipados com guia linear de rolos. Como resultado, os eixos se movem com a mais alta precis\u00e3o, mesmo em alta velocidade.<br \/>\nMaior precis\u00e3o de usinagem e alto amortecimento gra\u00e7as \u00e0s guias planas amplas e ajust\u00e1veis \u200b\u200bdo eixo Z para alto desempenho de fura\u00e7\u00e3o e fresamento com alto torque de sa\u00edda do fuso<br \/>\nFusos de esferas de recircula\u00e7\u00e3o temperados e de precis\u00e3o montados em rolamentos de alta precis\u00e3o em todos os tr\u00eas eixos para altas velocidades de deslocamento r\u00e1pido<br \/>\nArrefecimento da engrenagem principal do fuso (engrenagens, rolamentos, fuso) atrav\u00e9s de um sistema de circula\u00e7\u00e3o de \u00f3leo. Redu\u00e7\u00e3o da expans\u00e3o t\u00e9rmica<br \/>\nExibi\u00e7\u00e3o do status operacional (fim da luz de trabalho)<br \/>\nCoberturas de eixo<br \/>\nL\u00e2mpada de trabalho<br \/>\nPistola de ar\/pistola de \u00e1gua<br \/>\nTrocador de calor<br \/>\nSuporte do fuso SK50 com rota\u00e7\u00e3o m\u00e1xima do fuso de 8.000 rpm com engrenagem de 2 est\u00e1gios para alta precis\u00e3o<br \/>\nO contrapeso pneum\u00e1tico do eixo Z garante confiabilidade e estabilidade muito altas, enquanto v\u00e1rios eixos funcionam ao mesmo tempo. O sistema SCBS n\u00e3o requer uma fonte de alimenta\u00e7\u00e3o ou unidade adicional. Este sistema de equil\u00edbrio atinge alta velocidade e alta precis\u00e3o de processamento<br \/>\nRevestimento completo da m\u00e1quina com portas de ampla abertura para manuseio ergon\u00f4mico da pe\u00e7a<br \/>\nSistema de lubrifica\u00e7\u00e3o autom\u00e1tica com sistema de controle de press\u00e3o<br \/>\nSistema de separa\u00e7\u00e3o para \u00f3leo lubrificante e refrigerante<br \/>\nElementos de instala\u00e7\u00e3o<\/p>\n<p>SINUMERIK 828D &#8211; O power pack na classe compacta dos controles CNC<\/p>\n<p>Maior produtividade e precis\u00e3o na produ\u00e7\u00e3o<\/p>\n<p>Com o controle CNC SINUMERIK 828D da SIEMENS, os usu\u00e1rios se beneficiam do hardware r\u00e1pido e sofisticado. Oferece a m\u00e1xima facilidade de uso e garante boas conex\u00f5es a uma ampla variedade de m\u00eddias e redes de armazenamento. A estrutura b\u00e1sica do controle CNC corresponde aos padr\u00f5es da tecnologia NC normal.<br \/>\nComo especialista de topo em m\u00e1quinas de fresagem sofisticadas, a Siemens SINUMERIK 828D domina todas as opera\u00e7\u00f5es imagin\u00e1veis \u200b\u200bde fura\u00e7\u00e3o e fresagem. Obviamente, isso tamb\u00e9m se aplica a qualquer plano de pe\u00e7a de trabalho girat\u00f3rio e a pe\u00e7as de trabalho cil\u00edndricas. Voc\u00ea nem precisa de um controle CNC especial para aplica\u00e7\u00f5es de fabrica\u00e7\u00e3o de moldes. O desempenho exclusivo do SINUMERIK 828D garante superf\u00edcies espelhadas com um m\u00ednimo de tempo de usinagem.<br \/>\nPara opera\u00e7\u00e3o e programa\u00e7\u00e3o ergon\u00f4micas, o SINUMERIK 828D \u00e9 equipado com uma grande tela gr\u00e1fica colorida de 10,4 polegadas. Teclas de fun\u00e7\u00e3o robustas e um teclado QWERTY completo no terminal permitem que o usu\u00e1rio programe, configure e opere mesmo em um ambiente de oficina dif\u00edcil. As chaves mec\u00e2nicas s\u00e3o protegidas contra poeira e l\u00edquidos de acordo com IP 65 por um filme est\u00e1vel e dur\u00e1vel.<br \/>\nComo o SINUMERIK 828D funciona sem componentes sujeitos a desgaste, como ventiladores e discos r\u00edgidos, ele \u00e9 confi\u00e1vel e permanentemente livre de manuten\u00e7\u00e3o. Computadores e mem\u00f3rias poderosos permitem que as estrat\u00e9gias NC modernas sejam processadas rapidamente e gr\u00e1ficos coloridos extensivos sejam exibidos em tempo real, inclusive em forma de anima\u00e7\u00e3o. Por um lado, isso aumenta a precis\u00e3o da usinagem e, por outro, simplifica a opera\u00e7\u00e3o, programa\u00e7\u00e3o e diagn\u00f3stico. A capacidade de computa\u00e7\u00e3o e armazenamento \u00e9 t\u00e3o generosa que gr\u00e1ficos em movimento podem ser gerados e exibidos para todas as fun\u00e7\u00f5es como aux\u00edlio, bem como para processamento programado.<\/p>\n<p>Ao controle<\/p>\n<p>Tela colorida de 10,4&#8243;<br \/>\nformato 4:3<br \/>\nSoftware SINUMERIK Operate f\u00e1cil de usar<br \/>\nInterfaces frontais: USB 2.0, Ethernet RJ45, cart\u00e3o Compact Flash (CF)<br \/>\nCom as 8 softkeys horizontais e 8 verticais, voc\u00ea pode acessar todas as m\u00e1scaras de opera\u00e7\u00e3o com apenas algumas teclas<br \/>\nDur\u00e1vel e robusto<\/p>\n<p>PACOTE COMPLETO<\/p>\n<p>Seguran\u00e7a Integrada<br \/>\nDetec\u00e7\u00e3o e processamento de material residual<br \/>\nPrograma\u00e7\u00e3o de etapas de usinagem ShopMill<br \/>\nGerenciar unidade de rede<br \/>\nSimula\u00e7\u00e3o 3D<br \/>\nGrava\u00e7\u00e3o simult\u00e2nea<br \/>\nSoftware do sistema SW 26x<\/p>\n<p>SIEMENS SAFETY INTEGRATED &#8211; Configura\u00e7\u00e3o com a porta aberta<\/p>\n<p>A seguran\u00e7a funcional tamb\u00e9m protege contra custos elevados!<\/p>\n<p>A seguran\u00e7a da m\u00e1quina e do sistema n\u00e3o \u00e9 importante apenas porque regulamenta\u00e7\u00f5es r\u00edgidas devem ser observadas. Se tudo correr bem, voc\u00ea se beneficia da economia de tempo em engenharia, maior disponibilidade do sistema e maior seguran\u00e7a do investimento.<\/p>\n<p>Garantia extendida<\/p>\n<p>Com a garantia estendida, voc\u00ea protege sua nova m\u00e1quina contra danos de garantia por mais 12 ou 36 meses (apenas para ser adquirido com a compra da m\u00e1quina).<\/p>\n<p>12 meses; Artigo n\u00ba 3589020<br \/>\n36 meses; Artigo n\u00ba 3589022<\/p>\n<p>Equipamento<\/p>\n<p>Trocador de ferramentas<\/p>\n<p>Trocador acionado por um came de precis\u00e3o para posicionamento r\u00e1pido e preciso da ferramenta.<br \/>\nDurante a troca de ferramentas, as ferramentas s\u00e3o transferidas diretamente do magazine de ferramentas para o fuso usando uma pin\u00e7a dupla.<br \/>\nA ferramenta \u00e9 selecionada bidirecionalmente no caminho mais curto<br \/>\nO magazine de ferramentas est\u00e1 localizado fora da \u00e1rea de trabalho<br \/>\nA tampa do magazine de ferramentas protege as ferramentas de cavacos ou refrigerantes<\/p>\n<p>Fuso<\/p>\n<p>Cabe\u00e7a de eixo r\u00edgida<br \/>\nSistema de compensa\u00e7\u00e3o autom\u00e1tica (SCBS) na cabe\u00e7a do fuso<\/p>\n<p>Suporte e travessa<\/p>\n<p>De uma pe\u00e7a<\/p>\n<p>Base<\/p>\n<p>Design pesado e constru\u00e7\u00e3o fortemente nervurada<br \/>\nConstru\u00e7\u00e3o s\u00f3lida de caixa de pe\u00e7a \u00fanica para m\u00e1xima estabilidade ao carregar pe\u00e7as de trabalho muito grandes<\/p>\n<p>\u00c1rea de trabalho<\/p>\n<p>\u00c1rea de trabalho extra larga<\/p>\n<p>Descarte de chips<\/p>\n<p>As espirais do transportador em ambos os lados da base da m\u00e1quina transportam grandes volumes para o transportador de cavacos<\/p>\n<p>Cabe\u00e7a do fuso<\/p>\n<p>Caixas de engrenagens ZF para altas velocidades<br \/>\nLubrificado a banho de \u00f3leo<br \/>\nResfriamento eficiente da pe\u00e7a de trabalho usando resfriamento interno do fuso<br \/>\nVida \u00fatil mais longa e alta precis\u00e3o<\/p>\n<p>Eixo Z<\/p>\n<p>Alta rigidez e estabilidade<br \/>\nDesign em forma de caixa<br \/>\nEstabilidade mesmo com usinagem pesada<\/p>\n<p>Fuso<\/p>\n<p>Fuso com alto torque ideal para usinagem de alto desempenho<br \/>\nGrande faixa de velocidade de at\u00e9 8.000 rpm para usinagem pesada e usinagem de precis\u00e3o<br \/>\nLubrifica\u00e7\u00e3o autom\u00e1tica a \u00f3leo dos fusos com refrigera\u00e7\u00e3o<br \/>\nFuso em linha SK 50<br \/>\nEngrenagem de came<\/p>\n<p>Engrenagem<\/p>\n<p>Engrenagem com alta rela\u00e7\u00e3o de transmiss\u00e3o<\/p>\n<p>Eixo Z<\/p>\n<p>Contrapeso dianteiro pneum\u00e1tico no eixo Z para alta din\u00e2mica<\/p>\n","protected":false},"excerpt":{"rendered":"<p>CONTROLE SIEMENS 828D<\/p>\n","protected":false},"featured_media":3057,"template":"","meta":[],"product_cat":[440,439],"product_tag":[],"class_list":["post-3056","product","type-product","status-publish","has-post-thumbnail","hentry","product_cat-maquinas-industriais-metal","product_cat-metal","product_brand-optimum"],"aioseo_notices":[],"_links":{"self":[{"href":"https:\/\/bricofel.com\/site\/wp-json\/wp\/v2\/product\/3056","targetHints":{"allow":["GET"]}}],"collection":[{"href":"https:\/\/bricofel.com\/site\/wp-json\/wp\/v2\/product"}],"about":[{"href":"https:\/\/bricofel.com\/site\/wp-json\/wp\/v2\/types\/product"}],"wp:featuredmedia":[{"embeddable":true,"href":"https:\/\/bricofel.com\/site\/wp-json\/wp\/v2\/media\/3057"}],"wp:attachment":[{"href":"https:\/\/bricofel.com\/site\/wp-json\/wp\/v2\/media?parent=3056"}],"wp:term":[{"taxonomy":"product_cat","embeddable":true,"href":"https:\/\/bricofel.com\/site\/wp-json\/wp\/v2\/product_cat?post=3056"},{"taxonomy":"product_tag","embeddable":true,"href":"https:\/\/bricofel.com\/site\/wp-json\/wp\/v2\/product_tag?post=3056"}],"curies":[{"name":"wp","href":"https:\/\/api.w.org\/{rel}","templated":true}]}}