{"id":3080,"date":"2022-11-09T17:00:06","date_gmt":"2022-11-09T17:00:06","guid":{"rendered":"https:\/\/bricofel.com\/site\/?post_type=product&#038;p=3080"},"modified":"2022-11-09T17:02:31","modified_gmt":"2022-11-09T17:02:31","slug":"harnnett-468","status":"publish","type":"product","link":"https:\/\/bricofel.com\/site\/product\/harnnett-468\/","title":{"rendered":"H\u00c4RNNETT 468"},"content":{"rendered":"<p>As fitas de borda de alta produ\u00e7\u00e3o da s\u00e9rie 300\/400\/500 da H\u00c4RNNETT s\u00e3o caracterizadas por equipamentos excepcionais que garantem acabamentos extraordin\u00e1rios em todos os tipos de placas em diferentes texturas e tipos de bordas. Seu equipamento com fresas diamantadas de 65 mm de altura, pr\u00e9-fundidor de cola para alta produ\u00e7\u00e3o, tela sens\u00edvel ao toque intuitiva para controle total da m\u00e1quina e seus diferentes grupos para escolher os diferentes tipos e espessuras de borda a trabalhar, perfiladores, raspadores de borda e cola, arredondamento grupos de 2 e 4 motores, grupos de roteadores e alta velocidade de trabalho at\u00e9 26m.\/min.<br \/>\nNas suas diferentes vers\u00f5es, podemos ainda encontrar um sistema de dupla caldeira para EVA, poliolefina ou PUR granulado.<\/p>\n<p>Pr\u00e9-instala\u00e7\u00e3o para os diferentes tipos de PUR selados, bem como todos os sistemas de movimenta\u00e7\u00e3o, retornos autom\u00e1ticos, biselagem, etc\u2026<\/p>\n<p>Os modelos 365, 396, 468 e 486 atendem \u00e0s necessidades mais exigentes da ind\u00fastria de bordas, trabalhando em conjunto com Nestings, CNC&#8217;s e serras de painel frontal ou plataforma.<\/p>\n","protected":false},"excerpt":{"rendered":"<p>As fitas de borda de alta produ\u00e7\u00e3o da s\u00e9rie 300\/400\/500 da H\u00c4RNNETT s\u00e3o caracterizadas por equipamentos excecionais que garantem acabamentos extraordin\u00e1rios em todos os tipos de placas em diferentes texturas e tipos de bordas. <\/p>\n","protected":false},"featured_media":3081,"template":"","meta":[],"product_cat":[121,436],"product_tag":[],"class_list":["post-3080","product","type-product","status-publish","has-post-thumbnail","hentry","product_cat-madeira","product_cat-maquinas-de-producao-industrial","product_brand-harnnett"],"aioseo_notices":[],"_links":{"self":[{"href":"https:\/\/bricofel.com\/site\/wp-json\/wp\/v2\/product\/3080","targetHints":{"allow":["GET"]}}],"collection":[{"href":"https:\/\/bricofel.com\/site\/wp-json\/wp\/v2\/product"}],"about":[{"href":"https:\/\/bricofel.com\/site\/wp-json\/wp\/v2\/types\/product"}],"wp:featuredmedia":[{"embeddable":true,"href":"https:\/\/bricofel.com\/site\/wp-json\/wp\/v2\/media\/3081"}],"wp:attachment":[{"href":"https:\/\/bricofel.com\/site\/wp-json\/wp\/v2\/media?parent=3080"}],"wp:term":[{"taxonomy":"product_cat","embeddable":true,"href":"https:\/\/bricofel.com\/site\/wp-json\/wp\/v2\/product_cat?post=3080"},{"taxonomy":"product_tag","embeddable":true,"href":"https:\/\/bricofel.com\/site\/wp-json\/wp\/v2\/product_tag?post=3080"}],"curies":[{"name":"wp","href":"https:\/\/api.w.org\/{rel}","templated":true}]}}