{"id":3082,"date":"2022-11-09T17:25:26","date_gmt":"2022-11-09T17:25:26","guid":{"rendered":"https:\/\/bricofel.com\/site\/?post_type=product&#038;p=3082"},"modified":"2022-11-09T17:26:50","modified_gmt":"2022-11-09T17:26:50","slug":"optisaw-s-131gh","status":"publish","type":"product","link":"https:\/\/bricofel.com\/site\/product\/optisaw-s-131gh\/","title":{"rendered":"OPTIsaw S 131GH"},"content":{"rendered":"<p>Disjuntor para a cobertura da correia e a cobertura da fita de serra na vers\u00e3o de baixa tens\u00e3o<br \/>\nInterruptor de impacto de parada de emerg\u00eancia separado<br \/>\nEletr\u00f4nica de baixa tens\u00e3o 24 V<br \/>\nExecu\u00e7\u00e3o silenciosa<br \/>\nBase de m\u00e1quina m\u00f3vel<br \/>\nGuia de fita de serra de rolamento de esferas<br \/>\nTr\u00eas n\u00edveis de velocidade para uma ampla gama de materiais<br \/>\nMicrointerruptor para interruptor de limite autom\u00e1tico<br \/>\nEscala de f\u00e1cil leitura para ajuste de \u00e2ngulo<br \/>\nDe s\u00e9rie com fita de serra bimet\u00e1lica de alta qualidade<br \/>\nTens\u00e3o da fita de serra ajust\u00e1vel na parte frontal atrav\u00e9s do volante<br \/>\nParada de material ajust\u00e1vel para trabalho em s\u00e9rie<br \/>\nMorsa de a\u00e7\u00e3o r\u00e1pida para fixa\u00e7\u00e3o r\u00e1pida da pe\u00e7a de trabalho<br \/>\nCom um poderoso acionamento por correia<\/p>\n","protected":false},"excerpt":{"rendered":"<p>Disjuntor para a cobertura da correia e a cobertura da fita de serra na vers\u00e3o de baixa tens\u00e3o Interruptor de impacto de parada de emerg\u00eancia separado Eletr\u00f4nica de baixa tens\u00e3o 24 V Execu\u00e7\u00e3o silenciosa Base de m\u00e1quina m\u00f3vel Guia de fita de serra de rolamento de esferas Tr\u00eas n\u00edveis de velocidade para uma ampla gama [&#8230;]\n","protected":false},"featured_media":3083,"template":"","meta":[],"product_cat":[440,439],"product_tag":[],"class_list":["post-3082","product","type-product","status-publish","has-post-thumbnail","hentry","product_cat-maquinas-industriais-metal","product_cat-metal","product_brand-optimum"],"aioseo_notices":[],"_links":{"self":[{"href":"https:\/\/bricofel.com\/site\/wp-json\/wp\/v2\/product\/3082","targetHints":{"allow":["GET"]}}],"collection":[{"href":"https:\/\/bricofel.com\/site\/wp-json\/wp\/v2\/product"}],"about":[{"href":"https:\/\/bricofel.com\/site\/wp-json\/wp\/v2\/types\/product"}],"wp:featuredmedia":[{"embeddable":true,"href":"https:\/\/bricofel.com\/site\/wp-json\/wp\/v2\/media\/3083"}],"wp:attachment":[{"href":"https:\/\/bricofel.com\/site\/wp-json\/wp\/v2\/media?parent=3082"}],"wp:term":[{"taxonomy":"product_cat","embeddable":true,"href":"https:\/\/bricofel.com\/site\/wp-json\/wp\/v2\/product_cat?post=3082"},{"taxonomy":"product_tag","embeddable":true,"href":"https:\/\/bricofel.com\/site\/wp-json\/wp\/v2\/product_tag?post=3082"}],"curies":[{"name":"wp","href":"https:\/\/api.w.org\/{rel}","templated":true}]}}