{"id":3084,"date":"2022-11-09T17:27:17","date_gmt":"2022-11-09T17:27:17","guid":{"rendered":"https:\/\/bricofel.com\/site\/?post_type=product&#038;p=3084"},"modified":"2022-11-09T17:27:50","modified_gmt":"2022-11-09T17:27:50","slug":"optisaw-s-150g","status":"publish","type":"product","link":"https:\/\/bricofel.com\/site\/product\/optisaw-s-150g\/","title":{"rendered":"OPTIsaw S 150G"},"content":{"rendered":"<p>Execu\u00e7\u00e3o silenciosa<br \/>\nPlaca de base e arco de serra em ferro fundido<br \/>\nEstrutura de serra est\u00e1vel, portanto, funcionamento silencioso e com baixa vibra\u00e7\u00e3o<br \/>\nEscala de f\u00e1cil leitura para ajuste de \u00e2ngulo<br \/>\nDe s\u00e9rie com fita de serra bimet\u00e1lica de alta qualidade<br \/>\nTens\u00e3o da fita de serra ajust\u00e1vel na parte frontal atrav\u00e9s do volante<br \/>\nParada de material ajust\u00e1vel para trabalho em s\u00e9rie<br \/>\nFixa\u00e7\u00e3o r\u00e1pida da pe\u00e7a de trabalho pelo torno de a\u00e7\u00e3o r\u00e1pida<br \/>\nBot\u00e3o de press\u00e3o A fita de serra manual liga e desliga a l\u00e2mina da l\u00e2mina de serra<br \/>\nGuia de fita de serra de rolamento de esferas<br \/>\nSubestrutura robusta<br \/>\nM\u00e1quina totalmente equipada; pelo qual o usu\u00e1rio pode trabalhar imediatamente ap\u00f3s o comissionamento<\/p>\n","protected":false},"excerpt":{"rendered":"<p>Execu\u00e7\u00e3o silenciosa Placa de base e arco de serra em ferro fundido Estrutura de serra est\u00e1vel, portanto, funcionamento silencioso e com baixa vibra\u00e7\u00e3o Escala de f\u00e1cil leitura para ajuste de \u00e2ngulo De s\u00e9rie com fita de serra bimet\u00e1lica de alta qualidade Tens\u00e3o da fita de serra ajust\u00e1vel na parte frontal atrav\u00e9s do volante Parada de [&#8230;]\n","protected":false},"featured_media":3085,"template":"","meta":[],"product_cat":[440,439],"product_tag":[],"class_list":["post-3084","product","type-product","status-publish","has-post-thumbnail","hentry","product_cat-maquinas-industriais-metal","product_cat-metal","product_brand-optimum"],"aioseo_notices":[],"_links":{"self":[{"href":"https:\/\/bricofel.com\/site\/wp-json\/wp\/v2\/product\/3084","targetHints":{"allow":["GET"]}}],"collection":[{"href":"https:\/\/bricofel.com\/site\/wp-json\/wp\/v2\/product"}],"about":[{"href":"https:\/\/bricofel.com\/site\/wp-json\/wp\/v2\/types\/product"}],"wp:featuredmedia":[{"embeddable":true,"href":"https:\/\/bricofel.com\/site\/wp-json\/wp\/v2\/media\/3085"}],"wp:attachment":[{"href":"https:\/\/bricofel.com\/site\/wp-json\/wp\/v2\/media?parent=3084"}],"wp:term":[{"taxonomy":"product_cat","embeddable":true,"href":"https:\/\/bricofel.com\/site\/wp-json\/wp\/v2\/product_cat?post=3084"},{"taxonomy":"product_tag","embeddable":true,"href":"https:\/\/bricofel.com\/site\/wp-json\/wp\/v2\/product_tag?post=3084"}],"curies":[{"name":"wp","href":"https:\/\/api.w.org\/{rel}","templated":true}]}}