{"id":3086,"date":"2022-11-09T17:28:11","date_gmt":"2022-11-09T17:28:11","guid":{"rendered":"https:\/\/bricofel.com\/site\/?post_type=product&#038;p=3086"},"modified":"2022-11-09T17:28:40","modified_gmt":"2022-11-09T17:28:40","slug":"optisaw-s-181","status":"publish","type":"product","link":"https:\/\/bricofel.com\/site\/product\/optisaw-s-181\/","title":{"rendered":"OPTIsaw S 181"},"content":{"rendered":"<p>Execu\u00e7\u00e3o silenciosa<br \/>\nExecu\u00e7\u00e3o de elenco est\u00e1vel<br \/>\nAbaixamento do bra\u00e7o da serra atrav\u00e9s de cilindro hidr\u00e1ulico com v\u00e1lvula de acelera\u00e7\u00e3o infinitamente ajust\u00e1vel<br \/>\nMicrointerruptor para interruptor de limite autom\u00e1tico<br \/>\nEscala de f\u00e1cil leitura para ajuste de \u00e2ngulo<br \/>\nDe s\u00e9rie com fita de serra bimet\u00e1lica de alta qualidade<br \/>\nTens\u00e3o da fita de serra ajust\u00e1vel na parte frontal atrav\u00e9s do volante<br \/>\nGuia de fita de serra de rolamento de esferas<br \/>\nBase de m\u00e1quina robusta com rodas grandes e al\u00e7a de transporte pr\u00e1tica para f\u00e1cil mudan\u00e7a de localiza\u00e7\u00e3o da m\u00e1quina<br \/>\nParada de material ajust\u00e1vel para trabalho em s\u00e9rie<br \/>\nDisjuntor para a tampa da correia<br \/>\nTotalmente equipado, permitindo que o usu\u00e1rio seja produtivo imediatamente ap\u00f3s o comissionamento<\/p>\n","protected":false},"excerpt":{"rendered":"<p>Execu\u00e7\u00e3o silenciosa Execu\u00e7\u00e3o de elenco est\u00e1vel Abaixamento do bra\u00e7o da serra atrav\u00e9s de cilindro hidr\u00e1ulico com v\u00e1lvula de acelera\u00e7\u00e3o infinitamente ajust\u00e1vel Microinterruptor para interruptor de limite autom\u00e1tico Escala de f\u00e1cil leitura para ajuste de \u00e2ngulo De s\u00e9rie com fita de serra bimet\u00e1lica de alta qualidade Tens\u00e3o da fita de serra ajust\u00e1vel na parte frontal atrav\u00e9s [&#8230;]\n","protected":false},"featured_media":3087,"template":"","meta":[],"product_cat":[440,439],"product_tag":[],"class_list":["post-3086","product","type-product","status-publish","has-post-thumbnail","hentry","product_cat-maquinas-industriais-metal","product_cat-metal","product_brand-optimum"],"aioseo_notices":[],"_links":{"self":[{"href":"https:\/\/bricofel.com\/site\/wp-json\/wp\/v2\/product\/3086","targetHints":{"allow":["GET"]}}],"collection":[{"href":"https:\/\/bricofel.com\/site\/wp-json\/wp\/v2\/product"}],"about":[{"href":"https:\/\/bricofel.com\/site\/wp-json\/wp\/v2\/types\/product"}],"wp:featuredmedia":[{"embeddable":true,"href":"https:\/\/bricofel.com\/site\/wp-json\/wp\/v2\/media\/3087"}],"wp:attachment":[{"href":"https:\/\/bricofel.com\/site\/wp-json\/wp\/v2\/media?parent=3086"}],"wp:term":[{"taxonomy":"product_cat","embeddable":true,"href":"https:\/\/bricofel.com\/site\/wp-json\/wp\/v2\/product_cat?post=3086"},{"taxonomy":"product_tag","embeddable":true,"href":"https:\/\/bricofel.com\/site\/wp-json\/wp\/v2\/product_tag?post=3086"}],"curies":[{"name":"wp","href":"https:\/\/api.w.org\/{rel}","templated":true}]}}