{"id":3088,"date":"2022-11-09T17:28:47","date_gmt":"2022-11-09T17:28:47","guid":{"rendered":"https:\/\/bricofel.com\/site\/?post_type=product&#038;p=3088"},"modified":"2022-11-09T17:30:31","modified_gmt":"2022-11-09T17:30:31","slug":"optisaw-s-275n","status":"publish","type":"product","link":"https:\/\/bricofel.com\/site\/product\/optisaw-s-275n\/","title":{"rendered":"OPTIsaw S 275N"},"content":{"rendered":"<p>Execu\u00e7\u00e3o silenciosa<br \/>\nExecu\u00e7\u00e3o de elenco est\u00e1vel<br \/>\nAlta precis\u00e3o de corte devido ao funcionamento sem vibra\u00e7\u00e3o<br \/>\nAbaixamento do bra\u00e7o da serra atrav\u00e9s de cilindro hidr\u00e1ulico com v\u00e1lvula de acelera\u00e7\u00e3o infinitamente ajust\u00e1vel<br \/>\nMicrointerruptor para interruptor de limite autom\u00e1tico<br \/>\nSistema de refrigera\u00e7\u00e3o<br \/>\nDe s\u00e9rie com fita de serra bimet\u00e1lica de alta qualidade<br \/>\nParada de material ajust\u00e1vel para trabalho em s\u00e9rie<br \/>\nBase de m\u00e1quina robusta<br \/>\nGuia de fita de serra de rolamento de esferas<br \/>\nTorno de a\u00e7\u00e3o r\u00e1pida ajust\u00e1vel por volante. Fixa\u00e7\u00e3o da pe\u00e7a de trabalho com uma alavanca de libera\u00e7\u00e3o r\u00e1pida pr\u00e1tica<br \/>\nEscala de f\u00e1cil leitura para ajuste de \u00e2ngulo<br \/>\nProte\u00e7\u00e3o de sobrecarga<br \/>\nS 275N<\/p>\n<p>Interruptor de prote\u00e7\u00e3o do motor<br \/>\nDuas velocidades comut\u00e1veis<br \/>\nS 275NV<\/p>\n<p>Velocidade da fita de serra continuamente ajust\u00e1vel 20 &#8211; 90 m \/ min.<br \/>\nMudan\u00e7a de velocidade poss\u00edvel durante a opera\u00e7\u00e3o<\/p>\n<p>Man\u00f4metro<\/p>\n<p>Ajuste f\u00e1cil e correto da tens\u00e3o da l\u00e2mina de serra<\/p>\n","protected":false},"excerpt":{"rendered":"<p>Execu\u00e7\u00e3o silenciosa Execu\u00e7\u00e3o de elenco est\u00e1vel Alta precis\u00e3o de corte devido ao funcionamento sem vibra\u00e7\u00e3o Abaixamento do bra\u00e7o da serra atrav\u00e9s de cilindro hidr\u00e1ulico com v\u00e1lvula de acelera\u00e7\u00e3o infinitamente ajust\u00e1vel Microinterruptor para interruptor de limite autom\u00e1tico Sistema de refrigera\u00e7\u00e3o De s\u00e9rie com fita de serra bimet\u00e1lica de alta qualidade Parada de material ajust\u00e1vel para trabalho [&#8230;]\n","protected":false},"featured_media":3089,"template":"","meta":[],"product_cat":[440,439],"product_tag":[],"class_list":["post-3088","product","type-product","status-publish","has-post-thumbnail","hentry","product_cat-maquinas-industriais-metal","product_cat-metal","product_brand-optimum"],"aioseo_notices":[],"_links":{"self":[{"href":"https:\/\/bricofel.com\/site\/wp-json\/wp\/v2\/product\/3088","targetHints":{"allow":["GET"]}}],"collection":[{"href":"https:\/\/bricofel.com\/site\/wp-json\/wp\/v2\/product"}],"about":[{"href":"https:\/\/bricofel.com\/site\/wp-json\/wp\/v2\/types\/product"}],"wp:featuredmedia":[{"embeddable":true,"href":"https:\/\/bricofel.com\/site\/wp-json\/wp\/v2\/media\/3089"}],"wp:attachment":[{"href":"https:\/\/bricofel.com\/site\/wp-json\/wp\/v2\/media?parent=3088"}],"wp:term":[{"taxonomy":"product_cat","embeddable":true,"href":"https:\/\/bricofel.com\/site\/wp-json\/wp\/v2\/product_cat?post=3088"},{"taxonomy":"product_tag","embeddable":true,"href":"https:\/\/bricofel.com\/site\/wp-json\/wp\/v2\/product_tag?post=3088"}],"curies":[{"name":"wp","href":"https:\/\/api.w.org\/{rel}","templated":true}]}}