{"id":3090,"date":"2022-11-09T17:32:39","date_gmt":"2022-11-09T17:32:39","guid":{"rendered":"https:\/\/bricofel.com\/site\/?post_type=product&#038;p=3090"},"modified":"2022-11-09T17:33:13","modified_gmt":"2022-11-09T17:33:13","slug":"optisaw-s-350dg","status":"publish","type":"product","link":"https:\/\/bricofel.com\/site\/product\/optisaw-s-350dg\/","title":{"rendered":"OPTIsaw S 350DG"},"content":{"rendered":"<p>Desenho industrial pesado<br \/>\nExecu\u00e7\u00e3o silenciosa<br \/>\nAlta precis\u00e3o de corte devido ao funcionamento sem vibra\u00e7\u00e3o<br \/>\nDuas velocidades comut\u00e1veis \u200b\u200b36\/72 m\/min.<br \/>\nAjuste de esquadria at\u00e9 -60 \u00b0 girando todo o arco da serra<br \/>\nTorno de desengate r\u00e1pido robusto e de grandes dimens\u00f5es, ajust\u00e1vel atrav\u00e9s de volante. Fixa\u00e7\u00e3o da pe\u00e7a de trabalho com uma alavanca de libera\u00e7\u00e3o r\u00e1pida pr\u00e1tica<br \/>\nTorno de libera\u00e7\u00e3o r\u00e1pida ajust\u00e1vel para materiais grandes<br \/>\nAjuste f\u00e1cil e correto da tens\u00e3o da l\u00e2mina de serra por meio de man\u00f4metro<br \/>\nDe s\u00e9rie com fita de serra bimet\u00e1lica de alta qualidade<br \/>\nParadas finais ajust\u00e1veis \u200b\u200bao grau<br \/>\nescova de chip<br \/>\nGuia de l\u00e2mina de serra com rolamento de esferas com pontas de metal duro para resultados de corte ideais<br \/>\nMovimento da l\u00e2mina de serra preciso e infinitamente ajust\u00e1vel por meio de cilindros hidr\u00e1ulicos<br \/>\nBomba de refrigera\u00e7\u00e3o<br \/>\nAjuste f\u00e1cil da velocidade de descida por meio da v\u00e1lvula de controle de alimenta\u00e7\u00e3o no painel de controle<br \/>\nInterruptor de impacto de parada de emerg\u00eancia<br \/>\nBase de m\u00e1quina robusta<br \/>\nMicrointerruptor para interruptor de limite autom\u00e1tico<br \/>\nSuporte de rolo ajust\u00e1vel para pe\u00e7as longas e pesadas<br \/>\nTotalmente equipado, permitindo que o usu\u00e1rio seja produtivo imediatamente ap\u00f3s o comissionamento<\/p>\n","protected":false},"excerpt":{"rendered":"<p>Desenho industrial pesado Execu\u00e7\u00e3o silenciosa Alta precis\u00e3o de corte devido ao funcionamento sem vibra\u00e7\u00e3o Duas velocidades comut\u00e1veis \u200b\u200b36\/72 m\/min. Ajuste de esquadria at\u00e9 -60 \u00b0 girando todo o arco da serra Torno de desengate r\u00e1pido robusto e de grandes dimens\u00f5es, ajust\u00e1vel atrav\u00e9s de volante. Fixa\u00e7\u00e3o da pe\u00e7a de trabalho com uma alavanca de libera\u00e7\u00e3o r\u00e1pida [&#8230;]\n","protected":false},"featured_media":3091,"template":"","meta":[],"product_cat":[440,439],"product_tag":[],"class_list":["post-3090","product","type-product","status-publish","has-post-thumbnail","hentry","product_cat-maquinas-industriais-metal","product_cat-metal","product_brand-optimum"],"aioseo_notices":[],"_links":{"self":[{"href":"https:\/\/bricofel.com\/site\/wp-json\/wp\/v2\/product\/3090","targetHints":{"allow":["GET"]}}],"collection":[{"href":"https:\/\/bricofel.com\/site\/wp-json\/wp\/v2\/product"}],"about":[{"href":"https:\/\/bricofel.com\/site\/wp-json\/wp\/v2\/types\/product"}],"wp:featuredmedia":[{"embeddable":true,"href":"https:\/\/bricofel.com\/site\/wp-json\/wp\/v2\/media\/3091"}],"wp:attachment":[{"href":"https:\/\/bricofel.com\/site\/wp-json\/wp\/v2\/media?parent=3090"}],"wp:term":[{"taxonomy":"product_cat","embeddable":true,"href":"https:\/\/bricofel.com\/site\/wp-json\/wp\/v2\/product_cat?post=3090"},{"taxonomy":"product_tag","embeddable":true,"href":"https:\/\/bricofel.com\/site\/wp-json\/wp\/v2\/product_tag?post=3090"}],"curies":[{"name":"wp","href":"https:\/\/api.w.org\/{rel}","templated":true}]}}