{"id":3092,"date":"2022-11-09T17:48:59","date_gmt":"2022-11-09T17:48:59","guid":{"rendered":"https:\/\/bricofel.com\/site\/?post_type=product&#038;p=3092"},"modified":"2022-11-09T17:50:25","modified_gmt":"2022-11-09T17:50:25","slug":"optisaw-sp-11v","status":"publish","type":"product","link":"https:\/\/bricofel.com\/site\/product\/optisaw-sp-11v\/","title":{"rendered":"OPTIsaw SP 11V"},"content":{"rendered":"<p>Padr\u00e3o com fita de serra bimet\u00e1lica de alta qualidade<br \/>\nParada de material ajust\u00e1vel para trabalho em s\u00e9rie<br \/>\nBot\u00e3o para o movimento da l\u00e2mina de serra liga e desliga o movimento da l\u00e2mina de serra<br \/>\nPlaca de base com p\u00e9s antiderrapantes<br \/>\nBaixa vibra\u00e7\u00e3o e baixo desgaste devido \u00e0 caixa de engrenagens especial com duas engrenagens de a\u00e7o temperado<br \/>\nMotor de acionamento Vario de baixa velocidade com escovas de carv\u00e3o para uma vida \u00fatil at\u00e9 10 vezes maior<br \/>\nSP 11V<\/p>\n<p>A barra de serra pode ser girada de 0 \u00b0 a + 45 \u00b0 para permitir cortes de serra angulares<br \/>\nSP 13V<\/p>\n<p>A barra de serra pode ser girada de 0 \u00b0 a + 60 \u00b0 para permitir cortes de serra angulares<\/p>\n<p>A serra de fita para metal (conversor de frequ\u00eancia) est\u00e1 em conformidade com a norma DIN EN 55011: Classe C2<\/p>\n","protected":false},"excerpt":{"rendered":"<p>Padr\u00e3o com fita de serra bimet\u00e1lica de alta qualidade Parada de material ajust\u00e1vel para trabalho em s\u00e9rie Bot\u00e3o para o movimento da l\u00e2mina de serra liga e desliga o movimento da l\u00e2mina de serra Placa de base com p\u00e9s antiderrapantes Baixa vibra\u00e7\u00e3o e baixo desgaste devido \u00e0 caixa de engrenagens especial com duas engrenagens de [&#8230;]\n","protected":false},"featured_media":3093,"template":"","meta":[],"product_cat":[440,439],"product_tag":[],"class_list":["post-3092","product","type-product","status-publish","has-post-thumbnail","hentry","product_cat-maquinas-industriais-metal","product_cat-metal","product_brand-optimum"],"aioseo_notices":[],"_links":{"self":[{"href":"https:\/\/bricofel.com\/site\/wp-json\/wp\/v2\/product\/3092","targetHints":{"allow":["GET"]}}],"collection":[{"href":"https:\/\/bricofel.com\/site\/wp-json\/wp\/v2\/product"}],"about":[{"href":"https:\/\/bricofel.com\/site\/wp-json\/wp\/v2\/types\/product"}],"wp:featuredmedia":[{"embeddable":true,"href":"https:\/\/bricofel.com\/site\/wp-json\/wp\/v2\/media\/3093"}],"wp:attachment":[{"href":"https:\/\/bricofel.com\/site\/wp-json\/wp\/v2\/media?parent=3092"}],"wp:term":[{"taxonomy":"product_cat","embeddable":true,"href":"https:\/\/bricofel.com\/site\/wp-json\/wp\/v2\/product_cat?post=3092"},{"taxonomy":"product_tag","embeddable":true,"href":"https:\/\/bricofel.com\/site\/wp-json\/wp\/v2\/product_tag?post=3092"}],"curies":[{"name":"wp","href":"https:\/\/api.w.org\/{rel}","templated":true}]}}