{"id":3096,"date":"2022-11-09T17:59:11","date_gmt":"2022-11-09T17:59:11","guid":{"rendered":"https:\/\/bricofel.com\/site\/?post_type=product&#038;p=3096"},"modified":"2022-11-09T17:59:40","modified_gmt":"2022-11-09T17:59:40","slug":"optibroca-dm-60v","status":"publish","type":"product","link":"https:\/\/bricofel.com\/site\/product\/optibroca-dm-60v\/","title":{"rendered":"OPTIbroca DM 60V"},"content":{"rendered":"<p>Baixo peso: estrutura de magn\u00e9sio fundido<br \/>\nGuia de perfura\u00e7\u00e3o est\u00e1vel devido ao suporte de manga longo e baixo<br \/>\nIdeal para o canteiro de obras: aterrado com isolamento duplo<br \/>\nArranjo seguro do interruptor<br \/>\nAlta for\u00e7a de reten\u00e7\u00e3o magn\u00e9tica<br \/>\nProjeto de alta qualidade<br \/>\nLubrifica\u00e7\u00e3o interna autom\u00e1tica: o refrigerante \u00e9 alimentado diretamente na ponta da broca de coroa<br \/>\nFun\u00e7\u00e3o de autolubrifica\u00e7\u00e3o interna para uma vida \u00fatil mais longa da transmiss\u00e3o<br \/>\nConvers\u00e3o de macho para perfura\u00e7\u00e3o total em apenas alguns passos<br \/>\nDetalhes do equipamento:<\/p>\n<p>Motor<br \/>\npoderoso<br \/>\nTorque elevado<br \/>\nBaixa manuten\u00e7\u00e3o<br \/>\nGuias<\/p>\n<p>Guias seguras para estabilidade e precis\u00e3o<br \/>\nTanque de refrigerante<\/p>\n<p>remov\u00edvel<br \/>\nFixa\u00e7\u00e3o externa<br \/>\nCuidadosamente considerado e pr\u00e1tico<br \/>\nAl\u00e7as<\/p>\n<p>Punhos ergon\u00f3micos e robustos para uma fixa\u00e7\u00e3o e fixa\u00e7\u00e3o &#8220;equilibradas&#8221; da m\u00e1quina<br \/>\nManivela robusta<br \/>\nSuporte do eixo<\/p>\n<p>suporte MK<br \/>\nHaste Weldon<br \/>\nVelocidade<\/p>\n<p>Ajust\u00e1vel continuamente<\/p>\n","protected":false},"excerpt":{"rendered":"<p>Baixo peso: estrutura de magn\u00e9sio fundido Guia de perfura\u00e7\u00e3o est\u00e1vel devido ao suporte de manga longo e baixo Ideal para o canteiro de obras: aterrado com isolamento duplo Arranjo seguro do interruptor Alta for\u00e7a de reten\u00e7\u00e3o magn\u00e9tica Projeto de alta qualidade Lubrifica\u00e7\u00e3o interna autom\u00e1tica: o refrigerante \u00e9 alimentado diretamente na ponta da broca de coroa [&#8230;]\n","protected":false},"featured_media":3097,"template":"","meta":[],"product_cat":[440,439],"product_tag":[],"class_list":["post-3096","product","type-product","status-publish","has-post-thumbnail","hentry","product_cat-maquinas-industriais-metal","product_cat-metal","product_brand-optimum"],"aioseo_notices":[],"_links":{"self":[{"href":"https:\/\/bricofel.com\/site\/wp-json\/wp\/v2\/product\/3096","targetHints":{"allow":["GET"]}}],"collection":[{"href":"https:\/\/bricofel.com\/site\/wp-json\/wp\/v2\/product"}],"about":[{"href":"https:\/\/bricofel.com\/site\/wp-json\/wp\/v2\/types\/product"}],"wp:featuredmedia":[{"embeddable":true,"href":"https:\/\/bricofel.com\/site\/wp-json\/wp\/v2\/media\/3097"}],"wp:attachment":[{"href":"https:\/\/bricofel.com\/site\/wp-json\/wp\/v2\/media?parent=3096"}],"wp:term":[{"taxonomy":"product_cat","embeddable":true,"href":"https:\/\/bricofel.com\/site\/wp-json\/wp\/v2\/product_cat?post=3096"},{"taxonomy":"product_tag","embeddable":true,"href":"https:\/\/bricofel.com\/site\/wp-json\/wp\/v2\/product_tag?post=3096"}],"curies":[{"name":"wp","href":"https:\/\/api.w.org\/{rel}","templated":true}]}}