{"id":3098,"date":"2022-11-09T18:00:08","date_gmt":"2022-11-09T18:00:08","guid":{"rendered":"https:\/\/bricofel.com\/site\/?post_type=product&#038;p=3098"},"modified":"2022-11-09T18:02:19","modified_gmt":"2022-11-09T18:02:19","slug":"optibroca-dm-36vt","status":"publish","type":"product","link":"https:\/\/bricofel.com\/site\/product\/optibroca-dm-36vt\/","title":{"rendered":"OPTIbroca DM 36VT"},"content":{"rendered":"<p>Projeto de alta qualidade<br \/>\nGuias de cauda de andorinha dupla<br \/>\nBot\u00e3o eletr\u00f4nico para mudan\u00e7a de dire\u00e7\u00e3o<br \/>\nIdeal para canteiro de obras: terra e com isolamento duplo<br \/>\nOrienta\u00e7\u00e3o de perfura\u00e7\u00e3o est\u00e1vel atrav\u00e9s do design de suporte de manga longa e baixa<br \/>\nLubrifica\u00e7\u00e3o interna autom\u00e1tica: o refrigerante \u00e9 alimentado diretamente na ponta da broca de coroa<br \/>\nArranjo seguro do interruptor<br \/>\nAlta for\u00e7a magn\u00e9tica<br \/>\nTransmiss\u00e3o do c\u00e1rter de \u00f3leo para uma longa vida \u00fatil<br \/>\nFun\u00e7\u00e3o segura e confi\u00e1vel<br \/>\nsuporte do fuso MK<br \/>\nConvers\u00e3o do n\u00facleo para perfura\u00e7\u00e3o total com apenas alguns passos<\/p>\n","protected":false},"excerpt":{"rendered":"<p>Poderosa m\u00e1quina multifuncional com fun\u00e7\u00e3o de rosque amento de rosca para implanta\u00e7\u00e3o profissional na ind\u00fastria e com\u00e9rcio.<\/p>\n","protected":false},"featured_media":3099,"template":"","meta":[],"product_cat":[440,439],"product_tag":[],"class_list":["post-3098","product","type-product","status-publish","has-post-thumbnail","hentry","product_cat-maquinas-industriais-metal","product_cat-metal","product_brand-optimum"],"aioseo_notices":[],"_links":{"self":[{"href":"https:\/\/bricofel.com\/site\/wp-json\/wp\/v2\/product\/3098","targetHints":{"allow":["GET"]}}],"collection":[{"href":"https:\/\/bricofel.com\/site\/wp-json\/wp\/v2\/product"}],"about":[{"href":"https:\/\/bricofel.com\/site\/wp-json\/wp\/v2\/types\/product"}],"wp:featuredmedia":[{"embeddable":true,"href":"https:\/\/bricofel.com\/site\/wp-json\/wp\/v2\/media\/3099"}],"wp:attachment":[{"href":"https:\/\/bricofel.com\/site\/wp-json\/wp\/v2\/media?parent=3098"}],"wp:term":[{"taxonomy":"product_cat","embeddable":true,"href":"https:\/\/bricofel.com\/site\/wp-json\/wp\/v2\/product_cat?post=3098"},{"taxonomy":"product_tag","embeddable":true,"href":"https:\/\/bricofel.com\/site\/wp-json\/wp\/v2\/product_tag?post=3098"}],"curies":[{"name":"wp","href":"https:\/\/api.w.org\/{rel}","templated":true}]}}