{"id":3101,"date":"2022-11-09T18:02:37","date_gmt":"2022-11-09T18:02:37","guid":{"rendered":"https:\/\/bricofel.com\/site\/?post_type=product&#038;p=3101"},"modified":"2022-11-09T18:04:52","modified_gmt":"2022-11-09T18:04:52","slug":"optidrill-dm-38vf","status":"publish","type":"product","link":"https:\/\/bricofel.com\/site\/product\/optidrill-dm-38vf\/","title":{"rendered":"OPTIdrill DM 38VF"},"content":{"rendered":"<p>Engrenagem de dentes retos projetada para uso cont\u00ednuo<br \/>\nIdeal para trabalhos em a\u00e7o, engenharia automotiva e mec\u00e2nica, etc.<br \/>\nPoderosa for\u00e7a de reten\u00e7\u00e3o magn\u00e9tica para um trabalho seguro<br \/>\nOpera\u00e7\u00e3o ergon\u00f4mica com uma s\u00f3 m\u00e3o devido aos elementos de opera\u00e7\u00e3o dispostos de forma intuitiva<br \/>\nInclui cintas de seguran\u00e7a como padr\u00e3o para trabalhos verticais e suspensos<\/p>\n<p>Detalhes do equipamento:<\/p>\n<p>For\u00e7a de reten\u00e7\u00e3o magn\u00e9tica<br \/>\n\u00cdm\u00e3 poderoso com for\u00e7a de reten\u00e7\u00e3o de 14,5 KN<\/p>\n","protected":false},"excerpt":{"rendered":"<p>A m\u00e1quina para trabalhar em condi\u00e7\u00f5es apertadas. Impressiona com design compacto e inteligente. A engrenagem de dentes retos \u00e9 projetada para opera\u00e7\u00f5es cont\u00ednuas<\/p>\n","protected":false},"featured_media":3102,"template":"","meta":[],"product_cat":[440,439],"product_tag":[],"class_list":["post-3101","product","type-product","status-publish","has-post-thumbnail","hentry","product_cat-maquinas-industriais-metal","product_cat-metal","product_brand-optimum"],"aioseo_notices":[],"_links":{"self":[{"href":"https:\/\/bricofel.com\/site\/wp-json\/wp\/v2\/product\/3101","targetHints":{"allow":["GET"]}}],"collection":[{"href":"https:\/\/bricofel.com\/site\/wp-json\/wp\/v2\/product"}],"about":[{"href":"https:\/\/bricofel.com\/site\/wp-json\/wp\/v2\/types\/product"}],"wp:featuredmedia":[{"embeddable":true,"href":"https:\/\/bricofel.com\/site\/wp-json\/wp\/v2\/media\/3102"}],"wp:attachment":[{"href":"https:\/\/bricofel.com\/site\/wp-json\/wp\/v2\/media?parent=3101"}],"wp:term":[{"taxonomy":"product_cat","embeddable":true,"href":"https:\/\/bricofel.com\/site\/wp-json\/wp\/v2\/product_cat?post=3101"},{"taxonomy":"product_tag","embeddable":true,"href":"https:\/\/bricofel.com\/site\/wp-json\/wp\/v2\/product_tag?post=3101"}],"curies":[{"name":"wp","href":"https:\/\/api.w.org\/{rel}","templated":true}]}}