{"id":3111,"date":"2022-11-09T18:14:17","date_gmt":"2022-11-09T18:14:17","guid":{"rendered":"https:\/\/bricofel.com\/site\/?post_type=product&#038;p=3111"},"modified":"2022-11-09T18:14:59","modified_gmt":"2022-11-09T18:14:59","slug":"optiturn-tm-3310","status":"publish","type":"product","link":"https:\/\/bricofel.com\/site\/product\/optiturn-tm-3310\/","title":{"rendered":"OPTIturn TM 3310"},"content":{"rendered":"<p>Guia do eixo Z endurecido e retificado<br \/>\nConcentricidade garantida do nariz do fuso melhor que 0,015 mm<br \/>\nDC 24 Volt &#8211; el\u00e9trica<br \/>\nEngrenagem de avan\u00e7o suave com rodas dentadas arredondadas em banho de \u00f3leo<br \/>\nVolantes com escala fina ajust\u00e1vel 0,04 \/ 0,02 mm<br \/>\nVolantes de seguran\u00e7a com fun\u00e7\u00e3o de desengate de acordo com EN23125 nos eixos X e Z<br \/>\nRota\u00e7\u00e3o direita\/esquerda comut\u00e1vel no carro<br \/>\nInterruptor direito\/esquerdo de dois canais, testado de acordo com EN 23125<br \/>\nHaste de comuta\u00e7\u00e3o no carro para sele\u00e7\u00e3o de alimenta\u00e7\u00e3o longitudinal ou transversal<br \/>\nInterruptor testado com c\u00e1lculo de ciclo de vida de acordo com EN ISO 13849<br \/>\nFuso principal endurecido montado em rolamentos de rolos c\u00f4nicos ajust\u00e1veis \u200b\u200be precisos<br \/>\nBase da m\u00e1quina em constru\u00e7\u00e3o de a\u00e7o est\u00e1vel<br \/>\nInterruptor de prote\u00e7\u00e3o do motor<br \/>\nMotor principal com freio el\u00e9trico<br \/>\nSuporte de a\u00e7o qu\u00e1druplo<br \/>\nBot\u00e3o de parada de emerg\u00eancia direito e esquerdo<br \/>\nMandril de torno de tr\u00eas garras no escopo de entrega padr\u00e3o<\/p>\n","protected":false},"excerpt":{"rendered":"<p>Os tornos centrais e tornos de barra convencem por sua constru\u00e7\u00e3o est\u00e1vel e f\u00e1cil manuseio. TM 3310D com display digital de posi\u00e7\u00e3o DPA 31<\/p>\n","protected":false},"featured_media":3112,"template":"","meta":[],"product_cat":[440,439],"product_tag":[],"class_list":["post-3111","product","type-product","status-publish","has-post-thumbnail","hentry","product_cat-maquinas-industriais-metal","product_cat-metal","product_brand-optimum"],"aioseo_notices":[],"_links":{"self":[{"href":"https:\/\/bricofel.com\/site\/wp-json\/wp\/v2\/product\/3111","targetHints":{"allow":["GET"]}}],"collection":[{"href":"https:\/\/bricofel.com\/site\/wp-json\/wp\/v2\/product"}],"about":[{"href":"https:\/\/bricofel.com\/site\/wp-json\/wp\/v2\/types\/product"}],"wp:featuredmedia":[{"embeddable":true,"href":"https:\/\/bricofel.com\/site\/wp-json\/wp\/v2\/media\/3112"}],"wp:attachment":[{"href":"https:\/\/bricofel.com\/site\/wp-json\/wp\/v2\/media?parent=3111"}],"wp:term":[{"taxonomy":"product_cat","embeddable":true,"href":"https:\/\/bricofel.com\/site\/wp-json\/wp\/v2\/product_cat?post=3111"},{"taxonomy":"product_tag","embeddable":true,"href":"https:\/\/bricofel.com\/site\/wp-json\/wp\/v2\/product_tag?post=3111"}],"curies":[{"name":"wp","href":"https:\/\/api.w.org\/{rel}","templated":true}]}}