{"id":3127,"date":"2023-05-02T14:16:53","date_gmt":"2023-05-02T14:16:53","guid":{"rendered":"https:\/\/bricofel.com\/site\/?post_type=product&#038;p=3127"},"modified":"2023-05-02T14:20:46","modified_gmt":"2023-05-02T14:20:46","slug":"astra-se-400","status":"publish","type":"product","link":"https:\/\/bricofel.com\/site\/product\/astra-se-400\/","title":{"rendered":"ASTRA SE 400"},"content":{"rendered":"<p>Serra circular Mod. Astra SE 400\/300 para trabalhar madeira. Grupo de l\u00e2minas basculante 0-45\u00b0.<br \/>\nMovimentos manuais da l\u00e2mina de serra (inclina\u00e7\u00e3o e eleva\u00e7\u00e3o).<br \/>\nCarro com rolos, alum\u00ednio anodizado, largura 360 mm. Principais vantagens da mesa deslizante para Astra SE<\/p>\n","protected":false},"excerpt":{"rendered":"<p>Serra circular Mod. Astra SE 400\/300 para trabalhar madeira. Grupo de l\u00e2minas basculante 0-45\u00b0. Movimentos manuais da l\u00e2mina de serra (inclina\u00e7\u00e3o e eleva\u00e7\u00e3o). Carro com rolos, alum\u00ednio anodizado, largura 360 mm. Principais vantagens da mesa deslizante para Astra SE<\/p>\n","protected":false},"featured_media":3128,"template":"","meta":[],"product_cat":[121,436],"product_tag":[],"class_list":["post-3127","product","type-product","status-publish","has-post-thumbnail","hentry","product_cat-madeira","product_cat-maquinas-de-producao-industrial","product_brand-casolin"],"aioseo_notices":[],"_links":{"self":[{"href":"https:\/\/bricofel.com\/site\/wp-json\/wp\/v2\/product\/3127","targetHints":{"allow":["GET"]}}],"collection":[{"href":"https:\/\/bricofel.com\/site\/wp-json\/wp\/v2\/product"}],"about":[{"href":"https:\/\/bricofel.com\/site\/wp-json\/wp\/v2\/types\/product"}],"wp:featuredmedia":[{"embeddable":true,"href":"https:\/\/bricofel.com\/site\/wp-json\/wp\/v2\/media\/3128"}],"wp:attachment":[{"href":"https:\/\/bricofel.com\/site\/wp-json\/wp\/v2\/media?parent=3127"}],"wp:term":[{"taxonomy":"product_cat","embeddable":true,"href":"https:\/\/bricofel.com\/site\/wp-json\/wp\/v2\/product_cat?post=3127"},{"taxonomy":"product_tag","embeddable":true,"href":"https:\/\/bricofel.com\/site\/wp-json\/wp\/v2\/product_tag?post=3127"}],"curies":[{"name":"wp","href":"https:\/\/api.w.org\/{rel}","templated":true}]}}