{"id":3142,"date":"2023-10-25T15:19:33","date_gmt":"2023-10-25T15:19:33","guid":{"rendered":"https:\/\/bricofel.com\/site\/?post_type=product&#038;p=3142"},"modified":"2023-10-25T15:22:15","modified_gmt":"2023-10-25T15:22:15","slug":"bodor-itower","status":"publish","type":"product","link":"https:\/\/bricofel.com\/site\/product\/bodor-itower\/","title":{"rendered":"BODOR &#8211; iTower"},"content":{"rendered":"<p><strong>Controle Inteligente<\/strong><br \/>\nA opera\u00e7\u00e3o colaborativa entre o sistema de carga e descarga e a m\u00e1quina de corte a laser torna opcional o modo automatizado para processamento circular totalmente automatizado e processamento de ciclo \u00fanico.<\/p>\n<p><strong>Carregamento automatizado<\/strong><br \/>\nA torre de armazenamento prepara automaticamente as chapas de a\u00e7o necess\u00e1rias para o pr\u00f3ximo processo e coloque as folhas na mesa de pr\u00e9-carregamento de acordo com as distribui\u00e7\u00f5es de processo pelo sistema de controle.<\/p>\n<p><strong>Pequeno Espa\u00e7o Ocupado<\/strong><br \/>\nO design de estrutura de fun\u00e7\u00e3o completa recentemente compacta da torre de armazenamento requer um pequeno espa\u00e7o de trabalho para instala\u00e7\u00e3o e executa uma aplica\u00e7\u00e3o flex\u00edvel.<\/p>\n<p><strong>Fun\u00e7\u00e3o de detec\u00e7\u00e3o de chapa met\u00e1lica<\/strong><br \/>\nCom a fun\u00e7\u00e3o de detec\u00e7\u00e3o de acordo com o processamento de pedidos sob carregamento, a torre de armazenamento fornece um lembrete para adi\u00e7\u00e3o manual de material quando as folhas n\u00e3o s\u00e3o suficientes.<br \/>\n<strong><br \/>\nAmpla gama de materiais de processamento<\/strong><br \/>\nGra\u00e7as \u00e0 estrutura da ventosa, o iTower pode processar v\u00e1rios tipos de materiais, incluindo a\u00e7o carbono, a\u00e7o inoxid\u00e1vel, alum\u00ednio, lat\u00e3o, etc.<\/p>\n","protected":false},"excerpt":{"rendered":"<p>Torre de armazenamento de m\u00f3dulo \u00fanico<\/p>\n","protected":false},"featured_media":3143,"template":"","meta":[],"product_cat":[440,439],"product_tag":[],"class_list":["post-3142","product","type-product","status-publish","has-post-thumbnail","hentry","product_cat-maquinas-industriais-metal","product_cat-metal","product_brand-bodor"],"aioseo_notices":[],"_links":{"self":[{"href":"https:\/\/bricofel.com\/site\/wp-json\/wp\/v2\/product\/3142","targetHints":{"allow":["GET"]}}],"collection":[{"href":"https:\/\/bricofel.com\/site\/wp-json\/wp\/v2\/product"}],"about":[{"href":"https:\/\/bricofel.com\/site\/wp-json\/wp\/v2\/types\/product"}],"wp:featuredmedia":[{"embeddable":true,"href":"https:\/\/bricofel.com\/site\/wp-json\/wp\/v2\/media\/3143"}],"wp:attachment":[{"href":"https:\/\/bricofel.com\/site\/wp-json\/wp\/v2\/media?parent=3142"}],"wp:term":[{"taxonomy":"product_cat","embeddable":true,"href":"https:\/\/bricofel.com\/site\/wp-json\/wp\/v2\/product_cat?post=3142"},{"taxonomy":"product_tag","embeddable":true,"href":"https:\/\/bricofel.com\/site\/wp-json\/wp\/v2\/product_tag?post=3142"}],"curies":[{"name":"wp","href":"https:\/\/api.w.org\/{rel}","templated":true}]}}