{"id":404,"date":"2022-06-21T14:13:58","date_gmt":"2022-06-21T14:13:58","guid":{"rendered":"https:\/\/bricofel.com\/site\/?post_type=product&#038;p=404"},"modified":"2022-06-21T14:49:55","modified_gmt":"2022-06-21T14:49:55","slug":"gbw22p","status":"publish","type":"product","link":"https:\/\/bricofel.com\/site\/product\/gbw22p\/","title":{"rendered":"GBW22P"},"content":{"rendered":"<table class=\"k-group-container psTable2Cols main-features\">\n<thead>\n<tr>\n<th class=\"k-group-label\" colspan=\"5\">CARACTER\u00cdSTICAS PRINCIPAIS<\/th>\n<\/tr>\n<\/thead>\n<tbody>\n<tr class=\"k-characteristic-container\">\n<td class=\"k-reference\"><\/td>\n<td class=\"k-label\">Frequ\u00eancia<\/td>\n<td class=\"k-symbol\"><\/td>\n<td class=\"k-uom\">Hz<\/td>\n<td class=\"k-value\">50<\/td>\n<\/tr>\n<tr class=\"k-characteristic-container\">\n<td class=\"k-reference\"><\/td>\n<td class=\"k-label\">Tens\u00e3o<\/td>\n<td class=\"k-symbol\"><\/td>\n<td class=\"k-uom\">V<\/td>\n<td class=\"k-value\">400<\/td>\n<\/tr>\n<tr class=\"k-characteristic-container\">\n<td class=\"k-reference\"><\/td>\n<td class=\"k-label\">Fator de Pot\u00eancia<\/td>\n<td class=\"k-symbol\"><\/td>\n<td class=\"k-uom\">cos \u03d5<\/td>\n<td class=\"k-value\">0.8<\/td>\n<\/tr>\n<tr class=\"k-characteristic-container\">\n<td class=\"k-reference\"><\/td>\n<td class=\"k-label\">N\u00ba de fases<\/td>\n<td class=\"k-symbol\"><\/td>\n<td class=\"k-uom\"><\/td>\n<td class=\"k-value\">3<\/td>\n<\/tr>\n<\/tbody>\n<\/table>\n<table class=\"k-group-container psTable2Cols psPageBreak power-rating\">\n<thead>\n<tr>\n<th class=\"k-group-label\" colspan=\"5\">POT\u00caNCIA<\/th>\n<\/tr>\n<\/thead>\n<tbody>\n<tr class=\"k-characteristic-container\">\n<td class=\"k-reference\"><\/td>\n<td class=\"k-label\">Pot\u00eancia M\u00e1xima LTP<\/td>\n<td class=\"k-symbol\"><\/td>\n<td class=\"k-uom\">kVA<\/td>\n<td class=\"k-value\">21.82<\/td>\n<\/tr>\n<tr class=\"k-characteristic-container\">\n<td class=\"k-reference\"><\/td>\n<td class=\"k-label\">Pot\u00eancia M\u00e1xima LTP<\/td>\n<td class=\"k-symbol\"><\/td>\n<td class=\"k-uom\">kW<\/td>\n<td class=\"k-value\">17.46<\/td>\n<\/tr>\n<tr class=\"k-characteristic-container\">\n<td class=\"k-reference\"><\/td>\n<td class=\"k-label\">Pot\u00eancia Cont\u00ednua PRP<\/td>\n<td class=\"k-symbol\"><\/td>\n<td class=\"k-uom\">kVA<\/td>\n<td class=\"k-value\">19.78<\/td>\n<\/tr>\n<tr class=\"k-characteristic-container\">\n<td class=\"k-reference\"><\/td>\n<td class=\"k-label\">Pot\u00eancia Cont\u00ednua PRP<\/td>\n<td class=\"k-symbol\"><\/td>\n<td class=\"k-uom\">kW<\/td>\n<td class=\"k-value\">15.82<\/td>\n<\/tr>\n<\/tbody>\n<\/table>\n<table class=\"k-group-container pb-before psTable2Cols psPageBreak\">\n<thead>\n<tr>\n<th class=\"k-group-label\" colspan=\"5\">ESPECIFICA\u00c7\u00d5ES DE MOTOR<\/th>\n<\/tr>\n<\/thead>\n<tbody>\n<tr class=\"k-characteristic-container\">\n<td class=\"k-reference\"><\/td>\n<td class=\"k-label\">Fabricante do Motor<\/td>\n<td class=\"k-symbol\"><\/td>\n<td class=\"k-uom\"><\/td>\n<td class=\"k-value\">Perkins<\/td>\n<\/tr>\n<\/tbody>\n<\/table>\n<table class=\"k-group-container pb-before psTable2Cols\">\n<thead>\n<tr>\n<th class=\"k-group-label\" colspan=\"5\">ESPECIFICA\u00c7\u00d5ES DE ALTERNADOR<\/th>\n<\/tr>\n<\/thead>\n<tbody>\n<tr class=\"k-characteristic-container pComponent\">\n<td class=\"k-reference\"><\/td>\n<td class=\"k-label\">Alternador<\/td>\n<td class=\"k-symbol\"><\/td>\n<td class=\"k-uom\"><\/td>\n<td class=\"k-value\">Linz<\/td>\n<\/tr>\n<\/tbody>\n<\/table>\n","protected":false},"excerpt":{"rendered":"<p>CARACTER\u00cdSTICAS PRINCIPAIS Frequ\u00eancia Hz 50 Tens\u00e3o V 400 Fator de Pot\u00eancia cos \u03d5 0.8 N\u00ba de fases 3 POT\u00caNCIA Pot\u00eancia M\u00e1xima LTP kVA 21.82 Pot\u00eancia M\u00e1xima LTP kW 17.46 Pot\u00eancia Cont\u00ednua PRP kVA 19.78 Pot\u00eancia Cont\u00ednua PRP kW 15.82 ESPECIFICA\u00c7\u00d5ES DE MOTOR Fabricante do Motor Perkins ESPECIFICA\u00c7\u00d5ES DE ALTERNADOR Alternador Linz<\/p>\n","protected":false},"featured_media":405,"template":"","meta":[],"product_cat":[70,71],"product_tag":[],"class_list":["post-404","product","type-product","status-publish","has-post-thumbnail","hentry","product_cat-energia","product_cat-geradores-estacionarios","product_brand-pramac"],"aioseo_notices":[],"_links":{"self":[{"href":"https:\/\/bricofel.com\/site\/wp-json\/wp\/v2\/product\/404","targetHints":{"allow":["GET"]}}],"collection":[{"href":"https:\/\/bricofel.com\/site\/wp-json\/wp\/v2\/product"}],"about":[{"href":"https:\/\/bricofel.com\/site\/wp-json\/wp\/v2\/types\/product"}],"wp:featuredmedia":[{"embeddable":true,"href":"https:\/\/bricofel.com\/site\/wp-json\/wp\/v2\/media\/405"}],"wp:attachment":[{"href":"https:\/\/bricofel.com\/site\/wp-json\/wp\/v2\/media?parent=404"}],"wp:term":[{"taxonomy":"product_cat","embeddable":true,"href":"https:\/\/bricofel.com\/site\/wp-json\/wp\/v2\/product_cat?post=404"},{"taxonomy":"product_tag","embeddable":true,"href":"https:\/\/bricofel.com\/site\/wp-json\/wp\/v2\/product_tag?post=404"}],"curies":[{"name":"wp","href":"https:\/\/api.w.org\/{rel}","templated":true}]}}