{"id":412,"date":"2022-06-21T14:30:32","date_gmt":"2022-06-21T14:30:32","guid":{"rendered":"https:\/\/bricofel.com\/site\/?post_type=product&#038;p=412"},"modified":"2022-06-21T14:46:54","modified_gmt":"2022-06-21T14:46:54","slug":"mp34-2","status":"publish","type":"product","link":"https:\/\/bricofel.com\/site\/product\/mp34-2\/","title":{"rendered":"MP34-2"},"content":{"rendered":"<table class=\"k-group-container psTable2Cols main-features\">\n<thead>\n<tr>\n<th class=\"k-group-label\" colspan=\"5\">CARACTER\u00cdSTICAS PRINCIPAIS<\/th>\n<\/tr>\n<\/thead>\n<tbody>\n<tr class=\"k-characteristic-container\">\n<td class=\"k-reference\"><\/td>\n<td class=\"k-label\">Tipo<\/td>\n<td class=\"k-symbol\"><\/td>\n<td class=\"k-uom\"><\/td>\n<td class=\"k-value\">Trash<\/td>\n<\/tr>\n<tr class=\"k-characteristic-container\">\n<td class=\"k-reference\"><\/td>\n<td class=\"k-label\">M\u00e1ximo de Suc\u00e7\u00e3o<\/td>\n<td class=\"k-symbol\"><\/td>\n<td class=\"k-uom\">m<\/td>\n<td class=\"k-value\">8<\/td>\n<\/tr>\n<tr class=\"k-characteristic-container\">\n<td class=\"k-reference\"><\/td>\n<td class=\"k-label\">Altura M\u00e1xima<\/td>\n<td class=\"k-symbol\"><\/td>\n<td class=\"k-uom\">m<\/td>\n<td class=\"k-value\">30<\/td>\n<\/tr>\n<tr class=\"k-characteristic-container\">\n<td class=\"k-reference\"><\/td>\n<td class=\"k-label\">Vaz\u00e3o M\u00e1xima<\/td>\n<td class=\"k-symbol\"><\/td>\n<td class=\"k-uom\">l\/min<\/td>\n<td class=\"k-value\">700<\/td>\n<\/tr>\n<\/tbody>\n<\/table>\n<table class=\"k-group-container pb-before psTable2Cols psPageBreak\">\n<thead>\n<tr>\n<th class=\"k-group-label\" colspan=\"5\">ESPECIFICA\u00c7\u00d5ES DE MOTOR<\/th>\n<\/tr>\n<\/thead>\n<tbody>\n<tr class=\"k-characteristic-container\">\n<td class=\"k-reference\"><\/td>\n<td class=\"k-label\">Fabricante do Motor<\/td>\n<td class=\"k-symbol\"><\/td>\n<td class=\"k-uom\"><\/td>\n<td class=\"k-value\">Honda<\/td>\n<\/tr>\n<tr class=\"k-characteristic-container\">\n<td class=\"k-reference\"><\/td>\n<td class=\"k-label\">Tipo de arranque<\/td>\n<td class=\"k-symbol\"><\/td>\n<td class=\"k-uom\"><\/td>\n<td class=\"k-value\">Recoil<\/td>\n<\/tr>\n<\/tbody>\n<\/table>\n","protected":false},"excerpt":{"rendered":"<p>CARACTER\u00cdSTICAS PRINCIPAIS Tipo Trash M\u00e1ximo de Suc\u00e7\u00e3o m 8 Altura M\u00e1xima m 30 Vaz\u00e3o M\u00e1xima l\/min 700 ESPECIFICA\u00c7\u00d5ES DE MOTOR Fabricante do Motor Honda Tipo de arranque Recoil<\/p>\n","protected":false},"featured_media":413,"template":"","meta":[],"product_cat":[70,74],"product_tag":[],"class_list":["post-412","product","type-product","status-publish","has-post-thumbnail","hentry","product_cat-energia","product_cat-motobombas","product_brand-pramac"],"aioseo_notices":[],"_links":{"self":[{"href":"https:\/\/bricofel.com\/site\/wp-json\/wp\/v2\/product\/412","targetHints":{"allow":["GET"]}}],"collection":[{"href":"https:\/\/bricofel.com\/site\/wp-json\/wp\/v2\/product"}],"about":[{"href":"https:\/\/bricofel.com\/site\/wp-json\/wp\/v2\/types\/product"}],"wp:featuredmedia":[{"embeddable":true,"href":"https:\/\/bricofel.com\/site\/wp-json\/wp\/v2\/media\/413"}],"wp:attachment":[{"href":"https:\/\/bricofel.com\/site\/wp-json\/wp\/v2\/media?parent=412"}],"wp:term":[{"taxonomy":"product_cat","embeddable":true,"href":"https:\/\/bricofel.com\/site\/wp-json\/wp\/v2\/product_cat?post=412"},{"taxonomy":"product_tag","embeddable":true,"href":"https:\/\/bricofel.com\/site\/wp-json\/wp\/v2\/product_tag?post=412"}],"curies":[{"name":"wp","href":"https:\/\/api.w.org\/{rel}","templated":true}]}}