{"id":422,"date":"2022-06-21T15:05:05","date_gmt":"2022-06-21T15:05:05","guid":{"rendered":"https:\/\/bricofel.com\/site\/?post_type=product&#038;p=422"},"modified":"2022-06-21T15:11:18","modified_gmt":"2022-06-21T15:11:18","slug":"raasm-bomba-de-oleo-pneumatica-bidon-764","status":"publish","type":"product","link":"https:\/\/bricofel.com\/site\/product\/raasm-bomba-de-oleo-pneumatica-bidon-764\/","title":{"rendered":"RAASM BOMBA DE \u00d3LEO PNEUM\u00c1TICA BIDON 764"},"content":{"rendered":"<p>RAASM BOMBA DE \u00d3LEO PNEUM\u00c1TICA BIDON 180\/220 KG 36096<\/p>\n<p>Pneum\u00e1tica (5:1) de duplo efeeito<br \/>\nD\u00e9bito 18l\/min<br \/>\nCom adaptador 42 mm<br \/>\nTubo de suc\u00e7\u00e3o 940 mm<br \/>\nBidons 180\/220 Kg<\/p>\n<p>REF: 76436096<\/p>\n","protected":false},"excerpt":{"rendered":"<p>RAASM BOMBA DE \u00d3LEO PNEUM\u00c1TICA BIDON 180\/220 KG 36096 Pneum\u00e1tica (5:1) de duplo efeeito D\u00e9bito 18l\/min Com adaptador 42 mm Tubo de suc\u00e7\u00e3o 940 mm Bidons 180\/220 Kg REF: 76436096<\/p>\n","protected":false},"featured_media":424,"template":"","meta":[],"product_cat":[76,75],"product_tag":[],"class_list":["post-422","product","type-product","status-publish","has-post-thumbnail","hentry","product_cat-bombas-de-oleo-e-massa","product_cat-oficina-auto"],"aioseo_notices":[],"_links":{"self":[{"href":"https:\/\/bricofel.com\/site\/wp-json\/wp\/v2\/product\/422","targetHints":{"allow":["GET"]}}],"collection":[{"href":"https:\/\/bricofel.com\/site\/wp-json\/wp\/v2\/product"}],"about":[{"href":"https:\/\/bricofel.com\/site\/wp-json\/wp\/v2\/types\/product"}],"wp:featuredmedia":[{"embeddable":true,"href":"https:\/\/bricofel.com\/site\/wp-json\/wp\/v2\/media\/424"}],"wp:attachment":[{"href":"https:\/\/bricofel.com\/site\/wp-json\/wp\/v2\/media?parent=422"}],"wp:term":[{"taxonomy":"product_cat","embeddable":true,"href":"https:\/\/bricofel.com\/site\/wp-json\/wp\/v2\/product_cat?post=422"},{"taxonomy":"product_tag","embeddable":true,"href":"https:\/\/bricofel.com\/site\/wp-json\/wp\/v2\/product_tag?post=422"}],"curies":[{"name":"wp","href":"https:\/\/api.w.org\/{rel}","templated":true}]}}