{"id":836,"date":"2022-06-22T16:57:12","date_gmt":"2022-06-22T16:57:12","guid":{"rendered":"https:\/\/bricofel.com\/site\/?post_type=product&#038;p=836"},"modified":"2022-06-22T16:57:14","modified_gmt":"2022-06-22T16:57:14","slug":"berbequim-aparafusador-df001gz","status":"publish","type":"product","link":"https:\/\/bricofel.com\/site\/product\/berbequim-aparafusador-df001gz\/","title":{"rendered":"Berbequim aparafusador DF001GZ"},"content":{"rendered":"<div class=\"techspecs--row\">\n<div class=\"techspecs--row-specification\">Tens\u00e3o nominal da bateria<\/div>\n<div class=\"techspecs--row-value\">40Vm\u00e1x<\/div>\n<\/div>\n<div class=\"techspecs--row\">\n<div class=\"techspecs--row-specification\">Tipo de bateria<\/div>\n<div class=\"techspecs--row-value\">XGT<\/div>\n<\/div>\n<div class=\"techspecs--row\">\n<div class=\"techspecs--row-specification\">Motor<\/div>\n<div class=\"techspecs--row-value\">BL<\/div>\n<\/div>\n<div class=\"techspecs--row\">\n<div class=\"techspecs--row-specification\">RPM alta<\/div>\n<div class=\"techspecs--row-value\">0 &#8211; 2.600 Rpm<\/div>\n<\/div>\n<div class=\"techspecs--row\">\n<div class=\"techspecs--row-specification\">RPM baixo<\/div>\n<div class=\"techspecs--row-value\">0 &#8211; 650 Rpm<\/div>\n<\/div>\n<div class=\"techspecs--row\">\n<div class=\"techspecs--row-specification\">Posi\u00e7\u00f5es de par de aperto<\/div>\n<div class=\"techspecs--row-value\">41\/21<\/div>\n<\/div>\n<div class=\"techspecs--row\">\n<div class=\"techspecs--row-specification\">Par m\u00e1x. de aperto junta dura<\/div>\n<div class=\"techspecs--row-value\">140 Nm<\/div>\n<\/div>\n<div class=\"techspecs--row\">\n<div class=\"techspecs--row-specification\">Par m\u00e1x. de aperto junta branda<\/div>\n<div class=\"techspecs--row-value\">68 Nm<\/div>\n<\/div>\n<div class=\"techspecs--row\">\n<div class=\"techspecs--row-specification\"><\/div>\n<div class=\"techspecs--row-value\">125 Nm<\/div>\n<\/div>\n<div class=\"techspecs--row\">\n<div class=\"techspecs--row-specification\">Capacidade portabrocas<\/div>\n<div class=\"techspecs--row-value\">1,5 &#8211; 13 mm<\/div>\n<\/div>\n<div class=\"techspecs--row\">\n<div class=\"techspecs--row-specification\">Velocidade vari\u00e1vel (interruptor)<\/div>\n<div class=\"techspecs--row-value\"><\/div>\n<\/div>\n<div class=\"techspecs--row\">\n<div class=\"techspecs--row-specification\">Bloqueio do eixo<\/div>\n<div class=\"techspecs--row-value\"><\/div>\n<\/div>\n<div class=\"techspecs--row\">\n<div class=\"techspecs--row-specification\">Velocidades Mec\u00e2nicas<\/div>\n<div class=\"techspecs--row-value\">2<\/div>\n<\/div>\n<div class=\"techspecs--row\">\n<div class=\"techspecs--row-specification\">Trav\u00e3o el\u00e9ctrico<\/div>\n<div class=\"techspecs--row-value\"><\/div>\n<\/div>\n<div class=\"techspecs--row\">\n<div class=\"techspecs--row-specification\">Ilumina\u00e7\u00e3o integrada<\/div>\n<div class=\"techspecs--row-value\"><\/div>\n<\/div>\n<div class=\"techspecs--row\">\n<div class=\"techspecs--row-specification\">Punho antideslizante<\/div>\n<div class=\"techspecs--row-value\"><\/div>\n<\/div>\n<div class=\"techspecs--row\">\n<div class=\"techspecs--row-specification\">Portabrocas autom\u00e1tico<\/div>\n<div class=\"techspecs--row-value\"><\/div>\n<\/div>\n<div class=\"techspecs--row\">\n<div class=\"techspecs--row-specification\">Press\u00e3o sonora<\/div>\n<div class=\"techspecs--row-value\">85,00 dB(A)<\/div>\n<\/div>\n<div class=\"techspecs--row\">\n<div class=\"techspecs--row-specification\">Pot\u00eancia sonora<\/div>\n<div class=\"techspecs--row-value\">96,00 dB(A)<\/div>\n<\/div>\n<div class=\"techspecs--row\">\n<div class=\"techspecs--row-specification\">Incerteza (k) sonora<\/div>\n<div class=\"techspecs--row-value\">3,00 dB(A)<\/div>\n<\/div>\n<div class=\"techspecs--row\">\n<div class=\"techspecs--row-specification\">Emiss\u00e3o de vibra\u00e7\u00e3o<\/div>\n<div class=\"techspecs--row-value\">6,00 m\/seg\u00b2<\/div>\n<\/div>\n<div class=\"techspecs--row\">\n<div class=\"techspecs--row-specification\">Incerteza da vibra\u00e7\u00e3o<\/div>\n<div class=\"techspecs--row-value\">1,50 m\/seg\u00b2<\/div>\n<\/div>\n<div class=\"techspecs--row\">\n<div class=\"techspecs--row-specification\">Peso<\/div>\n<div class=\"techspecs--row-value\">3,0 Kg<\/div>\n<\/div>\n<div class=\"techspecs--row\">\n<div class=\"techspecs--row-specification\">Dimens\u00f5es (CxLxA)<\/div>\n<div class=\"techspecs--row-value\">181 x 86 x 282 mm<\/div>\n<\/div>\n<div class=\"techspecs--row\">\n<div class=\"techspecs--row-specification\">Capacidade m\u00e1x. em madeira<\/div>\n<div class=\"techspecs--row-value\">50 mm<\/div>\n<\/div>\n<div class=\"techspecs--row\">\n<div class=\"techspecs--row-specification\">Capacidade m\u00e1x. em metal<\/div>\n<div class=\"techspecs--row-value\">20 mm<\/div>\n<\/div>\n","protected":false},"excerpt":{"rendered":"<p>Berbequim aparafusador 40V m\u00e1ximo.<\/p>\n","protected":false},"featured_media":839,"template":"","meta":[],"product_cat":[106],"product_tag":[],"class_list":["post-836","product","type-product","status-publish","has-post-thumbnail","hentry","product_cat-ferramentas-eletricas","product_brand-makita"],"aioseo_notices":[],"_links":{"self":[{"href":"https:\/\/bricofel.com\/site\/wp-json\/wp\/v2\/product\/836","targetHints":{"allow":["GET"]}}],"collection":[{"href":"https:\/\/bricofel.com\/site\/wp-json\/wp\/v2\/product"}],"about":[{"href":"https:\/\/bricofel.com\/site\/wp-json\/wp\/v2\/types\/product"}],"wp:featuredmedia":[{"embeddable":true,"href":"https:\/\/bricofel.com\/site\/wp-json\/wp\/v2\/media\/839"}],"wp:attachment":[{"href":"https:\/\/bricofel.com\/site\/wp-json\/wp\/v2\/media?parent=836"}],"wp:term":[{"taxonomy":"product_cat","embeddable":true,"href":"https:\/\/bricofel.com\/site\/wp-json\/wp\/v2\/product_cat?post=836"},{"taxonomy":"product_tag","embeddable":true,"href":"https:\/\/bricofel.com\/site\/wp-json\/wp\/v2\/product_tag?post=836"}],"curies":[{"name":"wp","href":"https:\/\/api.w.org\/{rel}","templated":true}]}}